{"id":13,"date":"2025-05-17T20:00:47","date_gmt":"2025-05-17T18:00:47","guid":{"rendered":"https:\/\/klubvss.cz\/?page_id=13"},"modified":"2025-12-17T08:14:29","modified_gmt":"2025-12-17T07:14:29","slug":"klub-vss","status":"publish","type":"page","link":"https:\/\/klubvss.cz\/?page_id=13","title":{"rendered":"Klub Vss"},"content":{"rendered":"\n<p><strong>C\u00edl<\/strong><\/p>\n\n\n\n<ul class=\"wp-block-list\">\n<li>Sdru\u017eovat nejvysp\u011blej\u0161\u00ed chovatele a odborn\u00edky, kte\u0159\u00ed budou soustavnou chovatelskou prac\u00ed trvale zlep\u0161ovat zejm\u00e9na exteri\u00e9rov\u00e9, ale i u\u017eitkov\u00e9 vlastnosti kr\u00e1l\u00edk\u016f plemene Velk\u00fdch sv\u011btl\u00fdch st\u0159\u00edb\u0159it\u00fdch. K\u00a0tomu je zam\u011b\u0159en syst\u00e9m plemen\u00e1\u0159sk\u00e9 pr\u00e1ce, v\u00fdstav a sout\u011b\u017e\u00ed, kter\u00e9 maj\u00ed ka\u017ed\u00e9ho jednotliv\u00e9ho chovatele motivovat a vzd\u011bl\u00e1vat k\u00a0rozvoji chovu.<\/li>\n<\/ul>\n\n\n\n<p><strong>\u010cinnost<\/strong><\/p>\n\n\n\n<ul class=\"wp-block-list\">\n<li>V\u00fdbor klubu se sch\u00e1z\u00ed 2x a\u017e 3x ro\u010dn\u011b.<\/li>\n\n\n\n<li>\u010clensk\u00e1 sch\u016fze pravideln\u011b u p\u0159\u00edle\u017eitosti kon\u00e1n\u00ed speci\u00e1ln\u00ed v\u00fdstavy 1x ro\u010dn\u011b.<\/li>\n\n\n\n<li>Prezentace klubu spo\u010d\u00edv\u00e1 v \u00fa\u010dasti \u010dlen\u016f klubu se sv\u00fdmi odchovy na v\u0161ech stupn\u00edch v\u00fdstav, zejm\u00e9na na n\u00e1rodn\u00edch v\u00fdstav\u00e1ch.<\/li>\n\n\n\n<li>Vrcholem \u010dinnosti je speci\u00e1ln\u00ed klubov\u00e1 v\u00fdstava, po\u0159\u00e1d\u00e1na v\u00a0pravideln\u00e9m term\u00ednu a m\u00edst\u011b.<\/li>\n\n\n\n<li>Klub do sv\u00e9 \u010dinnosti prom\u00edt\u00e1 z\u00e1v\u011bry z jedn\u00e1n\u00ed \u00dast\u0159edn\u00ed odborn\u00e9 komise chovatel\u016f kr\u00e1l\u00edk\u016f \u010cSCH.<\/li>\n\n\n\n<li>Ka\u017ed\u00fd nov\u00fd z\u00e1jemce o \u010dlenstv\u00ed v klubu je v\u00edt\u00e1n.<\/li>\n<\/ul>\n\n\n\n<p><strong>V\u00fdbor<\/strong><\/p>\n\n\n\n<ul class=\"wp-block-list\">\n<li><strong><em>P\u0159edseda:<\/em><\/strong>\u00a0Tom\u00e1\u0161 ANDRLE<\/li>\n\n\n\n<li><em>Jednatel:<\/em>\u00a0Jakub LINEK<\/li>\n\n\n\n<li><em>Pokladn\u00edk:\u00a0<\/em>Gabriela Pila\u0159ov\u00e1<\/li>\n\n\n\n<li><em>Registr\u00e1tor:\u00a0<\/em>Ji\u0159\u00ed \u0160UBR<\/li>\n\n\n\n<li><em>Poradce chovu:<\/em>\u00a0Miroslav CAHA<\/li>\n<\/ul>\n\n\n\n<p><strong><em>Revizn\u00ed komise:<\/em><\/strong><strong><\/strong><\/p>\n\n\n\n<p><strong><em>P\u0159edseda:<\/em><\/strong>\u00a0Josef BRZ\u00c1K<\/p>\n\n\n\n<p><\/p>\n\n\n\n<ol class=\"wp-block-list\">\n<li>Org\u00e1ny klubu jsou:\n<ul class=\"wp-block-list\">\n<li>\u010dlensk\u00e1 sch\u016fze klubu,<\/li>\n\n\n\n<li>v\u00fdbor klubu,<\/li>\n\n\n\n<li>revizn\u00ed komise klubu.<\/li>\n<\/ul>\n<\/li>\n<\/ol>\n","protected":false},"excerpt":{"rendered":"<p>C\u00edl \u010cinnost V\u00fdbor Revizn\u00ed komise: P\u0159edseda:\u00a0Josef BRZ\u00c1K<\/p>\n","protected":false},"author":1,"featured_media":0,"parent":0,"menu_order":-6,"comment_status":"closed","ping_status":"closed","template":"","meta":{"ngg_post_thumbnail":0,"footnotes":""},"class_list":["post-13","page","type-page","status-publish","hentry","nodate","item-wrap"],"_links":{"self":[{"href":"https:\/\/klubvss.cz\/index.php?rest_route=\/wp\/v2\/pages\/13","targetHints":{"allow":["GET"]}}],"collection":[{"href":"https:\/\/klubvss.cz\/index.php?rest_route=\/wp\/v2\/pages"}],"about":[{"href":"https:\/\/klubvss.cz\/index.php?rest_route=\/wp\/v2\/types\/page"}],"author":[{"embeddable":true,"href":"https:\/\/klubvss.cz\/index.php?rest_route=\/wp\/v2\/users\/1"}],"replies":[{"embeddable":true,"href":"https:\/\/klubvss.cz\/index.php?rest_route=%2Fwp%2Fv2%2Fcomments&post=13"}],"version-history":[{"count":2,"href":"https:\/\/klubvss.cz\/index.php?rest_route=\/wp\/v2\/pages\/13\/revisions"}],"predecessor-version":[{"id":130,"href":"https:\/\/klubvss.cz\/index.php?rest_route=\/wp\/v2\/pages\/13\/revisions\/130"}],"wp:attachment":[{"href":"https:\/\/klubvss.cz\/index.php?rest_route=%2Fwp%2Fv2%2Fmedia&parent=13"}],"curies":[{"name":"wp","href":"https:\/\/api.w.org\/{rel}","templated":true}]}}