{"id":138,"date":"2025-05-30T21:45:17","date_gmt":"2025-05-30T19:45:17","guid":{"rendered":"https:\/\/klubvss.cz\/?page_id=138"},"modified":"2025-11-16T21:58:21","modified_gmt":"2025-11-16T20:58:21","slug":"typizacni-kody","status":"publish","type":"page","link":"https:\/\/klubvss.cz\/?page_id=138","title":{"rendered":"Typiza\u010dn\u00ed k\u00f3dy"},"content":{"rendered":"\n<div data-wp-interactive=\"core\/file\" class=\"wp-block-file\"><object data-wp-bind--hidden=\"!state.hasPdfPreview\" hidden class=\"wp-block-file__embed\" data=\"https:\/\/klubvss.cz\/wp-content\/uploads\/2025\/11\/Typizace2010.pdf\" type=\"application\/pdf\" style=\"width:100%;height:600px\" aria-label=\"Vlo\u017eit z Typizace2010.\"><\/object><a id=\"wp-block-file--media-a462c417-42cc-4039-a399-a49ebcc2f346\" href=\"https:\/\/klubvss.cz\/wp-content\/uploads\/2025\/11\/Typizace2010.pdf\">Typizace2010<\/a><a href=\"https:\/\/klubvss.cz\/wp-content\/uploads\/2025\/11\/Typizace2010.pdf\" class=\"wp-block-file__button wp-element-button\" download aria-describedby=\"wp-block-file--media-a462c417-42cc-4039-a399-a49ebcc2f346\">St\u00e1hnout<\/a><\/div>\n","protected":false},"excerpt":{"rendered":"","protected":false},"author":1,"featured_media":0,"parent":56,"menu_order":-3,"comment_status":"closed","ping_status":"closed","template":"","meta":{"ngg_post_thumbnail":0,"footnotes":""},"class_list":["post-138","page","type-page","status-publish","hentry","nodate","item-wrap"],"_links":{"self":[{"href":"https:\/\/klubvss.cz\/index.php?rest_route=\/wp\/v2\/pages\/138","targetHints":{"allow":["GET"]}}],"collection":[{"href":"https:\/\/klubvss.cz\/index.php?rest_route=\/wp\/v2\/pages"}],"about":[{"href":"https:\/\/klubvss.cz\/index.php?rest_route=\/wp\/v2\/types\/page"}],"author":[{"embeddable":true,"href":"https:\/\/klubvss.cz\/index.php?rest_route=\/wp\/v2\/users\/1"}],"replies":[{"embeddable":true,"href":"https:\/\/klubvss.cz\/index.php?rest_route=%2Fwp%2Fv2%2Fcomments&post=138"}],"version-history":[{"count":2,"href":"https:\/\/klubvss.cz\/index.php?rest_route=\/wp\/v2\/pages\/138\/revisions"}],"predecessor-version":[{"id":898,"href":"https:\/\/klubvss.cz\/index.php?rest_route=\/wp\/v2\/pages\/138\/revisions\/898"}],"up":[{"embeddable":true,"href":"https:\/\/klubvss.cz\/index.php?rest_route=\/wp\/v2\/pages\/56"}],"wp:attachment":[{"href":"https:\/\/klubvss.cz\/index.php?rest_route=%2Fwp%2Fv2%2Fmedia&parent=138"}],"curies":[{"name":"wp","href":"https:\/\/api.w.org\/{rel}","templated":true}]}}