{"id":179,"date":"2025-09-08T21:03:52","date_gmt":"2025-09-08T19:03:52","guid":{"rendered":"https:\/\/klubvss.cz\/?page_id=179"},"modified":"2025-12-22T13:22:30","modified_gmt":"2025-12-22T12:22:30","slug":"ing-josef-novak","status":"publish","type":"page","link":"https:\/\/klubvss.cz\/?page_id=179","title":{"rendered":"Ing. Josef Nov\u00e1k"},"content":{"rendered":"\n<p><\/p>\n\n\n\n<p><strong>Rozhovor s\u00a0chovatelem Pepou Nov\u00e1kem: \u017divot s Velk\u00fdmi sv\u011btl\u00fdmi st\u0159\u00edb\u0159it\u00fdmi kr\u00e1l\u00edky\u00a0<\/strong><\/p>\n\n\n\n<p><br>Kr\u00e1l\u00edk pat\u0159\u00ed mezi velmi obl\u00edben\u00e1 zv\u00ed\u0159ata nejen na \u010desk\u00e9m venkov\u011b. V rozhovoru s chovatelem Pepou Nov\u00e1kem k\u00a0p\u0159\u00edle\u017eitosti jeho 85.narozenin jsme se dozv\u011bd\u011bli, jak\u00e9 to je \u017e\u00edt a starat se pr\u00e1v\u011b o plemeno Velk\u00fd sv\u011btl\u00fd st\u0159\u00edb\u0159it\u00fd, kter\u00e9 si z\u00edsk\u00e1v\u00e1 st\u00e1le v\u011bt\u0161\u00ed oblibu mezi \u010desk\u00fdmi chovateli.<\/p>\n\n\n\n\n\n<p><strong>Seznamte se s chovatelem Pepou Nov\u00e1kem<\/strong>\u00a0<\/p>\n\n\n\n<p><br>Ka\u017ed\u00fd, kdo se pohybuje okolo kr\u00e1l\u00edk\u016f Vss zn\u00e1 Pepu Nov\u00e1ka. Pr\u00e1vem dnes pat\u0159\u00ed k v\u00fdznamn\u00fdm osobnostem v oblasti chovu Velk\u00fdch sv\u011btl\u00fdch st\u0159\u00edb\u0159it\u00fdch (Vss), p\u0159i\u010dem\u017e do klubov\u00e9ho \u017eivota je aktivn\u011b zapojen u\u017e od roku 1991.<br>Vzhledem k\u00a0tomu, \u017ee jsem cht\u011bla tuto legendu poznat osobn\u011b, vypravila jsem se do Brtnice, kde se mi dostalo v\u0159el\u00e9ho p\u0159ijet\u00ed. Byla jsem ochotn\u011b provedena cel\u00fdm chovatelsk\u00fdm kr\u00e1lovstv\u00edm a pot\u00e9 jsme dlouze debatovali o chovatelstv\u00ed.<br>P\u0159\u00edtel Pepa Nov\u00e1k, narozen\u00fd v roce 1940 v Cidlin\u011b nedaleko Moravsk\u00fdch Bud\u011bjovic, se v\u011bnuje organizovan\u00e9mu chovu u\u017e od ukon\u010den\u00ed studi\u00ed na zootechnick\u00e9 fakult\u011b Vysok\u00e9 \u0161koly zem\u011bd\u011blsk\u00e9. Velmi k\u00a0tomu pomohla i podpora jeho man\u017eelky, vystudovan\u00e9 dr\u016fbe\u017e\u00e1\u0159ky, se kterou se o\u017eenil v\u00a0roce 1967. P\u0159esto\u017ee je dr\u017eitelem in\u017een\u00fdrsk\u00e9ho titulu, nejrad\u011bji sly\u0161\u00ed prost\u00e9 osloven\u00ed \u201eJo\u017eko\u201c, \u201ePepo\u201c nebo \u201epane Nov\u00e1ku\u201c. Dle jeho slov by se nerad povy\u0161oval nad \u201enein\u017een\u00fdry\u201c a \u201enedoktory\u201c.<\/p>\n\n\n\n<p><strong>Jak jste se dostal k\u00a0chovu kr\u00e1l\u00edk\u016f?<\/strong><\/p>\n\n\n\n<p><br>\u201eKr\u00e1l\u00edci m\u011b prov\u00e1zeli ji\u017e od d\u011btstv\u00ed, kdy moji rodi\u010de hospoda\u0159ili na rodinn\u00e9m statku a j\u00e1 prvn\u00ed zku\u0161enosti sb\u00edral u k\u0159\u00ed\u017eenc\u016f kr\u00e1l\u00edk\u016f a holub\u016f.\u201c\u00a0S\u00e1m \u0159\u00edk\u00e1, \u017ee ho odmali\u010dka obklopovalo spole\u010denstv\u00ed rodi\u010d\u016f, dvou bratr\u016f, ale tak\u00e9 skot, prasata, kon\u011b, dr\u016fbe\u017e, husy, a pr\u00e1v\u011b ji\u017e zmi\u0148ovan\u00ed kr\u00e1l\u00edci. Nejrad\u011bji vzpom\u00edn\u00e1 na to, jak chodil sledovat, kdy\u017e mlad\u00ed kr\u00e1l\u00edci za\u010dali vyl\u00e9zat z\u00a0hn\u00edzda a holoubata ope\u0159ovat. V\u017edy ho zaj\u00edmalo, jak\u00e9 zbarven\u00ed a kresby budou m\u00edt.<\/p>\n\n\n\n<p><strong>\u00a0Pro\u010d pr\u00e1v\u011b Velc\u00ed sv\u011btl\u00ed st\u0159\u00edb\u0159it\u00ed kr\u00e1l\u00edci?\u00a0<\/strong><\/p>\n\n\n\n<p><br>P\u016fvodn\u011b se Pepa v\u011bnoval \u010cesk\u00fdm strak\u00e1\u010d\u016fm, ale jeho man\u017eelce se nel\u00edbila jejich men\u0161\u00ed hmotnost a z\u00a0toho d\u016fvodu hledal plemeno vhodn\u011bj\u0161\u00ed jak po str\u00e1nce v\u00fdstavn\u00ed atraktivity, tak i z ekonomick\u00e9ho hlediska. Nakonec padla volba pr\u00e1v\u011b na kr\u00e1l\u00edka Velk\u00e9ho sv\u011btl\u00e9ho st\u0159\u00edb\u0159it\u00e9ho.<br>\u201eNejen pro n\u00e1v\u0161t\u011bvn\u00edky, ale i pro n\u00e1s byl nesm\u00edrn\u011b zaj\u00edmav\u00fd pohled, jak u zcela sv\u011btl\u00fdch samic pob\u00edhaj\u00ed mal\u00e1 \u010dern\u00e1 kr\u00e1l\u00ed\u010data. Pot\u00e9 n\u00e1sleduje zaj\u00edmav\u00e9 sledov\u00e1n\u00ed p\u0159el\u00edn\u00e1n\u00ed a p\u0159ebarvov\u00e1n\u00ed kr\u00e1l\u00ed\u010dat do sv\u00e9ho typick\u00e9ho st\u0159\u00edb\u0159it\u00e9ho zbarven\u00ed.\u201c- vysv\u011btluje, pro\u010d si pr\u00e1v\u011b Vss z\u00edskal jeho srdce.\u00a0<\/p>\n\n\n\n<p><strong>Ka\u017edodenn\u00ed p\u00e9\u010de o kr\u00e1l\u00edky: Praktiky a filozofie\u00a0<\/strong><\/p>\n\n\n\n<p><br>Pepa vyzn\u00e1v\u00e1 uvoln\u011bnou atmosf\u00e9ru sv\u00e9ho chovu. Jak s\u00e1m \u0159\u00edk\u00e1: \u201eNepat\u0159\u00edm mezi zvl\u00e1\u0161\u0165 po\u0159\u00e1dkumiln\u00e9 chovatele, kte\u0159\u00ed po krmen\u00ed sv\u011bdomit\u011b zametou dl\u00e1\u017ed\u011bnou povahu.\u201c P\u0159ed jeho kr\u00e1l\u00edk\u00e1rnou tak \u010dasto najdete a\u017e t\u0159iceticentimetrovou vrstvu sl\u00e1my a sena. Jeho filozofie je jednoduch\u00e1 \u2013 d\u016fle\u017eit\u011bj\u0161\u00ed, ne\u017e perfektn\u00ed po\u0159\u00e1dek je pohodov\u00e1 atmosf\u00e9ra pro zv\u00ed\u0159ata i lidi. \u201eKdy\u017e nap\u0159\u00edklad kr\u00e1l\u00edk ne\u010dekan\u011b vysko\u010d\u00ed z kotce, dopadne do m\u011bkk\u00e9ho sena a nic se mu nestane. Vypadl\u00e9 krm\u00edtko se nerozbije.\u201c vysv\u011btluje s\u00a0\u00fasm\u011bvem<br>\u00a0V r\u00e1mci ka\u017edodenn\u00edch povinnost\u00ed sleduje plodnost a ml\u00e9\u010dnost sv\u00fdch samic. Tyto ukazatele jsou podle n\u011bj kl\u00ed\u010dov\u00e9 pro \u00fasp\u011b\u0161n\u00fd chov kvalitn\u00edch jedinc\u016f tohoto plemene. Fascinovan\u011b si prohl\u00ed\u017e\u00edm se\u0161it z\u00a0kompletn\u00edmi z\u00e1znamy o odchovech a up\u0159\u00edmn\u011b nech\u00e1pu takovou pe\u010dlivost.<\/p>\n\n\n\n<p>\u00a0<br><strong>V\u00fdzvy a radosti chovu Velk\u00fdch sv\u011btl\u00fdch st\u0159\u00edb\u0159it\u00fdch kr\u00e1l\u00edk\u016f<\/strong><\/p>\n\n\n\n<p><br>\u00a0Chov Vss nen\u00ed jen rutinn\u00edm kon\u00e1n\u00edm povinnost\u00ed; jedn\u00e1 se o ka\u017edodenn\u00ed dobrodru\u017estv\u00ed pln\u00e9 p\u0159ekvapen\u00ed. Radost\u00ed b\u00fdv\u00e1 sledov\u00e1n\u00ed v\u00fdvoje ml\u00e1\u010fat \u2013 od prvn\u00edch dn\u016f po narozen\u00ed a\u017e po dosp\u011blost a dosa\u017een\u00ed spr\u00e1vn\u00e9ho zbarven\u00ed. \u201eKdy\u017e mlad\u00ed za\u010dnou vyl\u00e9zat z hn\u00edzd, je to jako mal\u00e9 objevitelsk\u00e9 dobrodru\u017estv\u00ed,\u201c vzpom\u00edn\u00e1 s \u00fasm\u011bvem Pepa.<br>\u00a0V\u00fdzev tak\u00e9 nen\u00ed m\u00e1lo. Chovatel mus\u00ed dob\u0159e zvl\u00e1dnout genetiku plemene \u2013 spr\u00e1vn\u00fdm v\u00fdb\u011brem rodi\u010dovsk\u00fdch p\u00e1r\u016f ovliv\u0148uje rodokmen budouc\u00edch generac\u00ed i jejich exteri\u00e9r a u\u017eitkovost.<br>\u201eP\u0159i zapou\u0161t\u011bn\u00ed samic rozhodujeme o rodokmenu kr\u00e1l\u00edk\u016f. Rodokmenov\u00e1 hodnota je prvn\u00edm stupn\u011bm hodnocen\u00ed. N\u00e1sleduje sledov\u00e1n\u00ed vlastn\u00ed u\u017eitkovosti\u201c dopl\u0148uje.<br>\u201eA jsme u sout\u011b\u017en\u00ed discipl\u00edny, kter\u00e1 p\u0159in\u00e1\u0161\u00ed zdrav\u00e9 nap\u011bt\u00ed. Na v\u00fdstav\u00e1ch nebo p\u0159i stoln\u00edm bodov\u00e1n\u00ed ohodnot\u00ed posuzovatel\u00e9 exteri\u00e9r na\u0161ich kr\u00e1l\u00edk\u016f.\u201c<br>\u201eT\u0159et\u00edm stupn\u011bm hodnocen\u00ed je kontrola d\u011bdi\u010dnosti \u2013 schopnost p\u0159en\u00e1\u0161et sv\u00e9 vlastnosti na potomstvo. Jej\u00ed prvky m\u00e1me v\u00a0klubov\u00e9 sout\u011b\u017ei s\u00a0n\u00e1zvem \u0160ampion plemen\u00edk\u016f.\u201c vysv\u011btluje a dle mno\u017estv\u00ed poh\u00e1r\u016f, kter\u00e9 vid\u00edm si troufnu \u0159\u00edct, \u017ee toto v\u0161echno m\u00e1 za ta l\u00e9ta v\u00a0mal\u00edku.<\/p>\n\n\n\n<p><strong>Srovn\u00e1n\u00ed plemene nyn\u00ed a te\u010f<\/strong><\/p>\n\n\n\n<p><br>\u201eNe\u017e se za\u010dali vozit samci z\u00a0N\u011bmecka, v\u011bt\u0161ina na\u0161ich kr\u00e1l\u00edk\u016f m\u011bla v\u00fdrazn\u00e9 ky\u010dle a \u0161patnou kvalitu srsti. Z\u00a0toho d\u016fvodu se posuzovatel\u00e9 a chovatel\u00e9 zam\u011b\u0159ili pr\u00e1v\u011b na tyto partie. P\u0159\u00edtel Jind\u0159ich \u0160\u00edp za\u010dal propagovat zlep\u0161en\u00ed kvality srsti a brzo se srst i barva podsady v\u00fdrazn\u011b zlep\u0161ila. P\u0159\u00edtel Jirka \u0160\u0165ov\u00edk byl jeden z\u00a0prvn\u00edch, kdo m\u011bl p\u011bkn\u00e9 kr\u00e1l\u00edky v srsti. Celkov\u011b by se dalo \u0159\u00edct, \u017ee plemeno je ve v\u0161ech sm\u011brech nyn\u00ed kvalitn\u011bj\u0161\u00ed. Zvedla se i plodnost d\u00edky roz\u0161\u00ed\u0159en\u00ed genetick\u00fdch zdroj\u016f a dovozu zv\u00ed\u0159at ze zahrani\u010d\u00ed. Kr\u00e1l\u00edci dosahuj\u00ed vy\u0161\u0161\u00ed t\u011blesn\u00e9 hmotnosti.\u201c<\/p>\n\n\n\n<p><strong>V\u00fdstavn\u00ed \u00fasp\u011bchy a v\u00fdznam klubov\u00e9ho \u010dlenstv\u00ed\u00a0<\/strong><\/p>\n\n\n\n<p><br>\u010clenem Klubu Vss je od roku 1991. Pamatuje speci\u00e1lky v\u00a0Chocni, Pla\u010dic\u00edch, T\u00fdni\u0161ti nad Orlic\u00ed a Litomy\u0161li. V pr\u016fb\u011bhu \u010dlenstv\u00ed pracoval i ve v\u00fdboru Klubu. Do roku 2009 pat\u0159il s\u00a0Miroslavem Cahou mezi d\u016fle\u017eit\u00e9 tv\u016frce Ro\u010denek Klubu, a to i p\u0159es to, \u017ee on s\u00e1m tvrd\u00ed, \u017ee se nikdy nenau\u010dil s\u00a0excelem. Jeho po\u010d\u00edta\u010dov\u00e9 znalosti jsou v\u0161ak k\u00a0pokro\u010dil\u00e9mu v\u011bku \u00factyhodn\u00e9.<br>Jedn\u00edm z vrchol\u016f Pepova p\u016fsoben\u00ed jsou pravideln\u00e9 \u00fa\u010dasti na v\u00fdstav\u00e1ch. Dvakr\u00e1t se stal Mistrem klubu, ale to on s\u00e1m nepova\u017euje za \u00fasp\u011bch. Podle jeho slov hodnocen\u00ed posuzovateli p\u0159edstavuje zdrav\u00e9 nap\u011bt\u00ed, kter\u00e9 motivuje k dal\u0161\u00edmu rozvoji vlastn\u00edho chovu. Tato sout\u011b\u017en\u00ed dimenze p\u0159in\u00e1\u0161\u00ed radost p\u0159i \u00fasp\u011b\u0161\u00edch i cennou zp\u011btnou vazbu k dal\u0161\u00edmu r\u016fstu kvality zv\u00ed\u0159at.<br>Klubov\u00e9 \u010dlenstv\u00ed m\u00e1 v\u0161ak je\u0161t\u011b dal\u0161\u00ed rozm\u011br \u2013 setk\u00e1v\u00e1n\u00ed s podobn\u011b zap\u00e1len\u00fdmi lidmi, vz\u00e1jemn\u00e1 podpora a sd\u00edlen\u00ed zku\u0161enost\u00ed s ostatn\u00edmi chovateli nejen v \u010cesk\u00e9 republice, ale \u010dasto i ze zahrani\u010d\u00ed. D\u00edky klubov\u00fdm aktivit\u00e1m vznikaj\u00ed trval\u00e9 vztahy nap\u0159\u00ed\u010d regiony i generacemi. Co\u017e je pro n\u011bj mnohem d\u016fle\u017eit\u011bj\u0161\u00ed ne\u017e n\u011bjak\u00e9 poh\u00e1ry \u010di \u010cestn\u00e9 ceny.<br>\u00a0\u201e\u010clenstv\u00ed v klubu mi otev\u0159elo cestu nejen k lep\u0161\u00edm v\u00fdsledk\u016fm v chovu samotn\u00e9m, ale hlavn\u011b k mnoha p\u0159\u00e1telstv\u00edm,\u201c shrnuje p\u0159\u00edtel Pepa Nov\u00e1k v\u00fdznam sv\u00e9 dlouhodob\u00e9 klubov\u00e9 anga\u017eovanosti.<\/p>\n\n\n\n<p>J\u00e1 moc d\u011bkuji za poutav\u00e9 vypr\u00e1v\u011bn\u00ed, praktickou uk\u00e1zku a rady do chovu. Je skv\u011bl\u00e9 zn\u00e1t tak dobr\u00e9ho chovatele a skromn\u00e9ho \u010dlov\u011bka jako je pr\u00e1v\u011b p\u0159\u00edtel Pepa Nov\u00e1k.<\/p>\n\n\n\n<pre class=\"wp-block-code\"><code>                                                                                                         <\/code><\/pre>\n","protected":false},"excerpt":{"rendered":"<p>Rozhovor s\u00a0chovatelem Pepou Nov\u00e1kem: \u017divot s Velk\u00fdmi sv\u011btl\u00fdmi st\u0159\u00edb\u0159it\u00fdmi kr\u00e1l\u00edky\u00a0 Kr\u00e1l\u00edk pat\u0159\u00ed mezi velmi obl\u00edben\u00e1 zv\u00ed\u0159ata nejen na \u010desk\u00e9m venkov\u011b. V rozhovoru s chovatelem Pepou Nov\u00e1kem k\u00a0p\u0159\u00edle\u017eitosti jeho 85.narozenin jsme se dozv\u011bd\u011bli, jak\u00e9 to je \u017e\u00edt a starat se pr\u00e1v\u011b o plemeno Velk\u00fd sv\u011btl\u00fd st\u0159\u00edb\u0159it\u00fd, kter\u00e9 si z\u00edsk\u00e1v\u00e1 st\u00e1le v\u011bt\u0161\u00ed oblibu mezi \u010desk\u00fdmi chovateli. Seznamte &hellip; <\/p>\n<p><a class=\"more-link btn\" href=\"https:\/\/klubvss.cz\/?page_id=179\">Pokra\u010dovat ve \u010dten\u00ed<\/a><\/p>\n","protected":false},"author":1,"featured_media":0,"parent":21,"menu_order":-4,"comment_status":"closed","ping_status":"closed","template":"","meta":{"ngg_post_thumbnail":0,"footnotes":""},"class_list":["post-179","page","type-page","status-publish","hentry","nodate","item-wrap"],"_links":{"self":[{"href":"https:\/\/klubvss.cz\/index.php?rest_route=\/wp\/v2\/pages\/179","targetHints":{"allow":["GET"]}}],"collection":[{"href":"https:\/\/klubvss.cz\/index.php?rest_route=\/wp\/v2\/pages"}],"about":[{"href":"https:\/\/klubvss.cz\/index.php?rest_route=\/wp\/v2\/types\/page"}],"author":[{"embeddable":true,"href":"https:\/\/klubvss.cz\/index.php?rest_route=\/wp\/v2\/users\/1"}],"replies":[{"embeddable":true,"href":"https:\/\/klubvss.cz\/index.php?rest_route=%2Fwp%2Fv2%2Fcomments&post=179"}],"version-history":[{"count":2,"href":"https:\/\/klubvss.cz\/index.php?rest_route=\/wp\/v2\/pages\/179\/revisions"}],"predecessor-version":[{"id":183,"href":"https:\/\/klubvss.cz\/index.php?rest_route=\/wp\/v2\/pages\/179\/revisions\/183"}],"up":[{"embeddable":true,"href":"https:\/\/klubvss.cz\/index.php?rest_route=\/wp\/v2\/pages\/21"}],"wp:attachment":[{"href":"https:\/\/klubvss.cz\/index.php?rest_route=%2Fwp%2Fv2%2Fmedia&parent=179"}],"curies":[{"name":"wp","href":"https:\/\/api.w.org\/{rel}","templated":true}]}}