{"id":189,"date":"2025-09-08T21:38:15","date_gmt":"2025-09-08T19:38:15","guid":{"rendered":"https:\/\/klubvss.cz\/?page_id=189"},"modified":"2025-11-16T20:56:38","modified_gmt":"2025-11-16T19:56:38","slug":"48-specialni-vystava-litomysl","status":"publish","type":"page","link":"https:\/\/klubvss.cz\/?page_id=189","title":{"rendered":"48. speci\u00e1ln\u00ed v\u00fdstava(2025)"},"content":{"rendered":"\n<div data-wp-interactive=\"core\/file\" class=\"wp-block-file\"><object data-wp-bind--hidden=\"!state.hasPdfPreview\" hidden class=\"wp-block-file__embed\" data=\"https:\/\/klubvss.cz\/wp-content\/uploads\/2025\/11\/VSS-katalog-CR-2025-1.pdf\" type=\"application\/pdf\" style=\"width:100%;height:600px\" aria-label=\"Vlo\u017eit z VSS katalog \u010cR 2025 (1).\"><\/object><a id=\"wp-block-file--media-98263616-d5c7-4c3b-ac08-8a230cf367eb\" href=\"https:\/\/klubvss.cz\/wp-content\/uploads\/2025\/11\/VSS-katalog-CR-2025-1.pdf\">VSS katalog \u010cR 2025 (1)<\/a><a href=\"https:\/\/klubvss.cz\/wp-content\/uploads\/2025\/11\/VSS-katalog-CR-2025-1.pdf\" class=\"wp-block-file__button wp-element-button\" download aria-describedby=\"wp-block-file--media-98263616-d5c7-4c3b-ac08-8a230cf367eb\">St\u00e1hnout<\/a><\/div>\n\n\n\n<p><\/p>\n","protected":false},"excerpt":{"rendered":"","protected":false},"author":1,"featured_media":0,"parent":60,"menu_order":0,"comment_status":"closed","ping_status":"closed","template":"","meta":{"ngg_post_thumbnail":0,"footnotes":""},"class_list":["post-189","page","type-page","status-publish","hentry","nodate","item-wrap"],"_links":{"self":[{"href":"https:\/\/klubvss.cz\/index.php?rest_route=\/wp\/v2\/pages\/189","targetHints":{"allow":["GET"]}}],"collection":[{"href":"https:\/\/klubvss.cz\/index.php?rest_route=\/wp\/v2\/pages"}],"about":[{"href":"https:\/\/klubvss.cz\/index.php?rest_route=\/wp\/v2\/types\/page"}],"author":[{"embeddable":true,"href":"https:\/\/klubvss.cz\/index.php?rest_route=\/wp\/v2\/users\/1"}],"replies":[{"embeddable":true,"href":"https:\/\/klubvss.cz\/index.php?rest_route=%2Fwp%2Fv2%2Fcomments&post=189"}],"version-history":[{"count":3,"href":"https:\/\/klubvss.cz\/index.php?rest_route=\/wp\/v2\/pages\/189\/revisions"}],"predecessor-version":[{"id":883,"href":"https:\/\/klubvss.cz\/index.php?rest_route=\/wp\/v2\/pages\/189\/revisions\/883"}],"up":[{"embeddable":true,"href":"https:\/\/klubvss.cz\/index.php?rest_route=\/wp\/v2\/pages\/60"}],"wp:attachment":[{"href":"https:\/\/klubvss.cz\/index.php?rest_route=%2Fwp%2Fv2%2Fmedia&parent=189"}],"curies":[{"name":"wp","href":"https:\/\/api.w.org\/{rel}","templated":true}]}}