{"id":2003,"date":"2026-01-13T07:25:26","date_gmt":"2026-01-13T06:25:26","guid":{"rendered":"https:\/\/klubvss.cz\/?page_id=2003"},"modified":"2026-01-13T07:31:36","modified_gmt":"2026-01-13T06:31:36","slug":"nas-chovatel-9-10-1-2026","status":"publish","type":"page","link":"https:\/\/klubvss.cz\/?page_id=2003","title":{"rendered":"N\u00e1\u0161 Chovatel 9.-10.1.2026"},"content":{"rendered":"\n<p>Ve dnech 9.\u201310. ledna 2026 o\u017eil are\u00e1l v\u00fdstavi\u0161t\u011b v Lys\u00e9 nad Labem ji\u017e 20. st\u0159edo\u010deskou v\u00fdstavou drobn\u00e9ho zv\u00ed\u0159ectva N\u00e1\u0161 chovatel 2026 \ud83d\udc07\ud83d\udc14\ud83d\udc13\ud83e\udd86V expozici bylo k vid\u011bn\u00ed p\u0159ibli\u017en\u011b 85 kus\u016f Vss a na\u0161i \u010dlenov\u00e9 si odvezli zaslou\u017een\u00e1 ocen\u011bn\u00ed\ud83c\udfc6\ud83e\udd29<\/p>\n\n\n\n<p>\ud83c\udfc5 \u010cestn\u00e9 ceny vybojovali p\u0159\u00edtel Franti\u0161ek Pila\u0159 a Josef Brz\u00e1k.&nbsp;<\/p>\n\n\n\n<p>Velk\u00fd d\u00edk za reprezentaci pat\u0159\u00ed i dal\u0161\u00edm vystavovatel\u016fm: Kuba Linek, Miroslav Caha, V\u00e1clavovi Vavru\u0161kovi, Milo\u0161 Ivana R\u00e1\u017eovi a Zuzana Mac\u00e1kov\u00e1.<\/p>\n\n\n\n<p>A zat\u00edmco chovatel\u00e9 ji\u017e napjat\u011b vyhl\u00ed\u017e\u00ed nov\u00e9 p\u0159\u00edr\u016fstky v hn\u00edzdech, V\u00fdbor klubu se dnes se\u0161el na sv\u00e9 prvn\u00ed leto\u0161n\u00ed sch\u016fzi \ud83d\ude0a<\/p>\n\n\n\n<p>Krom\u011b zhodnocen\u00ed uplynul\u00e9ho roku jsme se soust\u0159edili na pl\u00e1ny pro rok 2026. Hlavn\u00edmi t\u00e9maty byla p\u0159\u00edprava ro\u010denky a organizace 49. speci\u00e1ln\u00ed v\u00fdstavy \ud83e\udd29<\/p>\n\n\n\n<p>V\u011b\u0159\u00edme, \u017ee leto\u0161n\u00ed rok bude pro ka\u017ed\u00e9ho z v\u00e1s \u00fasp\u011b\u0161n\u00fd.&nbsp;<\/p>\n\n\n\nngg_shortcode_0_placeholder\n","protected":false},"excerpt":{"rendered":"<p>Ve dnech 9.\u201310. ledna 2026 o\u017eil are\u00e1l v\u00fdstavi\u0161t\u011b v Lys\u00e9 nad Labem ji\u017e 20. st\u0159edo\u010deskou v\u00fdstavou drobn\u00e9ho zv\u00ed\u0159ectva N\u00e1\u0161 chovatel 2026 \ud83d\udc07\ud83d\udc14\ud83d\udc13\ud83e\udd86V expozici bylo k vid\u011bn\u00ed p\u0159ibli\u017en\u011b 85 kus\u016f Vss a na\u0161i \u010dlenov\u00e9 si odvezli zaslou\u017een\u00e1 ocen\u011bn\u00ed\ud83c\udfc6\ud83e\udd29 \ud83c\udfc5 \u010cestn\u00e9 ceny vybojovali p\u0159\u00edtel Franti\u0161ek Pila\u0159 a Josef Brz\u00e1k.&nbsp; Velk\u00fd d\u00edk za reprezentaci pat\u0159\u00ed i dal\u0161\u00edm vystavovatel\u016fm: &hellip; <\/p>\n<p><a class=\"more-link btn\" href=\"https:\/\/klubvss.cz\/?page_id=2003\">Pokra\u010dovat ve \u010dten\u00ed<\/a><\/p>\n","protected":false},"author":1,"featured_media":0,"parent":66,"menu_order":0,"comment_status":"closed","ping_status":"closed","template":"","meta":{"ngg_post_thumbnail":0,"footnotes":""},"class_list":["post-2003","page","type-page","status-publish","hentry","nodate","item-wrap"],"_links":{"self":[{"href":"https:\/\/klubvss.cz\/index.php?rest_route=\/wp\/v2\/pages\/2003","targetHints":{"allow":["GET"]}}],"collection":[{"href":"https:\/\/klubvss.cz\/index.php?rest_route=\/wp\/v2\/pages"}],"about":[{"href":"https:\/\/klubvss.cz\/index.php?rest_route=\/wp\/v2\/types\/page"}],"author":[{"embeddable":true,"href":"https:\/\/klubvss.cz\/index.php?rest_route=\/wp\/v2\/users\/1"}],"replies":[{"embeddable":true,"href":"https:\/\/klubvss.cz\/index.php?rest_route=%2Fwp%2Fv2%2Fcomments&post=2003"}],"version-history":[{"count":3,"href":"https:\/\/klubvss.cz\/index.php?rest_route=\/wp\/v2\/pages\/2003\/revisions"}],"predecessor-version":[{"id":2021,"href":"https:\/\/klubvss.cz\/index.php?rest_route=\/wp\/v2\/pages\/2003\/revisions\/2021"}],"up":[{"embeddable":true,"href":"https:\/\/klubvss.cz\/index.php?rest_route=\/wp\/v2\/pages\/66"}],"wp:attachment":[{"href":"https:\/\/klubvss.cz\/index.php?rest_route=%2Fwp%2Fv2%2Fmedia&parent=2003"}],"curies":[{"name":"wp","href":"https:\/\/api.w.org\/{rel}","templated":true}]}}