{"id":202,"date":"2025-09-25T20:38:14","date_gmt":"2025-09-25T18:38:14","guid":{"rendered":"https:\/\/klubvss.cz\/?page_id=202"},"modified":"2025-12-06T21:11:26","modified_gmt":"2025-12-06T20:11:26","slug":"36-specialni-vystava-2014","status":"publish","type":"page","link":"https:\/\/klubvss.cz\/?page_id=202","title":{"rendered":"36. speci\u00e1ln\u00ed v\u00fdstava-2013"},"content":{"rendered":"\n<figure class=\"wp-block-gallery has-nested-images columns-default is-cropped wp-block-gallery-1 is-layout-flex wp-block-gallery-is-layout-flex\">\n<figure class=\"wp-block-image size-large\"><img loading=\"lazy\" decoding=\"async\" width=\"1431\" height=\"954\" data-id=\"252\" src=\"https:\/\/klubvss.cz\/wp-content\/uploads\/2025\/09\/0.1-1.-misto.jpg\" alt=\"\" class=\"wp-image-252\"\/><\/figure>\n\n\n\n<figure class=\"wp-block-image size-large\"><img loading=\"lazy\" decoding=\"async\" width=\"1431\" height=\"954\" data-id=\"253\" src=\"https:\/\/klubvss.cz\/wp-content\/uploads\/2025\/09\/0.1-2.-misto.jpg\" alt=\"\" class=\"wp-image-253\"\/><\/figure>\n\n\n\n<figure class=\"wp-block-image size-large\"><img loading=\"lazy\" decoding=\"async\" width=\"1431\" height=\"954\" data-id=\"254\" src=\"https:\/\/klubvss.cz\/wp-content\/uploads\/2025\/09\/0.1-3.-misto.jpg\" alt=\"\" class=\"wp-image-254\"\/><\/figure>\n\n\n\n<figure class=\"wp-block-image size-large\"><img loading=\"lazy\" decoding=\"async\" width=\"1431\" height=\"954\" data-id=\"255\" src=\"https:\/\/klubvss.cz\/wp-content\/uploads\/2025\/09\/1.0-1.-misto.jpg\" alt=\"\" class=\"wp-image-255\"\/><\/figure>\n\n\n\n<figure class=\"wp-block-image size-large\"><img loading=\"lazy\" decoding=\"async\" width=\"1431\" height=\"954\" data-id=\"256\" src=\"https:\/\/klubvss.cz\/wp-content\/uploads\/2025\/09\/1.0-2.-misto.jpg\" alt=\"\" class=\"wp-image-256\"\/><\/figure>\n\n\n\n<figure class=\"wp-block-image size-large\"><img loading=\"lazy\" decoding=\"async\" width=\"1431\" height=\"954\" data-id=\"257\" src=\"https:\/\/klubvss.cz\/wp-content\/uploads\/2025\/09\/1.0-3.-misto.jpg\" alt=\"\" class=\"wp-image-257\"\/><\/figure>\n\n\n\n<figure class=\"wp-block-image size-large\"><img loading=\"lazy\" decoding=\"async\" width=\"1431\" height=\"954\" data-id=\"258\" src=\"https:\/\/klubvss.cz\/wp-content\/uploads\/2025\/09\/IMG_0002.jpg\" alt=\"\" class=\"wp-image-258\"\/><\/figure>\n\n\n\n<figure class=\"wp-block-image size-large\"><img loading=\"lazy\" decoding=\"async\" width=\"1431\" height=\"954\" data-id=\"259\" src=\"https:\/\/klubvss.cz\/wp-content\/uploads\/2025\/09\/IMG_0003.jpg\" alt=\"\" class=\"wp-image-259\"\/><\/figure>\n\n\n\n<figure class=\"wp-block-image size-large\"><img loading=\"lazy\" decoding=\"async\" width=\"1431\" height=\"954\" data-id=\"273\" src=\"https:\/\/klubvss.cz\/wp-content\/uploads\/2025\/09\/0.1-4.-misto.jpg\" alt=\"\" class=\"wp-image-273\"\/><\/figure>\n\n\n\n<figure class=\"wp-block-image size-large\"><img loading=\"lazy\" decoding=\"async\" width=\"1431\" height=\"954\" data-id=\"274\" src=\"https:\/\/klubvss.cz\/wp-content\/uploads\/2025\/09\/0.1-5.-misto.jpg\" alt=\"\" class=\"wp-image-274\"\/><\/figure>\n\n\n\n<figure class=\"wp-block-image size-large\"><img loading=\"lazy\" decoding=\"async\" width=\"1431\" height=\"954\" data-id=\"275\" src=\"https:\/\/klubvss.cz\/wp-content\/uploads\/2025\/09\/1.0-4.-misto.jpg\" alt=\"\" class=\"wp-image-275\"\/><\/figure>\n\n\n\n<figure class=\"wp-block-image size-large\"><img loading=\"lazy\" decoding=\"async\" width=\"1431\" height=\"954\" data-id=\"276\" src=\"https:\/\/klubvss.cz\/wp-content\/uploads\/2025\/09\/1.0-5.-misto.jpg\" alt=\"\" class=\"wp-image-276\"\/><\/figure>\n\n\n\n<figure class=\"wp-block-image size-large\"><img loading=\"lazy\" decoding=\"async\" width=\"1431\" height=\"954\" data-id=\"260\" src=\"https:\/\/klubvss.cz\/wp-content\/uploads\/2025\/09\/IMG_0008.jpg\" alt=\"\" class=\"wp-image-260\"\/><\/figure>\n\n\n\n<figure class=\"wp-block-image size-large\"><img loading=\"lazy\" decoding=\"async\" width=\"1431\" height=\"954\" data-id=\"261\" src=\"https:\/\/klubvss.cz\/wp-content\/uploads\/2025\/09\/IMG_0023.jpg\" alt=\"\" class=\"wp-image-261\"\/><\/figure>\n\n\n\n<figure class=\"wp-block-image size-large\"><img loading=\"lazy\" decoding=\"async\" width=\"1431\" height=\"954\" data-id=\"262\" src=\"https:\/\/klubvss.cz\/wp-content\/uploads\/2025\/09\/IMG_0026.jpg\" alt=\"\" class=\"wp-image-262\"\/><\/figure>\n\n\n\n<figure class=\"wp-block-image size-large\"><img loading=\"lazy\" decoding=\"async\" width=\"1431\" height=\"954\" data-id=\"263\" src=\"https:\/\/klubvss.cz\/wp-content\/uploads\/2025\/09\/IMG_0029.jpg\" alt=\"\" class=\"wp-image-263\"\/><\/figure>\n\n\n\n<figure class=\"wp-block-image size-large\"><img loading=\"lazy\" decoding=\"async\" width=\"1431\" height=\"954\" data-id=\"264\" src=\"https:\/\/klubvss.cz\/wp-content\/uploads\/2025\/09\/IMG_0045-1.jpg\" alt=\"\" class=\"wp-image-264\"\/><\/figure>\n\n\n\n<figure class=\"wp-block-image size-large\"><img loading=\"lazy\" decoding=\"async\" width=\"1431\" height=\"954\" data-id=\"265\" src=\"https:\/\/klubvss.cz\/wp-content\/uploads\/2025\/09\/IMG_0050.jpg\" alt=\"\" class=\"wp-image-265\"\/><\/figure>\n\n\n\n<figure class=\"wp-block-image size-large\"><img loading=\"lazy\" decoding=\"async\" width=\"1431\" height=\"954\" data-id=\"266\" src=\"https:\/\/klubvss.cz\/wp-content\/uploads\/2025\/09\/IMG_0051.jpg\" alt=\"\" class=\"wp-image-266\"\/><\/figure>\n\n\n\n<figure class=\"wp-block-image size-large\"><img loading=\"lazy\" decoding=\"async\" width=\"636\" height=\"954\" data-id=\"267\" src=\"https:\/\/klubvss.cz\/wp-content\/uploads\/2025\/09\/IMG_0069.jpg\" alt=\"\" class=\"wp-image-267\"\/><\/figure>\n\n\n\n<figure class=\"wp-block-image size-large\"><img loading=\"lazy\" decoding=\"async\" width=\"1431\" height=\"954\" data-id=\"268\" src=\"https:\/\/klubvss.cz\/wp-content\/uploads\/2025\/09\/IMG_0074.jpg\" alt=\"\" class=\"wp-image-268\"\/><\/figure>\n\n\n\n<figure class=\"wp-block-image size-large\"><img loading=\"lazy\" decoding=\"async\" width=\"636\" height=\"954\" data-id=\"269\" src=\"https:\/\/klubvss.cz\/wp-content\/uploads\/2025\/09\/IMG_0077.jpg\" alt=\"\" class=\"wp-image-269\"\/><\/figure>\n\n\n\n<figure class=\"wp-block-image size-large\"><img loading=\"lazy\" decoding=\"async\" width=\"1431\" height=\"954\" data-id=\"270\" src=\"https:\/\/klubvss.cz\/wp-content\/uploads\/2025\/09\/IMG_0081.jpg\" alt=\"\" class=\"wp-image-270\"\/><\/figure>\n\n\n\n<figure class=\"wp-block-image size-large\"><img loading=\"lazy\" decoding=\"async\" width=\"1431\" height=\"954\" data-id=\"271\" src=\"https:\/\/klubvss.cz\/wp-content\/uploads\/2025\/09\/IMG_0082.jpg\" alt=\"\" class=\"wp-image-271\"\/><\/figure>\n\n\n\n<figure class=\"wp-block-image size-large\"><img loading=\"lazy\" decoding=\"async\" width=\"1431\" height=\"954\" data-id=\"272\" src=\"https:\/\/klubvss.cz\/wp-content\/uploads\/2025\/09\/IMG_0083.jpg\" alt=\"\" class=\"wp-image-272\"\/><\/figure>\n\n\n\n<figure class=\"wp-block-image size-large\"><img loading=\"lazy\" decoding=\"async\" width=\"636\" height=\"954\" data-id=\"277\" src=\"https:\/\/klubvss.cz\/wp-content\/uploads\/2025\/09\/IMG_0018.jpg\" alt=\"\" class=\"wp-image-277\"\/><\/figure>\n\n\n\n<figure class=\"wp-block-image size-large\"><img loading=\"lazy\" decoding=\"async\" width=\"1431\" height=\"954\" data-id=\"278\" src=\"https:\/\/klubvss.cz\/wp-content\/uploads\/2025\/09\/IMG_0022.jpg\" alt=\"\" class=\"wp-image-278\"\/><\/figure>\n\n\n\n<figure class=\"wp-block-image size-large\"><img loading=\"lazy\" decoding=\"async\" width=\"636\" height=\"954\" data-id=\"279\" src=\"https:\/\/klubvss.cz\/wp-content\/uploads\/2025\/09\/IMG_0031.jpg\" alt=\"\" class=\"wp-image-279\"\/><\/figure>\n\n\n\n<figure class=\"wp-block-image size-large\"><img loading=\"lazy\" decoding=\"async\" width=\"1431\" height=\"954\" data-id=\"280\" src=\"https:\/\/klubvss.cz\/wp-content\/uploads\/2025\/09\/IMG_0037.jpg\" alt=\"\" class=\"wp-image-280\"\/><\/figure>\n\n\n\n<figure class=\"wp-block-image size-large\"><img loading=\"lazy\" decoding=\"async\" width=\"1431\" height=\"954\" data-id=\"281\" src=\"https:\/\/klubvss.cz\/wp-content\/uploads\/2025\/09\/IMG_0054.jpg\" alt=\"\" class=\"wp-image-281\"\/><\/figure>\n\n\n\n<figure class=\"wp-block-image size-large\"><img loading=\"lazy\" decoding=\"async\" width=\"1431\" height=\"954\" data-id=\"282\" src=\"https:\/\/klubvss.cz\/wp-content\/uploads\/2025\/09\/IMG_0056.jpg\" alt=\"\" class=\"wp-image-282\"\/><\/figure>\n\n\n\n<figure class=\"wp-block-image size-large\"><img loading=\"lazy\" decoding=\"async\" width=\"636\" height=\"954\" data-id=\"283\" src=\"https:\/\/klubvss.cz\/wp-content\/uploads\/2025\/09\/IMG_0079.jpg\" alt=\"\" class=\"wp-image-283\"\/><\/figure>\n\n\n\n<figure class=\"wp-block-image size-large\"><img loading=\"lazy\" decoding=\"async\" width=\"1431\" height=\"954\" data-id=\"284\" src=\"https:\/\/klubvss.cz\/wp-content\/uploads\/2025\/09\/IMG_0080.jpg\" alt=\"\" class=\"wp-image-284\"\/><\/figure>\n\n\n\n<figure class=\"wp-block-image size-large\"><img loading=\"lazy\" decoding=\"async\" width=\"1431\" height=\"954\" data-id=\"285\" src=\"https:\/\/klubvss.cz\/wp-content\/uploads\/2025\/09\/IMG_0085.jpg\" alt=\"\" class=\"wp-image-285\"\/><\/figure>\n\n\n\n<figure class=\"wp-block-image size-large\"><img loading=\"lazy\" decoding=\"async\" width=\"636\" height=\"954\" data-id=\"286\" src=\"https:\/\/klubvss.cz\/wp-content\/uploads\/2025\/09\/IMG_0087.jpg\" alt=\"\" class=\"wp-image-286\"\/><\/figure>\n\n\n\n<figure class=\"wp-block-image size-large\"><img loading=\"lazy\" decoding=\"async\" width=\"1431\" height=\"954\" data-id=\"287\" src=\"https:\/\/klubvss.cz\/wp-content\/uploads\/2025\/09\/IMG_0088.jpg\" alt=\"\" class=\"wp-image-287\"\/><\/figure>\n\n\n\n<figure class=\"wp-block-image size-large\"><img loading=\"lazy\" decoding=\"async\" width=\"1431\" height=\"954\" data-id=\"288\" src=\"https:\/\/klubvss.cz\/wp-content\/uploads\/2025\/09\/IMG_0090.jpg\" alt=\"\" class=\"wp-image-288\"\/><\/figure>\n<\/figure>\n","protected":false},"excerpt":{"rendered":"","protected":false},"author":1,"featured_media":0,"parent":69,"menu_order":8,"comment_status":"closed","ping_status":"closed","template":"","meta":{"ngg_post_thumbnail":0,"footnotes":""},"class_list":["post-202","page","type-page","status-publish","hentry","nodate","item-wrap"],"_links":{"self":[{"href":"https:\/\/klubvss.cz\/index.php?rest_route=\/wp\/v2\/pages\/202","targetHints":{"allow":["GET"]}}],"collection":[{"href":"https:\/\/klubvss.cz\/index.php?rest_route=\/wp\/v2\/pages"}],"about":[{"href":"https:\/\/klubvss.cz\/index.php?rest_route=\/wp\/v2\/types\/page"}],"author":[{"embeddable":true,"href":"https:\/\/klubvss.cz\/index.php?rest_route=\/wp\/v2\/users\/1"}],"replies":[{"embeddable":true,"href":"https:\/\/klubvss.cz\/index.php?rest_route=%2Fwp%2Fv2%2Fcomments&post=202"}],"version-history":[{"count":3,"href":"https:\/\/klubvss.cz\/index.php?rest_route=\/wp\/v2\/pages\/202\/revisions"}],"predecessor-version":[{"id":1644,"href":"https:\/\/klubvss.cz\/index.php?rest_route=\/wp\/v2\/pages\/202\/revisions\/1644"}],"up":[{"embeddable":true,"href":"https:\/\/klubvss.cz\/index.php?rest_route=\/wp\/v2\/pages\/69"}],"wp:attachment":[{"href":"https:\/\/klubvss.cz\/index.php?rest_route=%2Fwp%2Fv2%2Fmedia&parent=202"}],"curies":[{"name":"wp","href":"https:\/\/api.w.org\/{rel}","templated":true}]}}