{"id":204,"date":"2025-09-25T20:38:58","date_gmt":"2025-09-25T18:38:58","guid":{"rendered":"https:\/\/klubvss.cz\/?page_id=204"},"modified":"2025-12-06T21:13:09","modified_gmt":"2025-12-06T20:13:09","slug":"37-specialni-vystava-2015","status":"publish","type":"page","link":"https:\/\/klubvss.cz\/?page_id=204","title":{"rendered":"37. speci\u00e1ln\u00ed v\u00fdstava-2014"},"content":{"rendered":"\n<figure class=\"wp-block-gallery has-nested-images columns-default is-cropped wp-block-gallery-1 is-layout-flex wp-block-gallery-is-layout-flex\">\n<figure class=\"wp-block-image size-large\"><img loading=\"lazy\" decoding=\"async\" width=\"5184\" height=\"3456\" data-id=\"290\" src=\"https:\/\/klubvss.cz\/wp-content\/uploads\/2025\/09\/IMG_0008-1.jpg\" alt=\"\" class=\"wp-image-290\"\/><\/figure>\n\n\n\n<figure class=\"wp-block-image size-large\"><img loading=\"lazy\" decoding=\"async\" width=\"5184\" height=\"3456\" data-id=\"291\" src=\"https:\/\/klubvss.cz\/wp-content\/uploads\/2025\/09\/IMG_0012.jpg\" alt=\"\" class=\"wp-image-291\"\/><\/figure>\n\n\n\n<figure class=\"wp-block-image size-large\"><img loading=\"lazy\" decoding=\"async\" width=\"4490\" height=\"2993\" data-id=\"292\" src=\"https:\/\/klubvss.cz\/wp-content\/uploads\/2025\/09\/IMG_0015.jpg\" alt=\"\" class=\"wp-image-292\"\/><\/figure>\n\n\n\n<figure class=\"wp-block-image size-large\"><img loading=\"lazy\" decoding=\"async\" width=\"5184\" height=\"3456\" data-id=\"293\" src=\"https:\/\/klubvss.cz\/wp-content\/uploads\/2025\/09\/IMG_0023-1.jpg\" alt=\"\" class=\"wp-image-293\"\/><\/figure>\n\n\n\n<figure class=\"wp-block-image size-large\"><img loading=\"lazy\" decoding=\"async\" width=\"5184\" height=\"3456\" data-id=\"294\" src=\"https:\/\/klubvss.cz\/wp-content\/uploads\/2025\/09\/IMG_0024.jpg\" alt=\"\" class=\"wp-image-294\"\/><\/figure>\n\n\n\n<figure class=\"wp-block-image size-large\"><img loading=\"lazy\" decoding=\"async\" width=\"5184\" height=\"3456\" data-id=\"295\" src=\"https:\/\/klubvss.cz\/wp-content\/uploads\/2025\/09\/IMG_0025.jpg\" alt=\"\" class=\"wp-image-295\"\/><\/figure>\n\n\n\n<figure class=\"wp-block-image size-large\"><img loading=\"lazy\" decoding=\"async\" width=\"4418\" height=\"2945\" data-id=\"296\" src=\"https:\/\/klubvss.cz\/wp-content\/uploads\/2025\/09\/IMG_0030.jpg\" alt=\"\" class=\"wp-image-296\"\/><\/figure>\n\n\n\n<figure class=\"wp-block-image size-large\"><img loading=\"lazy\" decoding=\"async\" width=\"5184\" height=\"3456\" data-id=\"297\" src=\"https:\/\/klubvss.cz\/wp-content\/uploads\/2025\/09\/IMG_0031-1.jpg\" alt=\"\" class=\"wp-image-297\"\/><\/figure>\n\n\n\n<figure class=\"wp-block-image size-large\"><img loading=\"lazy\" decoding=\"async\" width=\"5184\" height=\"3456\" data-id=\"298\" src=\"https:\/\/klubvss.cz\/wp-content\/uploads\/2025\/09\/IMG_0032.jpg\" alt=\"\" class=\"wp-image-298\"\/><\/figure>\n\n\n\n<figure class=\"wp-block-image size-large\"><img loading=\"lazy\" decoding=\"async\" width=\"4292\" height=\"2861\" data-id=\"299\" src=\"https:\/\/klubvss.cz\/wp-content\/uploads\/2025\/09\/IMG_0035.jpg\" alt=\"\" class=\"wp-image-299\"\/><\/figure>\n\n\n\n<figure class=\"wp-block-image size-large\"><img loading=\"lazy\" decoding=\"async\" width=\"4673\" height=\"3115\" data-id=\"300\" src=\"https:\/\/klubvss.cz\/wp-content\/uploads\/2025\/09\/IMG_0036.jpg\" alt=\"\" class=\"wp-image-300\"\/><\/figure>\n\n\n\n<figure class=\"wp-block-image size-large\"><img loading=\"lazy\" decoding=\"async\" width=\"5184\" height=\"3456\" data-id=\"301\" src=\"https:\/\/klubvss.cz\/wp-content\/uploads\/2025\/09\/IMG_0037-1.jpg\" alt=\"\" class=\"wp-image-301\"\/><\/figure>\n\n\n\n<figure class=\"wp-block-image size-large\"><img loading=\"lazy\" decoding=\"async\" width=\"3456\" height=\"5184\" data-id=\"302\" src=\"https:\/\/klubvss.cz\/wp-content\/uploads\/2025\/09\/IMG_0041-1.jpg\" alt=\"\" class=\"wp-image-302\"\/><\/figure>\n\n\n\n<figure class=\"wp-block-image size-large\"><img loading=\"lazy\" decoding=\"async\" width=\"3456\" height=\"5184\" data-id=\"303\" src=\"https:\/\/klubvss.cz\/wp-content\/uploads\/2025\/09\/IMG_0042.jpg\" alt=\"\" class=\"wp-image-303\"\/><\/figure>\n\n\n\n<figure class=\"wp-block-image size-large\"><img loading=\"lazy\" decoding=\"async\" width=\"5184\" height=\"3456\" data-id=\"304\" src=\"https:\/\/klubvss.cz\/wp-content\/uploads\/2025\/09\/IMG_0043.jpg\" alt=\"\" class=\"wp-image-304\"\/><\/figure>\n\n\n\n<figure class=\"wp-block-image size-large\"><img loading=\"lazy\" decoding=\"async\" width=\"5184\" height=\"3456\" data-id=\"305\" src=\"https:\/\/klubvss.cz\/wp-content\/uploads\/2025\/09\/IMG_0046.jpg\" alt=\"\" class=\"wp-image-305\"\/><\/figure>\n\n\n\n<figure class=\"wp-block-image size-large\"><img loading=\"lazy\" decoding=\"async\" width=\"5184\" height=\"3456\" data-id=\"306\" src=\"https:\/\/klubvss.cz\/wp-content\/uploads\/2025\/09\/IMG_0049.jpg\" alt=\"\" class=\"wp-image-306\"\/><\/figure>\n\n\n\n<figure class=\"wp-block-image size-large\"><img loading=\"lazy\" decoding=\"async\" width=\"5184\" height=\"3456\" data-id=\"307\" src=\"https:\/\/klubvss.cz\/wp-content\/uploads\/2025\/09\/IMG_0051-1.jpg\" alt=\"\" class=\"wp-image-307\"\/><\/figure>\n\n\n\n<figure class=\"wp-block-image size-large\"><img loading=\"lazy\" decoding=\"async\" width=\"4554\" height=\"3036\" data-id=\"308\" src=\"https:\/\/klubvss.cz\/wp-content\/uploads\/2025\/09\/IMG_0054-1.jpg\" alt=\"\" class=\"wp-image-308\"\/><\/figure>\n\n\n\n<figure class=\"wp-block-image size-large\"><img loading=\"lazy\" decoding=\"async\" width=\"5184\" height=\"3456\" data-id=\"309\" src=\"https:\/\/klubvss.cz\/wp-content\/uploads\/2025\/09\/IMG_0055.jpg\" alt=\"\" class=\"wp-image-309\"\/><\/figure>\n\n\n\n<figure class=\"wp-block-image size-large\"><img loading=\"lazy\" decoding=\"async\" width=\"5184\" height=\"3456\" data-id=\"310\" src=\"https:\/\/klubvss.cz\/wp-content\/uploads\/2025\/09\/IMG_0056-1.jpg\" alt=\"\" class=\"wp-image-310\"\/><\/figure>\n\n\n\n<figure class=\"wp-block-image size-large\"><img loading=\"lazy\" decoding=\"async\" width=\"5184\" height=\"3456\" data-id=\"311\" src=\"https:\/\/klubvss.cz\/wp-content\/uploads\/2025\/09\/IMG_0062.jpg\" alt=\"\" class=\"wp-image-311\"\/><\/figure>\n\n\n\n<figure class=\"wp-block-image size-large\"><img loading=\"lazy\" decoding=\"async\" width=\"3838\" height=\"2559\" data-id=\"312\" src=\"https:\/\/klubvss.cz\/wp-content\/uploads\/2025\/09\/IMG_0064.jpg\" alt=\"\" class=\"wp-image-312\"\/><\/figure>\n\n\n\n<figure class=\"wp-block-image size-large\"><img loading=\"lazy\" decoding=\"async\" width=\"5184\" height=\"3456\" data-id=\"313\" src=\"https:\/\/klubvss.cz\/wp-content\/uploads\/2025\/09\/IMG_0067.jpg\" alt=\"\" class=\"wp-image-313\"\/><\/figure>\n\n\n\n<figure class=\"wp-block-image size-large\"><img loading=\"lazy\" decoding=\"async\" width=\"5184\" height=\"3456\" data-id=\"314\" src=\"https:\/\/klubvss.cz\/wp-content\/uploads\/2025\/09\/IMG_0072.jpg\" alt=\"\" class=\"wp-image-314\"\/><\/figure>\n\n\n\n<figure class=\"wp-block-image size-large\"><img loading=\"lazy\" decoding=\"async\" width=\"3456\" height=\"5184\" data-id=\"315\" src=\"https:\/\/klubvss.cz\/wp-content\/uploads\/2025\/09\/IMG_0074-1.jpg\" alt=\"\" class=\"wp-image-315\"\/><\/figure>\n\n\n\n<figure class=\"wp-block-image size-large\"><img loading=\"lazy\" decoding=\"async\" width=\"3078\" height=\"4617\" data-id=\"316\" src=\"https:\/\/klubvss.cz\/wp-content\/uploads\/2025\/09\/IMG_0077-1.jpg\" alt=\"\" class=\"wp-image-316\"\/><\/figure>\n\n\n\n<figure class=\"wp-block-image size-large\"><img loading=\"lazy\" decoding=\"async\" width=\"2049\" height=\"3073\" data-id=\"317\" src=\"https:\/\/klubvss.cz\/wp-content\/uploads\/2025\/09\/IMG_0083-1.jpg\" alt=\"\" class=\"wp-image-317\"\/><\/figure>\n\n\n\n<figure class=\"wp-block-image size-large\"><img loading=\"lazy\" decoding=\"async\" width=\"4536\" height=\"3024\" data-id=\"318\" src=\"https:\/\/klubvss.cz\/wp-content\/uploads\/2025\/09\/IMG_0084.jpg\" alt=\"\" class=\"wp-image-318\"\/><\/figure>\n\n\n\n<figure class=\"wp-block-image size-large\"><img loading=\"lazy\" decoding=\"async\" width=\"3456\" height=\"5184\" data-id=\"319\" src=\"https:\/\/klubvss.cz\/wp-content\/uploads\/2025\/09\/IMG_0085-1.jpg\" alt=\"\" class=\"wp-image-319\"\/><\/figure>\n\n\n\n<figure class=\"wp-block-image size-large\"><img loading=\"lazy\" decoding=\"async\" width=\"5184\" height=\"3456\" data-id=\"320\" src=\"https:\/\/klubvss.cz\/wp-content\/uploads\/2025\/09\/IMG_0096.jpg\" alt=\"\" class=\"wp-image-320\"\/><\/figure>\n\n\n\n<figure class=\"wp-block-image size-large\"><img loading=\"lazy\" decoding=\"async\" width=\"5184\" height=\"3456\" data-id=\"321\" src=\"https:\/\/klubvss.cz\/wp-content\/uploads\/2025\/09\/IMG_0098.jpg\" alt=\"\" class=\"wp-image-321\"\/><\/figure>\n\n\n\n<figure class=\"wp-block-image size-large\"><img loading=\"lazy\" decoding=\"async\" width=\"5184\" height=\"3456\" data-id=\"323\" src=\"https:\/\/klubvss.cz\/wp-content\/uploads\/2025\/09\/IMG_0099.jpg\" alt=\"\" class=\"wp-image-323\"\/><\/figure>\n\n\n\n<figure class=\"wp-block-image size-large\"><img loading=\"lazy\" decoding=\"async\" width=\"5184\" height=\"3456\" data-id=\"324\" src=\"https:\/\/klubvss.cz\/wp-content\/uploads\/2025\/09\/IMG_0104.jpg\" alt=\"\" class=\"wp-image-324\"\/><\/figure>\n\n\n\n<figure class=\"wp-block-image size-large\"><img loading=\"lazy\" decoding=\"async\" width=\"5184\" height=\"3456\" data-id=\"325\" src=\"https:\/\/klubvss.cz\/wp-content\/uploads\/2025\/09\/IMG_0133.jpg\" alt=\"\" class=\"wp-image-325\"\/><\/figure>\n\n\n\n<figure class=\"wp-block-image size-large\"><img loading=\"lazy\" decoding=\"async\" width=\"4797\" height=\"3198\" data-id=\"326\" src=\"https:\/\/klubvss.cz\/wp-content\/uploads\/2025\/09\/IMG_0169.jpg\" alt=\"\" class=\"wp-image-326\"\/><\/figure>\n\n\n\n<figure class=\"wp-block-image size-large\"><img loading=\"lazy\" decoding=\"async\" width=\"5184\" height=\"3456\" data-id=\"327\" src=\"https:\/\/klubvss.cz\/wp-content\/uploads\/2025\/09\/IMG_0201.jpg\" alt=\"\" class=\"wp-image-327\"\/><\/figure>\n\n\n\n<figure class=\"wp-block-image size-large\"><img loading=\"lazy\" decoding=\"async\" width=\"4761\" height=\"3174\" data-id=\"328\" src=\"https:\/\/klubvss.cz\/wp-content\/uploads\/2025\/09\/IMG_0217.jpg\" alt=\"\" class=\"wp-image-328\"\/><\/figure>\n\n\n\n<figure class=\"wp-block-image size-large\"><img loading=\"lazy\" decoding=\"async\" width=\"4841\" height=\"3227\" data-id=\"329\" src=\"https:\/\/klubvss.cz\/wp-content\/uploads\/2025\/09\/IMG_0224.jpg\" alt=\"\" class=\"wp-image-329\"\/><\/figure>\n\n\n\n<figure class=\"wp-block-image size-large\"><img loading=\"lazy\" decoding=\"async\" width=\"4577\" height=\"3051\" data-id=\"330\" src=\"https:\/\/klubvss.cz\/wp-content\/uploads\/2025\/09\/IMG_0268.jpg\" alt=\"\" class=\"wp-image-330\"\/><\/figure>\n\n\n\n<figure class=\"wp-block-image size-large\"><img loading=\"lazy\" decoding=\"async\" width=\"5184\" height=\"3456\" data-id=\"331\" src=\"https:\/\/klubvss.cz\/wp-content\/uploads\/2025\/09\/IMG_0273.jpg\" alt=\"\" class=\"wp-image-331\"\/><\/figure>\n\n\n\n<figure class=\"wp-block-image size-large\"><img loading=\"lazy\" decoding=\"async\" width=\"2333\" height=\"1555\" data-id=\"332\" src=\"https:\/\/klubvss.cz\/wp-content\/uploads\/2025\/09\/IMG_0286.jpg\" alt=\"\" class=\"wp-image-332\"\/><\/figure>\n\n\n\n<figure class=\"wp-block-image size-large\"><img loading=\"lazy\" decoding=\"async\" width=\"5184\" height=\"3456\" data-id=\"333\" src=\"https:\/\/klubvss.cz\/wp-content\/uploads\/2025\/09\/IMG_0016.jpg\" alt=\"\" class=\"wp-image-333\"\/><\/figure>\n\n\n\n<figure class=\"wp-block-image size-large\"><img loading=\"lazy\" decoding=\"async\" width=\"5184\" height=\"3456\" data-id=\"334\" src=\"https:\/\/klubvss.cz\/wp-content\/uploads\/2025\/09\/IMG_0022-1.jpg\" alt=\"\" class=\"wp-image-334\"\/><\/figure>\n\n\n\n<figure class=\"wp-block-image size-large\"><img loading=\"lazy\" decoding=\"async\" width=\"4125\" height=\"2750\" data-id=\"335\" src=\"https:\/\/klubvss.cz\/wp-content\/uploads\/2025\/09\/IMG_0027.jpg\" alt=\"\" class=\"wp-image-335\"\/><\/figure>\n\n\n\n<figure class=\"wp-block-image size-large\"><img loading=\"lazy\" decoding=\"async\" width=\"5184\" height=\"3456\" data-id=\"336\" src=\"https:\/\/klubvss.cz\/wp-content\/uploads\/2025\/09\/IMG_0029-1.jpg\" alt=\"\" class=\"wp-image-336\"\/><\/figure>\n\n\n\n<figure class=\"wp-block-image size-large\"><img loading=\"lazy\" decoding=\"async\" width=\"5184\" height=\"3456\" data-id=\"337\" src=\"https:\/\/klubvss.cz\/wp-content\/uploads\/2025\/09\/IMG_0033.jpg\" alt=\"\" class=\"wp-image-337\"\/><\/figure>\n\n\n\n<figure class=\"wp-block-image size-large\"><img loading=\"lazy\" decoding=\"async\" width=\"5184\" height=\"3456\" data-id=\"338\" src=\"https:\/\/klubvss.cz\/wp-content\/uploads\/2025\/09\/IMG_0034.jpg\" alt=\"\" class=\"wp-image-338\"\/><\/figure>\n\n\n\n<figure class=\"wp-block-image size-large\"><img loading=\"lazy\" decoding=\"async\" width=\"5184\" height=\"3456\" data-id=\"339\" src=\"https:\/\/klubvss.cz\/wp-content\/uploads\/2025\/09\/IMG_0039.jpg\" alt=\"\" class=\"wp-image-339\"\/><\/figure>\n\n\n\n<figure class=\"wp-block-image size-large\"><img loading=\"lazy\" decoding=\"async\" width=\"5184\" height=\"3456\" data-id=\"340\" src=\"https:\/\/klubvss.cz\/wp-content\/uploads\/2025\/09\/IMG_0040.jpg\" alt=\"\" class=\"wp-image-340\"\/><\/figure>\n\n\n\n<figure class=\"wp-block-image size-large\"><img loading=\"lazy\" decoding=\"async\" width=\"3456\" height=\"5184\" data-id=\"341\" src=\"https:\/\/klubvss.cz\/wp-content\/uploads\/2025\/09\/IMG_0044-1.jpg\" alt=\"\" class=\"wp-image-341\"\/><\/figure>\n\n\n\n<figure class=\"wp-block-image size-large\"><img loading=\"lazy\" decoding=\"async\" width=\"5184\" height=\"3456\" data-id=\"342\" src=\"https:\/\/klubvss.cz\/wp-content\/uploads\/2025\/09\/IMG_0045-2.jpg\" alt=\"\" class=\"wp-image-342\"\/><\/figure>\n\n\n\n<figure class=\"wp-block-image size-large\"><img loading=\"lazy\" decoding=\"async\" width=\"5184\" height=\"3456\" data-id=\"343\" src=\"https:\/\/klubvss.cz\/wp-content\/uploads\/2025\/09\/IMG_0052.jpg\" alt=\"\" class=\"wp-image-343\"\/><\/figure>\n\n\n\n<figure class=\"wp-block-image size-large\"><img loading=\"lazy\" decoding=\"async\" width=\"4399\" height=\"2933\" data-id=\"344\" src=\"https:\/\/klubvss.cz\/wp-content\/uploads\/2025\/09\/IMG_0053.jpg\" alt=\"\" class=\"wp-image-344\"\/><\/figure>\n\n\n\n<figure class=\"wp-block-image size-large\"><img loading=\"lazy\" decoding=\"async\" width=\"3456\" height=\"5184\" data-id=\"345\" src=\"https:\/\/klubvss.cz\/wp-content\/uploads\/2025\/09\/IMG_0059.jpg\" alt=\"\" class=\"wp-image-345\"\/><\/figure>\n\n\n\n<figure class=\"wp-block-image size-large\"><img loading=\"lazy\" decoding=\"async\" width=\"5184\" height=\"3456\" data-id=\"346\" src=\"https:\/\/klubvss.cz\/wp-content\/uploads\/2025\/09\/IMG_0060.jpg\" alt=\"\" class=\"wp-image-346\"\/><\/figure>\n\n\n\n<figure class=\"wp-block-image size-large\"><img loading=\"lazy\" decoding=\"async\" width=\"5184\" height=\"3456\" data-id=\"347\" src=\"https:\/\/klubvss.cz\/wp-content\/uploads\/2025\/09\/IMG_0069-1.jpg\" alt=\"\" class=\"wp-image-347\"\/><\/figure>\n\n\n\n<figure class=\"wp-block-image size-large\"><img loading=\"lazy\" decoding=\"async\" width=\"3456\" height=\"5184\" data-id=\"348\" src=\"https:\/\/klubvss.cz\/wp-content\/uploads\/2025\/09\/IMG_0070.jpg\" alt=\"\" class=\"wp-image-348\"\/><\/figure>\n\n\n\n<figure class=\"wp-block-image size-large\"><img loading=\"lazy\" decoding=\"async\" width=\"5184\" height=\"3456\" data-id=\"349\" src=\"https:\/\/klubvss.cz\/wp-content\/uploads\/2025\/09\/IMG_0079-1.jpg\" alt=\"\" class=\"wp-image-349\"\/><\/figure>\n\n\n\n<figure class=\"wp-block-image size-large\"><img loading=\"lazy\" decoding=\"async\" width=\"5184\" height=\"3456\" data-id=\"350\" src=\"https:\/\/klubvss.cz\/wp-content\/uploads\/2025\/09\/IMG_0082-1.jpg\" alt=\"\" class=\"wp-image-350\"\/><\/figure>\n\n\n\n<figure class=\"wp-block-image size-large\"><img loading=\"lazy\" decoding=\"async\" width=\"5184\" height=\"3456\" data-id=\"351\" src=\"https:\/\/klubvss.cz\/wp-content\/uploads\/2025\/09\/IMG_0088-1.jpg\" alt=\"\" class=\"wp-image-351\"\/><\/figure>\n\n\n\n<figure class=\"wp-block-image size-large\"><img loading=\"lazy\" decoding=\"async\" width=\"5184\" height=\"3456\" data-id=\"352\" src=\"https:\/\/klubvss.cz\/wp-content\/uploads\/2025\/09\/IMG_0094.jpg\" alt=\"\" class=\"wp-image-352\"\/><\/figure>\n\n\n\n<figure class=\"wp-block-image size-large\"><img loading=\"lazy\" decoding=\"async\" width=\"5184\" height=\"3456\" data-id=\"353\" src=\"https:\/\/klubvss.cz\/wp-content\/uploads\/2025\/09\/IMG_0100.jpg\" alt=\"\" class=\"wp-image-353\"\/><\/figure>\n\n\n\n<figure class=\"wp-block-image size-large\"><img loading=\"lazy\" decoding=\"async\" width=\"5184\" height=\"3456\" data-id=\"354\" src=\"https:\/\/klubvss.cz\/wp-content\/uploads\/2025\/09\/IMG_0102.jpg\" alt=\"\" class=\"wp-image-354\"\/><\/figure>\n\n\n\n<figure class=\"wp-block-image size-large\"><img loading=\"lazy\" decoding=\"async\" width=\"4748\" height=\"3165\" data-id=\"355\" src=\"https:\/\/klubvss.cz\/wp-content\/uploads\/2025\/09\/IMG_0180.jpg\" alt=\"\" class=\"wp-image-355\"\/><\/figure>\n\n\n\n<figure class=\"wp-block-image size-large\"><img loading=\"lazy\" decoding=\"async\" width=\"4838\" height=\"3225\" data-id=\"356\" src=\"https:\/\/klubvss.cz\/wp-content\/uploads\/2025\/09\/IMG_0197.jpg\" alt=\"\" class=\"wp-image-356\"\/><\/figure>\n\n\n\n<figure class=\"wp-block-image size-large\"><img loading=\"lazy\" decoding=\"async\" width=\"4818\" height=\"3212\" data-id=\"357\" src=\"https:\/\/klubvss.cz\/wp-content\/uploads\/2025\/09\/IMG_0247.jpg\" alt=\"\" class=\"wp-image-357\"\/><\/figure>\n\n\n\n<figure class=\"wp-block-image size-large\"><img loading=\"lazy\" decoding=\"async\" width=\"4841\" height=\"3227\" data-id=\"358\" src=\"https:\/\/klubvss.cz\/wp-content\/uploads\/2025\/09\/IMG_0262.jpg\" alt=\"\" class=\"wp-image-358\"\/><\/figure>\n\n\n\n<figure class=\"wp-block-image size-large\"><img loading=\"lazy\" decoding=\"async\" width=\"4803\" height=\"3202\" data-id=\"359\" src=\"https:\/\/klubvss.cz\/wp-content\/uploads\/2025\/09\/IMG_0295.jpg\" alt=\"\" class=\"wp-image-359\"\/><\/figure>\n<\/figure>\n","protected":false},"excerpt":{"rendered":"","protected":false},"author":1,"featured_media":0,"parent":69,"menu_order":7,"comment_status":"closed","ping_status":"closed","template":"","meta":{"ngg_post_thumbnail":0,"footnotes":""},"class_list":["post-204","page","type-page","status-publish","hentry","nodate","item-wrap"],"_links":{"self":[{"href":"https:\/\/klubvss.cz\/index.php?rest_route=\/wp\/v2\/pages\/204","targetHints":{"allow":["GET"]}}],"collection":[{"href":"https:\/\/klubvss.cz\/index.php?rest_route=\/wp\/v2\/pages"}],"about":[{"href":"https:\/\/klubvss.cz\/index.php?rest_route=\/wp\/v2\/types\/page"}],"author":[{"embeddable":true,"href":"https:\/\/klubvss.cz\/index.php?rest_route=\/wp\/v2\/users\/1"}],"replies":[{"embeddable":true,"href":"https:\/\/klubvss.cz\/index.php?rest_route=%2Fwp%2Fv2%2Fcomments&post=204"}],"version-history":[{"count":3,"href":"https:\/\/klubvss.cz\/index.php?rest_route=\/wp\/v2\/pages\/204\/revisions"}],"predecessor-version":[{"id":1645,"href":"https:\/\/klubvss.cz\/index.php?rest_route=\/wp\/v2\/pages\/204\/revisions\/1645"}],"up":[{"embeddable":true,"href":"https:\/\/klubvss.cz\/index.php?rest_route=\/wp\/v2\/pages\/69"}],"wp:attachment":[{"href":"https:\/\/klubvss.cz\/index.php?rest_route=%2Fwp%2Fv2%2Fmedia&parent=204"}],"curies":[{"name":"wp","href":"https:\/\/api.w.org\/{rel}","templated":true}]}}