{"id":2161,"date":"2026-03-10T08:12:21","date_gmt":"2026-03-10T07:12:21","guid":{"rendered":"https:\/\/klubvss.cz\/?page_id=2161"},"modified":"2026-03-10T08:23:38","modified_gmt":"2026-03-10T07:23:38","slug":"navsteva-u-jiriho-demla","status":"publish","type":"page","link":"https:\/\/klubvss.cz\/?page_id=2161","title":{"rendered":"N\u00e1v\u0161t\u011bva u Ji\u0159\u00edho Demla"},"content":{"rendered":"\n<div data-wp-interactive=\"core\/file\" class=\"wp-block-file\"><object data-wp-bind--hidden=\"!state.hasPdfPreview\" hidden class=\"wp-block-file__embed\" data=\"https:\/\/klubvss.cz\/wp-content\/uploads\/2026\/03\/Demlik-konecna-verze-1.pdf\" type=\"application\/pdf\" style=\"width:100%;height:600px\" aria-label=\"Vlo\u017eit z Deml\u00edk- kone\u010dn\u00e1 verze (1).\"><\/object><a id=\"wp-block-file--media-ccbfb9f3-d10d-4b4c-b9da-067a51b9d28b\" href=\"https:\/\/klubvss.cz\/wp-content\/uploads\/2026\/03\/Demlik-konecna-verze-1.pdf\">Deml\u00edk- kone\u010dn\u00e1 verze (1)<\/a><a href=\"https:\/\/klubvss.cz\/wp-content\/uploads\/2026\/03\/Demlik-konecna-verze-1.pdf\" class=\"wp-block-file__button wp-element-button\" download aria-describedby=\"wp-block-file--media-ccbfb9f3-d10d-4b4c-b9da-067a51b9d28b\">St\u00e1hnout<\/a><\/div>\n","protected":false},"excerpt":{"rendered":"","protected":false},"author":1,"featured_media":0,"parent":21,"menu_order":0,"comment_status":"closed","ping_status":"closed","template":"","meta":{"ngg_post_thumbnail":0,"footnotes":""},"class_list":["post-2161","page","type-page","status-publish","hentry","nodate","item-wrap"],"_links":{"self":[{"href":"https:\/\/klubvss.cz\/index.php?rest_route=\/wp\/v2\/pages\/2161","targetHints":{"allow":["GET"]}}],"collection":[{"href":"https:\/\/klubvss.cz\/index.php?rest_route=\/wp\/v2\/pages"}],"about":[{"href":"https:\/\/klubvss.cz\/index.php?rest_route=\/wp\/v2\/types\/page"}],"author":[{"embeddable":true,"href":"https:\/\/klubvss.cz\/index.php?rest_route=\/wp\/v2\/users\/1"}],"replies":[{"embeddable":true,"href":"https:\/\/klubvss.cz\/index.php?rest_route=%2Fwp%2Fv2%2Fcomments&post=2161"}],"version-history":[{"count":2,"href":"https:\/\/klubvss.cz\/index.php?rest_route=\/wp\/v2\/pages\/2161\/revisions"}],"predecessor-version":[{"id":2166,"href":"https:\/\/klubvss.cz\/index.php?rest_route=\/wp\/v2\/pages\/2161\/revisions\/2166"}],"up":[{"embeddable":true,"href":"https:\/\/klubvss.cz\/index.php?rest_route=\/wp\/v2\/pages\/21"}],"wp:attachment":[{"href":"https:\/\/klubvss.cz\/index.php?rest_route=%2Fwp%2Fv2%2Fmedia&parent=2161"}],"curies":[{"name":"wp","href":"https:\/\/api.w.org\/{rel}","templated":true}]}}