{"id":2268,"date":"2026-04-17T08:30:47","date_gmt":"2026-04-17T06:30:47","guid":{"rendered":"https:\/\/klubvss.cz\/?page_id=2268"},"modified":"2026-04-17T08:32:39","modified_gmt":"2026-04-17T06:32:39","slug":"navsteva-u-miroslava-cahy","status":"publish","type":"page","link":"https:\/\/klubvss.cz\/?page_id=2268","title":{"rendered":"N\u00e1v\u0161t\u011bva u Miroslava Cahy"},"content":{"rendered":"\n<div data-wp-interactive=\"core\/file\" class=\"wp-block-file\"><object data-wp-bind--hidden=\"!state.hasPdfPreview\" hidden class=\"wp-block-file__embed\" data=\"https:\/\/klubvss.cz\/wp-content\/uploads\/2026\/04\/Caha-final1.pdf\" type=\"application\/pdf\" style=\"width:100%;height:600px\" aria-label=\"Vlo\u017eit z Caha final1.\"><\/object><a id=\"wp-block-file--media-e214e69a-6b1b-46be-bb34-312ea8229f25\" href=\"https:\/\/klubvss.cz\/wp-content\/uploads\/2026\/04\/Caha-final1.pdf\">Caha final1<\/a><a href=\"https:\/\/klubvss.cz\/wp-content\/uploads\/2026\/04\/Caha-final1.pdf\" class=\"wp-block-file__button wp-element-button\" download aria-describedby=\"wp-block-file--media-e214e69a-6b1b-46be-bb34-312ea8229f25\">St\u00e1hnout<\/a><\/div>\n","protected":false},"excerpt":{"rendered":"","protected":false},"author":1,"featured_media":0,"parent":21,"menu_order":0,"comment_status":"closed","ping_status":"closed","template":"","meta":{"ngg_post_thumbnail":0,"footnotes":""},"class_list":["post-2268","page","type-page","status-publish","hentry","nodate","item-wrap"],"_links":{"self":[{"href":"https:\/\/klubvss.cz\/index.php?rest_route=\/wp\/v2\/pages\/2268","targetHints":{"allow":["GET"]}}],"collection":[{"href":"https:\/\/klubvss.cz\/index.php?rest_route=\/wp\/v2\/pages"}],"about":[{"href":"https:\/\/klubvss.cz\/index.php?rest_route=\/wp\/v2\/types\/page"}],"author":[{"embeddable":true,"href":"https:\/\/klubvss.cz\/index.php?rest_route=\/wp\/v2\/users\/1"}],"replies":[{"embeddable":true,"href":"https:\/\/klubvss.cz\/index.php?rest_route=%2Fwp%2Fv2%2Fcomments&post=2268"}],"version-history":[{"count":2,"href":"https:\/\/klubvss.cz\/index.php?rest_route=\/wp\/v2\/pages\/2268\/revisions"}],"predecessor-version":[{"id":2271,"href":"https:\/\/klubvss.cz\/index.php?rest_route=\/wp\/v2\/pages\/2268\/revisions\/2271"}],"up":[{"embeddable":true,"href":"https:\/\/klubvss.cz\/index.php?rest_route=\/wp\/v2\/pages\/21"}],"wp:attachment":[{"href":"https:\/\/klubvss.cz\/index.php?rest_route=%2Fwp%2Fv2%2Fmedia&parent=2268"}],"curies":[{"name":"wp","href":"https:\/\/api.w.org\/{rel}","templated":true}]}}