{"id":23,"date":"2025-05-17T20:03:12","date_gmt":"2025-05-17T18:03:12","guid":{"rendered":"https:\/\/klubvss.cz\/?page_id=23"},"modified":"2025-12-17T08:15:13","modified_gmt":"2025-12-17T07:15:13","slug":"kontakty","status":"publish","type":"page","link":"https:\/\/klubvss.cz\/?page_id=23","title":{"rendered":"Kontakty"},"content":{"rendered":"<div class=\"wp-block-image\">\n<figure class=\"alignright size-full is-resized\"><img loading=\"lazy\" decoding=\"async\" width=\"2048\" height=\"1536\" src=\"https:\/\/klubvss.cz\/wp-content\/uploads\/2025\/09\/GABI0268.jpg\" alt=\"\" class=\"wp-image-184\" style=\"width:395px;height:auto\"\/><\/figure>\n<\/div>\n\n\n<p><strong>email: <\/strong>info@klubvss.cz<\/p>\n\n\n\n<p><strong>FB str\u00e1nky:<\/strong> Klub chovatel\u016f kr\u00e1l\u00edk\u016f Velk\u00fdch sv\u011btl\u00fdch st\u0159\u00edb\u0159it\u00fdch<\/p>\n\n\n\n<p><strong>P\u0159edseda<\/strong>: Tom\u00e1\u0161 Andrle     603 870 521<\/p>\n\n\n\n<p><strong>Jednatel<\/strong>:   Jakub Linek         730 188 453<\/p>\n\n\n\n<p><strong>Registr\u00e1tor<\/strong>:  Ji\u0159\u00ed \u0160ubr            721 881 260<\/p>\n\n\n\n<p><strong>Pokladn\u00edk<\/strong>: Gabriela Pila\u0159ov\u00e1 724 822 825<\/p>\n\n\n\n<p><strong>Datov\u00e1 schr\u00e1nka: <\/strong> qejwm6w<\/p>\n\n\n\n<p><strong>I\u010cO:<\/strong> 75079992<\/p>\n\n\n\n<p><\/p>\n","protected":false},"excerpt":{"rendered":"<p>email: info@klubvss.cz FB str\u00e1nky: Klub chovatel\u016f kr\u00e1l\u00edk\u016f Velk\u00fdch sv\u011btl\u00fdch st\u0159\u00edb\u0159it\u00fdch P\u0159edseda: Tom\u00e1\u0161 Andrle 603 870 521 Jednatel: Jakub Linek 730 188 453 Registr\u00e1tor: Ji\u0159\u00ed \u0160ubr 721 881 260 Pokladn\u00edk: Gabriela Pila\u0159ov\u00e1 724 822 825 Datov\u00e1 schr\u00e1nka: qejwm6w I\u010cO: 75079992<\/p>\n","protected":false},"author":1,"featured_media":0,"parent":0,"menu_order":-1,"comment_status":"closed","ping_status":"closed","template":"","meta":{"ngg_post_thumbnail":0,"footnotes":""},"class_list":["post-23","page","type-page","status-publish","hentry","nodate","item-wrap"],"_links":{"self":[{"href":"https:\/\/klubvss.cz\/index.php?rest_route=\/wp\/v2\/pages\/23","targetHints":{"allow":["GET"]}}],"collection":[{"href":"https:\/\/klubvss.cz\/index.php?rest_route=\/wp\/v2\/pages"}],"about":[{"href":"https:\/\/klubvss.cz\/index.php?rest_route=\/wp\/v2\/types\/page"}],"author":[{"embeddable":true,"href":"https:\/\/klubvss.cz\/index.php?rest_route=\/wp\/v2\/users\/1"}],"replies":[{"embeddable":true,"href":"https:\/\/klubvss.cz\/index.php?rest_route=%2Fwp%2Fv2%2Fcomments&post=23"}],"version-history":[{"count":5,"href":"https:\/\/klubvss.cz\/index.php?rest_route=\/wp\/v2\/pages\/23\/revisions"}],"predecessor-version":[{"id":1119,"href":"https:\/\/klubvss.cz\/index.php?rest_route=\/wp\/v2\/pages\/23\/revisions\/1119"}],"wp:attachment":[{"href":"https:\/\/klubvss.cz\/index.php?rest_route=%2Fwp%2Fv2%2Fmedia&parent=23"}],"curies":[{"name":"wp","href":"https:\/\/api.w.org\/{rel}","templated":true}]}}