{"id":2369,"date":"2026-05-05T10:10:31","date_gmt":"2026-05-05T08:10:31","guid":{"rendered":"https:\/\/klubvss.cz\/?page_id=2369"},"modified":"2026-05-05T10:15:57","modified_gmt":"2026-05-05T08:15:57","slug":"navsteva-u-jozky-rezoni","status":"publish","type":"page","link":"https:\/\/klubvss.cz\/?page_id=2369","title":{"rendered":"N\u00e1v\u0161t\u011bva u Jo\u017eky Re\u017eoni"},"content":{"rendered":"\n<div data-wp-interactive=\"core\/file\" class=\"wp-block-file\"><object data-wp-bind--hidden=\"!state.hasPdfPreview\" hidden class=\"wp-block-file__embed\" data=\"https:\/\/klubvss.cz\/wp-content\/uploads\/2026\/05\/Jozo-rozhovor-final-1.pdf\" type=\"application\/pdf\" style=\"width:100%;height:600px\" aria-label=\"Vlo\u017eit z Jo\u017eo rozhovor final.\"><\/object><a id=\"wp-block-file--media-3c61e23f-4711-43a6-849f-a56db61284d7\" href=\"https:\/\/klubvss.cz\/wp-content\/uploads\/2026\/05\/Jozo-rozhovor-final-1.pdf\">Jo\u017eo rozhovor final<\/a><a href=\"https:\/\/klubvss.cz\/wp-content\/uploads\/2026\/05\/Jozo-rozhovor-final-1.pdf\" class=\"wp-block-file__button wp-element-button\" download aria-describedby=\"wp-block-file--media-3c61e23f-4711-43a6-849f-a56db61284d7\">St\u00e1hnout<\/a><\/div>\n","protected":false},"excerpt":{"rendered":"","protected":false},"author":1,"featured_media":0,"parent":21,"menu_order":0,"comment_status":"closed","ping_status":"closed","template":"","meta":{"ngg_post_thumbnail":0,"footnotes":""},"class_list":["post-2369","page","type-page","status-publish","hentry","nodate","item-wrap"],"_links":{"self":[{"href":"https:\/\/klubvss.cz\/index.php?rest_route=\/wp\/v2\/pages\/2369","targetHints":{"allow":["GET"]}}],"collection":[{"href":"https:\/\/klubvss.cz\/index.php?rest_route=\/wp\/v2\/pages"}],"about":[{"href":"https:\/\/klubvss.cz\/index.php?rest_route=\/wp\/v2\/types\/page"}],"author":[{"embeddable":true,"href":"https:\/\/klubvss.cz\/index.php?rest_route=\/wp\/v2\/users\/1"}],"replies":[{"embeddable":true,"href":"https:\/\/klubvss.cz\/index.php?rest_route=%2Fwp%2Fv2%2Fcomments&post=2369"}],"version-history":[{"count":2,"href":"https:\/\/klubvss.cz\/index.php?rest_route=\/wp\/v2\/pages\/2369\/revisions"}],"predecessor-version":[{"id":2374,"href":"https:\/\/klubvss.cz\/index.php?rest_route=\/wp\/v2\/pages\/2369\/revisions\/2374"}],"up":[{"embeddable":true,"href":"https:\/\/klubvss.cz\/index.php?rest_route=\/wp\/v2\/pages\/21"}],"wp:attachment":[{"href":"https:\/\/klubvss.cz\/index.php?rest_route=%2Fwp%2Fv2%2Fmedia&parent=2369"}],"curies":[{"name":"wp","href":"https:\/\/api.w.org\/{rel}","templated":true}]}}