{"id":40,"date":"2025-05-20T21:24:26","date_gmt":"2025-05-20T19:24:26","guid":{"rendered":"https:\/\/klubvss.cz\/?page_id=40"},"modified":"2025-11-17T19:27:21","modified_gmt":"2025-11-17T18:27:21","slug":"historie-klubu","status":"publish","type":"page","link":"https:\/\/klubvss.cz\/?page_id=40","title":{"rendered":"Historie klubu"},"content":{"rendered":"\n<p>Velk\u00fd sv\u011btl\u00fd st\u0159\u00edb\u0159it\u00fd pat\u0159\u00ed dlouhodob\u011b k nejobl\u00edben\u011bj\u0161\u00edm plemen\u016fm kr\u00e1l\u00edk\u016f u n\u00e1s.<\/p>\n\n\n<div class=\"wp-block-image\">\n<figure class=\"alignright size-full is-resized\"><img loading=\"lazy\" decoding=\"async\" width=\"1563\" height=\"1563\" src=\"https:\/\/klubvss.cz\/wp-content\/uploads\/2025\/05\/LOGO-Vss.jpg\" alt=\"\" class=\"wp-image-8\" style=\"width:188px;height:auto\"\/><\/figure>\n<\/div>\n\n\n<p><strong>N\u011bco z historie<\/strong><\/p>\n\n\n\n<p>Po\u010d\u00e1tkem roku 1967 skupina chovatel\u016f ze severn\u00ed Moravy a Slezska iniciovala zalo\u017een\u00ed klubu chovatel\u016f velmi roz\u0161\u00ed\u0159en\u00e9ho plemene kr\u00e1l\u00edk\u016f Francouzsk\u00fdch st\u0159\u00edb\u0159it\u00fdch (Fs) a na 9. \u010dervence 1967 svolala do Opavy ustavuj\u00edc\u00ed sch\u016fzi. Zde se se\u0161lo 28 chovatel\u016f a Klub chovatel\u016f Fs byl na sv\u011bt\u011b. Vzhledem k obl\u00edbenosti plemene, nad\u0161en\u00ed chovatel\u016f a pr\u00e1ci chovatel\u016f a funkcion\u00e1\u0159\u016f se za\u010dal rychle rozv\u00edjet. Prvn\u00edm p\u0159edsedou klubu byl Kv\u011btoslav Lhotsk\u00fd a jednatelem Arno\u0161t Hapal, oba z Opavy.<\/p>\n\n\n\n<p class=\"has-text-align-left\">Ji\u017e koncem roku 1967 m\u011bl klub 60 \u010dlen\u016f, v roce 1982 jich bylo 70. Stovku \u010dlen\u016f m\u011bl klub p\u0159ibli\u017en\u011b v roce 1984 a s nevelk\u00fdmi rozd\u00edly se tento po\u010det udr\u017euje dodnes. Do rozd\u011blen\u00ed republiky b\u00fdvalo v\u017edy n\u011bkolik \u010dlen\u016f ze Slovenska.<\/p>\n\n\n\n<p class=\"has-text-align-left\">V\u011brn\u00fdch a ob\u011btav\u00fdch chovatel\u016f, \u010dlen\u016f klubu, je cel\u00e1 \u0159ada. T\u011bmi nejvytrvalej\u0161\u00edmi jsou do dne\u0161n\u00edch dn\u00ed Milo\u0161 Kopeck\u00fd ze Sadov\u00e9 (\u010dlen od roku 1974), Alfr\u00e9d Halienka z Litv\u00ednova (od r. 1973), Pavel Moucha z Lu\u0161t\u011bnic (od r. 1972) a Ladislav R\u00e1li\u0161 z Jablonce nad Nisou (od r. 1969). \u010cestn\u00fdm \u010dlenem klubu je i b\u00fdval\u00fd klubov\u00fd pokladn\u00edk V\u011broslav \u0160edina z \u00daval (od r. 1971).<\/p>\n\n\n\n<p class=\"has-text-align-left\">Z historie uv\u00e1d\u00edm \u00fasp\u011b\u0161n\u00e9 chovatele, kte\u0159\u00ed se ve sv\u00e9 dob\u011b v\u00fdznamn\u011b pod\u00edleli na rozvoji plemene u n\u00e1s: Ing. Anton\u00edn \u017dalkovsk\u00fd z Chrustenic, Ji\u0159\u00ed Trejbal z Plzn\u011b \u2013 Koterova, Josef Mach\u00e1\u010dek z K\u0159enovic, Stanislav Sunkovsk\u00fd z Po\u010ded\u011blic, Stanislav Cm\u00edral z \u00daval, Franti\u0161ek Mat\u011bjka z Horou\u0161an, Zden\u011bk Musil z Tu\u0159an, Zden\u011bk Pe\u010denka z Drahkova a dal\u0161\u00ed. M\u016f\u017eeme vzpom\u00ednat na dal\u0161\u00ed skv\u011bl\u00e9 chovatele. \u0158adu z n\u00e1s zas\u00e1hly n\u00e1hl\u00e9 odchody Pavla \u017d\u010f\u00e1rsk\u00e9ho z Podhorn\u00edho \u00dajezdu, Aloise Duch\u00e1\u010dka z Chocn\u011b nebo Josefa Br\u00e1zdy z Horn\u00ed Mo\u0161t\u011bnice.<\/p>\n\n\n\n<p class=\"has-text-align-left\">Klubov\u00e1 pr\u00e1ce je p\u0159edev\u0161\u00edm v\u011bc\u00ed ob\u011btavosti p\u0159edn\u00edch funkcion\u00e1\u0159\u016f. Zde si rovn\u011b\u017e dovol\u00edm vzpomenout n\u011bkter\u00e1 jm\u00e9na. P\u0159edsedov\u00e9: Kv\u011btoslav Lhotsk\u00fd, ing. Miroslav O\u010den\u00e1\u0161ek, Stanislav Cm\u00edral, Pavel Moucha, dr. Miroslav Martinec a Miroslav Caha. Jednatel\u00e9: Arno\u0161t Hapal, Josef Beran, ing. Pavel Mat\u011bjka, ing. Stanislav Vacek, V\u00e1clav Andla, Josef Kvasni\u010dka a ing. Otakar Janeba. D\u00edky jejich ob\u011btavosti byly vytv\u00e1\u0159eny stabiln\u00ed podm\u00ednky pro klubovou pr\u00e1ci. O zaveden\u00ed n\u00e1zvu Velk\u00fd sv\u011btl\u00fd st\u0159\u00edb\u0159it\u00fd v roce 1982 se zm\u00edn\u00edm v n\u00e1sleduj\u00edc\u00ed kapitole.<\/p>\n\n\n\n<p class=\"has-text-align-left\"><strong>Klubov\u00e1 a plemen\u00e1\u0159sk\u00e1 pr\u00e1ce<\/strong><\/p>\n\n\n\n<p class=\"has-text-align-left\">Z\u00e1kladem chovu je plemen\u00e1\u0159sk\u00e1 pr\u00e1ce. Jej\u00ed prvn\u00ed podm\u00ednkou je evidence \u2013 registrace. Zde je nutn\u00e9 ocenit a vyzvednout p\u0159\u00ednos Alfr\u00e9da Halienky, od roku 1975 klubov\u00e9ho registr\u00e1tora, jeho\u017e p\u0159esn\u00e1 a rychl\u00e1 pr\u00e1ce se dostala do klubov\u00e9 historie a je oce\u0148ov\u00e1na v\u0161emi \u010dleny klubu.<\/p>\n\n\n\n<p class=\"has-text-align-left\">Chovatelsk\u00e1 aktivita klubu by se mohla vyj\u00e1d\u0159it rozsahem pr\u00e1ce Alfr\u00e9da Halienky. V posledn\u00edch letech eviduje ro\u010dn\u011b 2 500 a\u017e 3 000 ml\u00e1\u010fat. V\u00edce ne\u017e 3 000 kr\u00e1l\u00edk\u016f bylo zaevidov\u00e1no poprv\u00e9 v roce 1985, rekordn\u00ed byl rok 1999 s po\u010dtem 3 748 ml\u00e1\u010fat. V roce 1999 m\u011bl klub i nejv\u011bt\u0161\u00ed po\u010det kontrolovan\u00fdch chov\u016f \u2013 9 K a 9 P chov\u016f.<\/p>\n\n\n\n<p class=\"has-text-align-left\">Klubov\u00e1 a plemen\u00e1\u0159sk\u00e1 pr\u00e1ce zahrnuje, podobn\u011b jako v n\u011bkter\u00fdch dal\u0161\u00edch klubech, z\u00e1sadn\u00ed plemen\u00e1\u0159sk\u00e1 opat\u0159en\u00ed \u2013 v\u00fdb\u011br nejlep\u0161\u00edch zv\u00ed\u0159at, typizaci, liniovou plemenitbu, vyhodnocen\u00ed nejkvalitn\u011bj\u0161\u00edch plemen\u00edk\u016f (jen veden\u00ed plemenn\u00fdch knih se v klubu neuchytilo).<\/p>\n\n\n\n<p class=\"has-text-align-left\">K syst\u00e9mu t\u00e9to \u010dinnosti je vhodn\u00e9 p\u0159i\u0159adit i motiva\u010dn\u00ed prvky pro chovatele \u2013 sout\u011b\u017ee a vyhodnocen\u00ed nejlep\u0161\u00edch chovatel\u016f. Z\u00e1kladem jsou speci\u00e1ln\u00ed v\u00fdstavy a motivace k \u00fa\u010dasti na nich. Mus\u00ed chovatele opravdu bavit a zaj\u00edmat.<\/p>\n\n\n\n<p class=\"has-text-align-left\">M\u00e1me za sebou 30. ro\u010dn\u00edk speci\u00e1ln\u00ed v\u00fdstavy a proto si dovoluji stru\u010dnou rekapitulaci. Prvn\u00ed klubov\u00e1 expozice prob\u011bhla v listopadu 1967 na v\u00fdstavi\u0161ti v Ostrav\u011b. Zde bylo p\u0159edvedeno 30 ks Fs. V sedmdes\u00e1t\u00fdch letech prob\u011bhly speci\u00e1lky v \u00davalech s po\u010dtem 60 a\u017e 140 kr\u00e1l\u00edk\u016f, v Pla\u010dic\u00edch 1981 bylo vystaveno 139 ks a v roce 1982 ji\u017e t\u00e9m\u011b\u0159 200 kr\u00e1l\u00edk\u016f .<\/p>\n\n\n\n<p class=\"has-text-align-left\">Ur\u010dit\u00fdm mezn\u00edkem byla speci\u00e1ln\u00ed v\u00fdstava v Rudn\u00e9 u Prahy v roce 1983 s t\u00e9m\u011b\u0159 \u010dty\u0159mi sty vystaven\u00fdch Velk\u00fdch sv\u011btl\u00fdch st\u0159\u00edb\u0159it\u00fdch. Od roku 1984 se uskute\u010dnilo 10 ro\u010dn\u00edk\u016f v Chocni. V roce 1986 se do choce\u0148sk\u00e9 haly \u201eve\u0161lo\u201c rekordn\u00edch 533 kr\u00e1l\u00edk\u016f Vss. V roce 1996 speci\u00e1lky p\u0159es\u00eddlily do Pla\u010dic u Hradce Kr\u00e1lov\u00e9. Ji\u017e 12 ro\u010dn\u00edk\u016f je mo\u017eno pova\u017eovat, zejm\u00e9na z\u00e1sluhou chovatel\u016f \u2013 po\u0159adatel\u016f, \u010dlen\u016f klubu z okol\u00ed Hradce Kr\u00e1lov\u00e9, za \u00factyhodnou \u0159adu.<\/p>\n\n\n\n<p class=\"has-text-align-left\">V letech 1982 \u201383 bylo zapo\u010dato s liniovou plemenitbou zalo\u017een\u00edm lini\u00ed 20 a\u017e 22. Ka\u017edoro\u010dn\u011b jsou po nej\u00fasp\u011b\u0161n\u011bj\u0161\u00edch plemen\u00edc\u00edch zakl\u00e1d\u00e1ny nov\u00e9 linie, star\u00e9, jak je p\u0159irozen\u00e9, zanikaj\u00ed. V sou\u010dasn\u00e9 dob\u011b je ustaveno 16 lini\u00ed. Typizace byla u chovn\u00fdch Fs zavedena od roku 1976. P\u016fvodn\u011b m\u011bla podobu popisu<\/p>\n\n\n\n<p class=\"has-text-align-left\">jednotliv\u00fdch pozic standardu (A,T,S,B,P). Od roku 1988 byl zaveden popis jednotliv\u00fdch nejv\u00fdznamn\u011bj\u0161\u00edch znak\u016f exteri\u00e9ru \u2013 hlavy, k\u016f\u017ee na p\u0159edn\u00ed partii, h\u0159betu, mohutnosti t\u011bla, utv\u00e1\u0159en\u00ed u\u0161\u00ed, p\u0159edn\u00edch kon\u010detin, srsti, odst\u00ednu st\u0159\u00edb\u0159itosti, stejnom\u011brnosti st\u0159\u00edb\u0159itost, pes\u00edkov\u00e1n\u00ed, barvy podsady na h\u0159bet\u011b a zvl\u00e1\u0161\u0165 na spodn\u00ed partii t\u011bla. V minul\u00e9m roce byl typiza\u010dn\u00ed k\u00f3d dopln\u011bn o hustotu srsti a jeho sou\u010d\u00e1st\u00ed je i hmotnost kr\u00e1l\u00edka. Na speci\u00e1lce jsou typizov\u00e1ni samci nad 94 a samice nad 93 bod\u016f.<\/p>\n\n\n\n<p class=\"has-text-align-left\">Mezn\u00edkem chovu je datum 1.7.1982. Nov\u00fd vzorn\u00edk opou\u0161t\u00ed n\u00e1zev Francouzsk\u00fd st\u017e\u00edb\u0159it\u00fd a zav\u00e1d\u00ed Velk\u00e9ho sv\u011btl\u00e9ho st\u0159\u00edb\u0159it\u00e9ho. To se samoz\u0159ejm\u011b neobe\u0161lo bez komplikac\u00ed a diskus\u00ed, z nich\u017e n\u011bkter\u00e9 p\u0159etrv\u00e1vaj\u00ed dodnes.<\/p>\n\n\n\n<p class=\"has-text-align-left\">V\u00fdznamn\u00fdmi mezn\u00edky byly i Evropsk\u00e9 v\u00fdstavy Brno 1998 a Praha 2004, kde jsme se rozhodn\u011b neztratili.<\/p>\n\n\n\n<p class=\"has-text-align-left\">Od roku 1987 uv\u00e1d\u00edme v katalogu speci\u00e1ln\u00ed v\u00fdstavy p\u016fvody t\u0159\u00ed\u010dlenn\u00fdch kolekc\u00ed a je zalo\u017eena mistrovsk\u00e1 sout\u011b\u017e (\u201eMistr klubu\u201c) podle vyhodnocen\u00ed dvou t\u0159\u00ed\u010dlenn\u00fdch kolekc\u00ed po r\u016fzn\u00fdch samc\u00edch. Od roku 1992 vyhodnocujeme \u201e\u0160ampion\u00e1t plemen\u00edk\u016f Vss\u201c podle dvou nejlep\u0161\u00edch kolekc\u00ed potomstva. Jestli\u017ee v roce 2007 bylo vyhodnoceno po\u0159ad\u00ed dvaat\u0159iceti plemen\u00edk\u016f, sv\u011bd\u010d\u00ed to o v\u00fdznamu takov\u00e9to sout\u011b\u017ee.<\/p>\n\n\n\n<p class=\"has-text-align-left\">V roce 1993 byla zalo\u017eena sout\u011b\u017e \u201eLiga klubu\u201c vyhodnocovan\u00e1 ve dvoulet\u00fdch intervalech. Jsou do n\u00ed zapo\u010d\u00edt\u00e1v\u00e1ny v\u00fdsledky z vyjmenovan\u00fdch celost\u00e1tn\u00edch, n\u00e1rodn\u00edch a speci\u00e1ln\u00edch, p\u0159\u00edpadn\u011b evropsk\u00fdch v\u00fdstav. O po\u0159ad\u00ed rozhoduje v\u017edy 15 nejlep\u0161\u00edch v\u00fdsledk\u016f, p\u0159i\u010dem\u017e z jedn\u00e9 v\u00fdstavy lze zapo\u010d\u00edst nejv\u00edce 6 kr\u00e1l\u00edk\u016f. Po\u0159ad\u00ed slou\u017eilo i pro rozhodov\u00e1n\u00ed v\u00fdboru klubu k doporu\u010den\u00ed kandid\u00e1t\u016f na kontrolovan\u00e9 chovy.<\/p>\n\n\n\n<p class=\"has-text-align-left\">Pro chovatele je na ka\u017ed\u00e9 speci\u00e1ln\u00ed v\u00fdstav\u011b nejatraktivn\u011bj\u0161\u00ed vyhodnocen\u00ed nejlep\u0161\u00edch zv\u00ed\u0159at a nejlep\u0161\u00edch kolekc\u00ed. Pro jejich kvalifikovan\u00fd, nezaujat\u00fd a co nejobjektivn\u011bj\u0161\u00ed v\u00fdb\u011br je zpracov\u00e1n p\u0159ehledn\u00fd systematick\u00fd postup, proto\u017ee zodpov\u011bdn\u011b vybrat ze \u0161esti set zv\u00ed\u0159at ta nejkvalitn\u011bj\u0161\u00ed je pro posuzovatele opravdu slo\u017eit\u00fd \u00fakol. V\u00fdb\u011br nejlep\u0161\u00edch samc\u016f a kr\u00e1lic a vyhl\u00e1\u0161en\u00ed \u0161ampi\u00f3n\u016f je pak skute\u010dn\u00fdm vrcholem speci\u00e1lky.<\/p>\n\n\n\n<p class=\"has-text-align-left\">Klubov\u00e9 ro\u010denky jsou souhrnem v\u0161eho podstatn\u00e9ho. Jsou vyd\u00e1v\u00e1ny od roku 1980 jako zdroj informac\u00ed, ale i inspirace. Maj\u00ed svou aktu\u00e1ln\u00ed i pam\u011btnickou hodnotu, co\u017e plat\u00ed i pro katalogy na\u0161ich speci\u00e1ln\u00edch v\u00fdstav.<\/p>\n\n\n\n<p class=\"has-text-align-left\">Klubov\u00e1 pr\u00e1ce je p\u0159edev\u0161\u00edm spole\u010dnou prac\u00ed p\u0159i \u0161lecht\u011bn\u00ed Vss, spoluprac\u00ed i soupe\u0159en\u00edm, s c\u00edlem odchovat st\u00e1le kr\u00e1sn\u011bj\u0161\u00ed obl\u00edben\u00e1 zv\u00ed\u0159ata. Je spole\u010dn\u00fdm \u00fasil\u00edm na spole\u010dn\u00e9m kon\u00ed\u010dku. Zda se n\u00e1m to v klubu skute\u010dn\u011b da\u0159\u00ed ponech\u00e1m na \u010dten\u00e1\u0159i. Jist\u011b bychom na\u0161li i p\u0159\u00edklady toho, co jsme mohli zvl\u00e1dnout jinak, l\u00e9pe nebo na co nezbyl \u010das.<\/p>\n\n\n\n<p class=\"has-text-align-left\">\u010cas let\u00ed, lid\u00e9 p\u0159ich\u00e1zej\u00ed a odch\u00e1zej\u00ed, doby se m\u011bn\u00ed a m\u011bn\u00ed se i podm\u00ednky pro na\u0161e chovatelstv\u00ed. V\u017edy v\u0161ak bude z\u00e1le\u017eet na z\u00e1jmu a nad\u0161en\u00ed pro n\u00e1\u0161 kon\u00ed\u010dek, jemu\u017e v\u011bnujeme \u010das, um, p\u00edli i prost\u0159edky. P\u0159es probl\u00e9my, kter\u00e9 p\u0159inesly r\u016fzn\u00e9 doby, je za \u010dleny klubu obrovsk\u00fd kus pr\u00e1ce \u2013 stabiln\u00ed prost\u0159ed\u00ed pro chovatelsk\u00fd pokrok, v\u00fdstavy a sout\u011b\u017ee, ust\u00e1len\u00fd syst\u00e9m vyhodnocov\u00e1n\u00ed nejlep\u0161\u00edch zv\u00ed\u0159at a nej\u00fasp\u011b\u0161n\u011bj\u0161\u00edch chovatel\u016f, to v\u0161e podporuje z\u00e1jem chovatel\u016f na \u010dinnosti klubu a je trvalou hodnotou i do budoucnosti.<\/p>\n\n\n\n<p class=\"has-text-align-left\">Na z\u00e1v\u011br chci pod\u011bkovat v\u0161em chovatel\u016fm i funkcion\u00e1\u0159\u016fm klubu za jejich pr\u00e1ci a pop\u0159\u00e1t v\u0161em hodn\u011b spokojenosti do dal\u0161\u00edch let spole\u010dn\u00e9 \u010dinnosti.<\/p>\n\n\n\n<p>MVDr. Miloslav Martinec<\/p>\n","protected":false},"excerpt":{"rendered":"<p>Velk\u00fd sv\u011btl\u00fd st\u0159\u00edb\u0159it\u00fd pat\u0159\u00ed dlouhodob\u011b k nejobl\u00edben\u011bj\u0161\u00edm plemen\u016fm kr\u00e1l\u00edk\u016f u n\u00e1s. N\u011bco z historie Po\u010d\u00e1tkem roku 1967 skupina chovatel\u016f ze severn\u00ed Moravy a Slezska iniciovala zalo\u017een\u00ed klubu chovatel\u016f velmi roz\u0161\u00ed\u0159en\u00e9ho plemene kr\u00e1l\u00edk\u016f Francouzsk\u00fdch st\u0159\u00edb\u0159it\u00fdch (Fs) a na 9. \u010dervence 1967 svolala do Opavy ustavuj\u00edc\u00ed sch\u016fzi. Zde se se\u0161lo 28 chovatel\u016f a Klub chovatel\u016f Fs byl &hellip; <\/p>\n<p><a class=\"more-link btn\" href=\"https:\/\/klubvss.cz\/?page_id=40\">Pokra\u010dovat ve \u010dten\u00ed<\/a><\/p>\n","protected":false},"author":1,"featured_media":0,"parent":13,"menu_order":-10,"comment_status":"closed","ping_status":"closed","template":"","meta":{"ngg_post_thumbnail":0,"footnotes":""},"class_list":["post-40","page","type-page","status-publish","hentry","nodate","item-wrap"],"_links":{"self":[{"href":"https:\/\/klubvss.cz\/index.php?rest_route=\/wp\/v2\/pages\/40","targetHints":{"allow":["GET"]}}],"collection":[{"href":"https:\/\/klubvss.cz\/index.php?rest_route=\/wp\/v2\/pages"}],"about":[{"href":"https:\/\/klubvss.cz\/index.php?rest_route=\/wp\/v2\/types\/page"}],"author":[{"embeddable":true,"href":"https:\/\/klubvss.cz\/index.php?rest_route=\/wp\/v2\/users\/1"}],"replies":[{"embeddable":true,"href":"https:\/\/klubvss.cz\/index.php?rest_route=%2Fwp%2Fv2%2Fcomments&post=40"}],"version-history":[{"count":5,"href":"https:\/\/klubvss.cz\/index.php?rest_route=\/wp\/v2\/pages\/40\/revisions"}],"predecessor-version":[{"id":1121,"href":"https:\/\/klubvss.cz\/index.php?rest_route=\/wp\/v2\/pages\/40\/revisions\/1121"}],"up":[{"embeddable":true,"href":"https:\/\/klubvss.cz\/index.php?rest_route=\/wp\/v2\/pages\/13"}],"wp:attachment":[{"href":"https:\/\/klubvss.cz\/index.php?rest_route=%2Fwp%2Fv2%2Fmedia&parent=40"}],"curies":[{"name":"wp","href":"https:\/\/api.w.org\/{rel}","templated":true}]}}