{"id":42,"date":"2025-05-20T21:27:13","date_gmt":"2025-05-20T19:27:13","guid":{"rendered":"https:\/\/klubvss.cz\/?page_id=42"},"modified":"2025-09-28T20:26:02","modified_gmt":"2025-09-28T18:26:02","slug":"50-vyroci-klubu","status":"publish","type":"page","link":"https:\/\/klubvss.cz\/?page_id=42","title":{"rendered":"50. v\u00fdro\u010d\u00ed Klubu"},"content":{"rendered":"\n<p><\/p>\n\n\n\n<p>\u2026 a l\u00e9ta b\u011b\u017e\u00ed v\u00e1\u017een\u00ed aneb na \u00favod vzpom\u00ednkov\u00e9ho \u201ealmanachu\u201c<\/p>\n\n\n\n<p><br>\u017de \u010das let\u00ed n\u00e1m nezadr\u017eiteln\u011b p\u0159ipom\u00edn\u00e1 leto\u0161n\u00ed 50. v\u00fdro\u010d\u00ed zalo\u017een\u00ed Klubu chovatel\u016f kr\u00e1l\u00edk\u016f Vss a<br>shodou okolnost\u00ed i kulat\u00e9 po\u0159adov\u00e9 \u010d\u00edslo 40. speci\u00e1ln\u00ed v\u00fdstavy \u201ena\u0161ich\u201c Velk\u00fdch sv\u011btl\u00fdch st\u0159\u00edb\u0159it\u00fdch.<br>Velk\u00fd sv\u011btl\u00fd st\u0159\u00edb\u0159it\u00fd pat\u0159\u00ed dlouhodob\u011b k nejobl\u00edben\u011bj\u0161\u00edm plemen\u016fm kr\u00e1l\u00edk\u016f u n\u00e1s \u2013 pro ilustraci<br>v minul\u00e9m roce byl Vss nejpo\u010detn\u011bji registrovan\u00fdm plemenem, ani na vrcholn\u00fdch v\u00fdstav\u00e1ch<br>nez\u016fst\u00e1v\u00e1 pozadu a vzhledem k pod\u00edlu \u010dlen\u016f klubu je to mo\u017eno pova\u017eovat i za odraz klubov\u00e9 pr\u00e1ce.<\/p>\n\n\n\n<p><br><strong>N\u011bco z historie<\/strong><br>Po\u010d\u00e1tkem roku 1967 skupina chovatel\u016f ze severn\u00ed Moravy a Slezska iniciovala zalo\u017een\u00ed ji\u017e tehdy<br>velmi roz\u0161\u00ed\u0159en\u00e9ho plemene kr\u00e1l\u00edk\u016f Francouzsk\u00fd st\u0159\u00edb\u0159it\u00fd (Fs) a na 9. \u010dervence 1967 do Opavy svolala<br>ustavuj\u00edc\u00ed sch\u016fzi klubu (p\u016fvodn\u00ed term\u00edn 24. 6. byl tenkr\u00e1t odlo\u017een z d\u016fvodu kon\u00e1n\u00ed celost\u00e1tn\u00edho<br>kr\u00e1l\u00edk\u00e1\u0159sk\u00e9ho aktivu).<br>Zde se se\u0161lo 28 chovatel\u016f, klub chovatel\u016f Fs byl na sv\u011bt\u011b a vzhledem k obl\u00edbenosti plemene,<br>nad\u0161en\u00ed chovatel\u016f i pr\u00e1ci \u0159ady chovatel\u016f a funkcion\u00e1\u0159\u016f se za\u010dal rychle rozv\u00edjet. Prvn\u00edm p\u0159edsedou byl<br>Kv\u011btoslav Lhotsk\u00fd a jednatelem Arno\u0161t Hapal, oba z Opavy.<br>\u010clensk\u00e1 z\u00e1kladna \u2013 ji\u017e koncem roku 1967 m\u011bl klub 60 \u010dlen\u016f, v roce 1982 to bylo 70. Stovky \u010dlen\u016f<br>klubu bylo dosa\u017eeno zhruba v roce 1984 (v\u017edy bylo i n\u011bkolik \u010dlen\u016f ze Slovenska) a s minim\u00e1ln\u00edmi<br>v\u00fdkyvy se udr\u017euje po\u010det \u010dlen\u016f kolem tohoto po\u010dtu, p\u0159esto bychom r\u00e1di pos\u00edlili.<br>V\u011brn\u00fdch a ob\u011btav\u00fdch chovatel\u016f, \u010dlen\u016f klubu je cel\u00e1 \u0159ada, t\u011bmi nejvytrvalej\u0161\u00edmi jsou do dne\u0161n\u00edch dn\u00ed<br>Milo\u0161 Kopeck\u00fd za Sadov\u00e9 (\u010dlenstv\u00ed od roku 1974), Pavel Moucha z Lu\u0161t\u011bnic (od r. 1972).<br>Z historie je dob\u0159e uv\u00e9st \u00fasp\u011b\u0161n\u00e9 chovatele, kte\u0159\u00ed se v\u00fdznamn\u011b pod\u00edleli ve sv\u00e9 dob\u011b na rozvoji<br>plemene \u2013 z\u00e1m\u011brn\u011b sp\u00ed\u0161e jm\u00e9na z historie, ka\u017ed\u00e1 doba m\u011bla sv\u00e9 \u0161ampi\u00f3ny: Ing. Anton\u00edn \u017dalkovsk\u00fd<br>z Chrustenic, Ji\u0159\u00ed Trejbal z Plzn\u011b \u2013 Koterova, Josef Mach\u00e1\u010dek z K\u0159enovic, Stanislav Sunkovsk\u00fd<br>z Po\u010ded\u011blic, Stanislav Cm\u00edral z \u00daval, Franti\u0161ek Mat\u011bjka z Horou\u0161an, Zden\u011bk Musil z Tu\u0159an, Zden\u011bk<br>Pe\u010denka z Drahkova a dal\u0161\u00ed. T\u011b\u017eko vzpom\u00ednat na dal\u0161\u00ed skv\u011bl\u00e9 chovatele, nej\u00fasp\u011b\u0161n\u011bj\u0161\u00ed i ty m\u00e9n\u011b.<br>P\u0159ehled dlouhodob\u011b z v\u00fdsledk\u016f speci\u00e1lek je d\u00e1le a v\u0161echny \u00fasp\u011b\u0161n\u00e9 chovatele tam najdeme .<br>Kamar\u00e1di odch\u00e1zej\u00ed, \u0159adu z n\u00e1s zas\u00e1hly n\u00e1hl\u00e9 odchody Pavla \u017dd\u00e1rsk\u00e9ho z Podhorn\u00edho \u00dajezdu,<br>Aloise Duch\u00e1\u010dka z Chocn\u011b nebo Josefa Br\u00e1zdy z Horn\u00ed Mo\u0161t\u011bnice, je na m\u00edst\u011b vzpomenou na v\u0161echny.<br>Klubov\u00e1 pr\u00e1ce je p\u0159edev\u0161\u00edm v\u011bc\u00ed ob\u011btavosti p\u0159edn\u00edch funkcion\u00e1\u0159\u016f, zde si rovn\u011b\u017e dovol\u00edm<br>vzpomenout n\u011bkter\u00e1 jm\u00e9na \u2013 p\u0159edsedov\u00e9 \u2013 Kv\u011btoslav Lhotsk\u00fd, Ing. Miroslav O\u010den\u00e1\u0161ek, Stanislav<br>Cm\u00edral, Pavel Moucha, Miroslav Caha, v sou\u010dasnosti Miloslav Martinec, jednatel\u00e9 \u2013 Arno\u0161t Hapal,<br>Josef Beran, Ing. Pavel Mat\u011bjka, Ing. Stanislav Vacek, V\u00e1clav Andla, Josef Kvasni\u010dka, Ing. Otakar<br>Janeba a nyn\u00ed Tom\u00e1\u0161 Andrle \u2013 d\u00edky ob\u011btavosti byly vytv\u00e1\u0159eny stabiln\u00ed podm\u00ednky pro klubovou pr\u00e1ci.<\/p>\n\n\n\n<p><br><strong>Klubov\u00e1 plemen\u00e1\u0159sk\u00e1 pr\u00e1ce<\/strong><br>Z\u00e1kladem chovu je samoz\u0159ejm\u011b plemen\u00e1\u0159sk\u00e1 pr\u00e1ce &#8211; jej\u00ed prvn\u00ed podm\u00ednkou je evidence \u2013 registrace.<br>Zde je nutn\u00e9 ocenit a vyzvednout p\u0159\u00ednos Alfr\u00e9da Halienky, klubov\u00e9ho registr\u00e1tora ji\u017e od roku 1975,<br>jeho\u017e p\u0159esn\u00e1 a rychl\u00e1 pr\u00e1ce se dostala do klubov\u00e9 historie, i nyn\u00ed (u\u017e od roku 2008) je registr\u00e1tor Jirka<br>\u0160ubr oce\u0148ov\u00e1n v\u0161emi \u010dleny klubu. Pozornost zaslou\u017e\u00ed konstatov\u00e1n\u00ed, \u017ee po dobu pades\u00e1ti let byli pouze<br>t\u0159i registr\u00e1to\u0159i \u2013 t\u00edm prvn\u00edm byl do roku 1975 Fr. Sedl\u00e1\u010dek z Hlu\u010d\u00edna. Chovatelsk\u00e1 aktivita by se<br>mohla vyj\u00e1d\u0159it rozsahem pr\u00e1ce registr\u00e1tora \u2013 v samostatn\u00e9m p\u0159ehledu je uveden po\u010det registrovan\u00fdch<br>kr\u00e1l\u00edk\u016f.<br>Klubov\u00e1 plemen\u00e1\u0159sk\u00e1 pr\u00e1ce zahrnuje podobn\u011b jako v n\u011bkter\u00fdch dal\u0161\u00edch klubech z\u00e1sadn\u00ed<br>plemen\u00e1\u0159sk\u00e1 opat\u0159en\u00ed \u2013 v\u00fdb\u011br nejlep\u0161\u00edch zv\u00ed\u0159at, typizaci, liniovou plemenitbu, vyhodnocen\u00ed<br>nejkvalitn\u011bj\u0161\u00edch plemen\u00edk\u016f (jen veden\u00ed plemenn\u00fdch knih se v klubu neuchytilo). K syst\u00e9mu t\u00e9to<br>\u010dinnosti je vhodn\u00e9 p\u0159i\u0159adit i motiva\u010dn\u00ed prvky pro chovatele \u2013 sout\u011b\u017ee a vyhodnocen\u00ed nejlep\u0161\u00edch<br>chovatel\u016f. Z\u00e1kladem jsou v\u0161ak speci\u00e1ln\u00ed v\u00fdstavy \u2013 a v\u016fbec nejz\u00e1kladn\u011bj\u0161\u00ed je motivovat chovatele<br>k \u00fa\u010dasti na nich \u2013 mus\u00ed chovatele opravdu zaj\u00edmat a bavit.<br>M\u00e1me p\u0159ed sebou 40. ro\u010dn\u00edk speci\u00e1ln\u00ed v\u00fdstavy, proto tedy stru\u010dn\u00e1 rekapitulace. Prvn\u00ed klubov\u00e1<br>expozice prob\u011bhla v listopadu 1967 na v\u00fdstavi\u0161ti v Ostrav\u011b, zde bylo p\u0159edvedeno 30 Fs.<br>V sedmdes\u00e1t\u00fdch letech prob\u011bhly speci\u00e1lky v \u00davalech za \u00fa\u010dasti 80 a\u017e 140 kr\u00e1l\u00edk\u016f, v Pla\u010dic\u00edch 1981<br>bylo vystaveno 139 ks a v roce 1982 ji\u017e t\u00e9m\u011b\u0159 200. Ur\u010dit\u00fdm mezn\u00edkem byla speci\u00e1ln\u00ed v\u00fdstava v Rudn\u00e9<br>u Prahy v roce 1983 s t\u00e9m\u011b\u0159 \u010dty\u0159mi sty vystaven\u00fdch Velk\u00fdch sv\u011btl\u00fdch st\u0159\u00edb\u0159it\u00fdch.<br>Od roku 1984 n\u00e1sledovalo 10 ro\u010dn\u00edk\u016f v Chocni \u2013 nejpo\u010detn\u011bj\u0161\u00ed byl rok 1986, kdy se do choce\u0148sk\u00e9<br>haly \u201eve\u0161lo\u201c 533 kr\u00e1l\u00edk\u016f Vss. V roce 1996 speci\u00e1lky p\u0159em\u00edstily do Pla\u010dic u Hradce Kr\u00e1lov\u00e9 ji\u017e 12<br>ro\u010dn\u00edk\u016f je mo\u017eno pova\u017eovat zejm\u00e9na z\u00e1sluhou chovatel\u016f-po\u0159adatel\u016f \u010dlen\u016f klubu z okol\u00ed Hradce<br>Kr\u00e1lov\u00e9 za \u00factyhodnou \u0159adu \u2013 nejpo\u010detn\u011bj\u0161\u00ed byla v\u00fdstava v letech 1998 a 1999 &#8211; to bylo vystaveno<br>v\u017edy p\u0159es 600 Velk\u00fdch sv\u011btl\u00fdch st\u0159\u00edb\u0159it\u00fdch. Nyn\u00ed je to ji\u017e po dev\u00e1t\u00e9! V T\u00fdni\u0161ti nad Orlic\u00ed \u2013 po\u010dty st\u00e1le<br>dosahuj\u00ed k 500 Vss, v r\u00e1mci t\u011bchto speci\u00e1lek se da\u0159\u00ed rozv\u00edjet i spolupr\u00e1ci s bratrsk\u00fdm Klubem<br>slovensk\u00fdch chovatel\u016f Vss.<br>V letech 1982-83 bylo zapo\u010dato s liniovou plemenitbou zalo\u017een\u00edm lini\u00ed 20 a\u017e 22, ka\u017edoro\u010dn\u011b jsou<br>po ne\u00fasp\u011b\u0161n\u011bj\u0161\u00edch plemen\u00edc\u00edch zakl\u00e1d\u00e1ny nov\u00e9 linie, star\u00e9 jak je p\u0159irozen\u00e9, zanikaj\u00ed. V sou\u010dasn\u00e9 dob\u011b<br>je ustanoveno a registrov\u00e1no 16 lini\u00ed. P\u0159ehled v\u0161ech lini\u00ed je rovn\u011b\u017e d\u00e1le v p\u0159ehledu.<br>Typizace byla u chovn\u00fdch Fs v klubu zavedena od roku 1976, p\u016fvodn\u011b v podob\u011b popisu<br>jednotliv\u00fdch pozic standardu (A, T, S, B, P), od roku 1988 popisem jednotliv\u00fdch nejv\u00fdznamn\u011bj\u0161\u00edch<br>znak\u016f exteri\u00e9ru \u2013 hlavy, k\u016f\u017ee na p\u0159edn\u00ed partii, h\u0159betu, mohutnost t\u011bla, utv\u00e1\u0159en\u00ed u\u0161\u00ed, p\u0159edn\u00edch kon\u010detin,<br>srst, odst\u00ednu st\u0159\u00edb\u0159itosti, stejnom\u011brnosti st\u0159\u00edb\u0159itosti, peskov\u00e1n\u00ed, barvy podsady na h\u0159bet\u011b a zvl\u00e1\u0161\u0165 na<br>spodn\u00ed partii t\u011bla.<br>Mezn\u00edkem chovu je datum 1. 7. 1982 &#8211; nov\u00fd vzorn\u00edk opou\u0161t\u00ed n\u00e1zev Francouzsk\u00fd st\u0159\u00edb\u0159it\u00fd a zav\u00e1d\u00ed<br>Velk\u00e9ho sv\u011btl\u00e9ho st\u0159\u00edb\u0159it\u00e9ho, co\u017e se samoz\u0159ejm\u011b neobe\u0161lo bez komplikac\u00ed a diskus\u00ed z nich\u017e n\u011bkter\u00e9<br>v podstat\u011b p\u0159etrv\u00e1vaj\u00ed dodnes \u2013 p\u00e1r obr\u00e1zk\u016f s koment\u00e1\u0159em je rovn\u011b\u017e sou\u010d\u00e1st\u00ed t\u00e9to bro\u017eurky.<br>V\u00fdznamn\u00fdmi mezn\u00edky byly i Evropsk\u00e9 v\u00fdstavy Brno 1998 a Praha 2004, kde jsme se rozhodn\u011b<br>neztratili- na obou z\u016fstal jeden \u0161ampion \u201edoma\u201c \u2013 v roce 1998 za samici (R. Jedli\u010dka) a 2004 za samce<br>(M.Martinec).<br>Od roku 1987 uv\u00e1d\u00edme v katalogu speci\u00e1ln\u00ed v\u00fdstavy p\u016fvody t\u0159\u00ed\u010dlenn\u00fdch kolekc\u00ed a je zalo\u017eena<br>mistrovsk\u00e1 sout\u011b\u017e (Mistr klubu) \u2013 vyhodnocen\u00ed dvou t\u0159\u00ed\u010dlenn\u00fdch nep\u0159\u00edbuzn\u00fdch kolekc\u00ed.<br>Od roku 1992 vyhodnocujeme \u0160ampion\u00e1t plemen\u00edk\u016f Vss \u2013 vyhodnocen\u00ed plemen\u00edka podle dvou<br>kolekc\u00ed potomstva. Jestli\u017ee je v t\u00e9to sout\u011b\u017ei vyhodnoceno po\u0159ad\u00ed t\u0159iceti chovn\u00fdch samc\u016f \u2013 plemen\u00edk\u016f,<br>pak to sv\u011bd\u010d\u00ed o v\u00fdznamu takov\u00e9 sout\u011b\u017ee.<br>V roce 1993 byla zalo\u017eena sout\u011b\u017e Liga klubu vyhodnocovan\u00e9 ve dvoulet\u00fdch intervalech, do kter\u00e9<br>jsou zapo\u010d\u00edt\u00e1v\u00e1ny v\u00fdsledky z vyjmenovan\u00fdch celost\u00e1tn\u00edch n\u00e1rodn\u00edch a speci\u00e1ln\u00edch v\u00fdstav (p\u0159\u00edpadn\u011b<br>evropsk\u00fdch) \u2013 v\u017edy 15 nejlep\u0161\u00edch v\u00fdsledk\u016f, nejv\u00edce v\u0161ak 5 kr\u00e1l\u00edk\u016f z jednotliv\u00e9 v\u00fdstavy, po\u0159ad\u00ed<br>slou\u017eilo i pro rozhodov\u00e1n\u00ed v\u00fdboru klubu k doporu\u010den\u00ed na kontrolovan\u00e9 (K a P) chovy.<br>Pro chovatele je na ka\u017ed\u00e9 v\u00fdstav\u011b nejatraktivn\u011bj\u0161\u00ed vyhodnocen\u00ed nejlep\u0161\u00edch zv\u00ed\u0159at a nejlep\u0161\u00edch<br>kolekc\u00ed. Pro jejich kvalifikovan\u00fd, p\u0159ehledn\u00fd (a tak\u00e9 nezaujat\u00fd, co objektivn\u011bj\u0161\u00ed) v\u00fdb\u011br je zpracov\u00e1n a<br>vyhl\u00e1\u0161en systematick\u00fd postup, proto\u017ee zodpov\u011bdn\u011b vybrat z p\u011bti nebo \u0161esti set zv\u00ed\u0159at opravdu ta<br>nejkvalitn\u011bj\u0161\u00ed je pro posuzovatele opravdu slo\u017eit\u00fd \u00fakol. V\u00fdb\u011br nejlep\u0161\u00edch samc\u016f i kr\u00e1lic a vyhl\u00e1\u0161en\u00ed<br>\u0161ampi\u00f3n\u016f je pak skute\u010dn\u00fdm vrcholem speci\u00e1lky.<br>Klubov\u00e9 ro\u010denky jsou souhrnem v\u0161eho podstatn\u00e9ho, vyd\u00e1v\u00e1ny jsou od r. 1980 jako zdroj informac\u00ed,<br>ale i inspirace, maj\u00ed svou aktu\u00e1ln\u00ed i pam\u011btnickou hodnotu (a to plat\u00ed i pro katalogy na\u0161ich speci\u00e1ln\u00edch<br>v\u00fdstav).<br>Klubov\u00e1 pr\u00e1ce v\u010dera dnes a z\u00edtra je p\u0159edev\u0161\u00edm spole\u010dnou prac\u00ed p\u0159i \u0161lecht\u011bn\u00ed Vss, spoluprac\u00ed i soupe\u0159en\u00edm s c\u00edlem odchovu st\u00e1le kr\u00e1sn\u011bj\u0161\u00edch zv\u00ed\u0159at, spole\u010dn\u00fdm \u00fasil\u00edm na spole\u010dn\u00e9m kon\u00ed\u010dku. Zda se n\u00e1m to v Klubu skute\u010dn\u011b da\u0159\u00ed ponech\u00e1m na \u010dten\u00e1\u0159i, i ve v\u00fdboru klubu bychom na\u0161li p\u0159\u00edklady, kter\u00e9 jsme mohli zvl\u00e1dat jinak, l\u00e9pe, nebo na co zkr\u00e1tka nezbyl \u010das.<br>\u010cas let\u00ed, lid\u00e9 p\u0159ich\u00e1zej\u00ed a odch\u00e1zej\u00ed, doby se m\u011bn\u00ed i podm\u00ednky pro na\u0161e chovatelstv\u00ed se m\u011bn\u00ed \u2013 ale ne<br>v\u017edy negativn\u00edm sm\u011brem \u2013 o \u010dem\u017e sv\u011bd\u010d\u00ed nap\u0159. po\u010det importovan\u00fdch zv\u00ed\u0159at mezi rodi\u010di<br>vystavovan\u00fdch kr\u00e1l\u00edk\u016f. V\u017edy v\u0161ak bude z\u00e1le\u017eet p\u0159edev\u0161\u00edm na z\u00e1jmu a nad\u0161en\u00ed pro n\u00e1\u0161 kon\u00ed\u010dek, jemu\u017e<br>v\u011bnujeme \u010das, um, p\u00edli i prost\u0159edky. P\u0159es probl\u00e9my kter\u00e9 p\u0159in\u00e1\u0161\u00ed doba je za \u010dleny klubu obrovsk\u00fd kus<br>pr\u00e1ce \u2013 stabiln\u00ed prost\u0159ed\u00ed pro chovatelsk\u00fd pokrok, v\u00fdstavy a sout\u011b\u017ee, ust\u00e1len\u00fd syst\u00e9m vyhodnocov\u00e1n\u00ed<br>nejlep\u0161\u00edch zv\u00ed\u0159at a nej\u00fasp\u011b\u0161n\u011bj\u0161\u00edch chovatel\u016f podporuj\u00edc\u00ed z\u00e1jem chovatel\u016f na \u010dinnosti klubu je trvalou<br>hodnotou i do budoucnosti.<br>Na z\u00e1v\u011br chci pod\u011bkovat v\u0161em chovatel\u016fm a funkcion\u00e1\u0159\u016fm klubu za jejich pr\u00e1ci a pop\u0159\u00e1t v\u0161em<br>hodn\u011b spokojenosti a chovatelsk\u00fdch \u00fasp\u011bch\u016f do dal\u0161\u00edch let spole\u010dn\u00e9 \u010dinnosti.<br>Co je ale nejd\u016fle\u017eit\u011bj\u0161\u00ed? \u017de u\u017e te\u010f jsou mezi n\u00e1mi n\u00e1sledovn\u00edci, kte\u0159\u00ed (pokud vydr\u017e\u00ed a budou cht\u00edt)<br>budou hodnotit klubovou pr\u00e1ci a \u00farove\u0148 Velk\u00fdch sv\u011btl\u00fdch st\u0159\u00edb\u0159it\u00fdch za dal\u0161\u00edch 10, 20 nebo 50 let.<\/p>\n\n\n\n<p><br>dr. Miloslav Martinec<\/p>\n","protected":false},"excerpt":{"rendered":"<p>\u2026 a l\u00e9ta b\u011b\u017e\u00ed v\u00e1\u017een\u00ed aneb na \u00favod vzpom\u00ednkov\u00e9ho \u201ealmanachu\u201c \u017de \u010das let\u00ed n\u00e1m nezadr\u017eiteln\u011b p\u0159ipom\u00edn\u00e1 leto\u0161n\u00ed 50. v\u00fdro\u010d\u00ed zalo\u017een\u00ed Klubu chovatel\u016f kr\u00e1l\u00edk\u016f Vss ashodou okolnost\u00ed i kulat\u00e9 po\u0159adov\u00e9 \u010d\u00edslo 40. speci\u00e1ln\u00ed v\u00fdstavy \u201ena\u0161ich\u201c Velk\u00fdch sv\u011btl\u00fdch st\u0159\u00edb\u0159it\u00fdch.Velk\u00fd sv\u011btl\u00fd st\u0159\u00edb\u0159it\u00fd pat\u0159\u00ed dlouhodob\u011b k nejobl\u00edben\u011bj\u0161\u00edm plemen\u016fm kr\u00e1l\u00edk\u016f u n\u00e1s \u2013 pro ilustraciv minul\u00e9m roce byl Vss nejpo\u010detn\u011bji &hellip; <\/p>\n<p><a class=\"more-link btn\" href=\"https:\/\/klubvss.cz\/?page_id=42\">Pokra\u010dovat ve \u010dten\u00ed<\/a><\/p>\n","protected":false},"author":1,"featured_media":0,"parent":13,"menu_order":-9,"comment_status":"closed","ping_status":"closed","template":"","meta":{"ngg_post_thumbnail":0,"footnotes":""},"class_list":["post-42","page","type-page","status-publish","hentry","nodate","item-wrap"],"_links":{"self":[{"href":"https:\/\/klubvss.cz\/index.php?rest_route=\/wp\/v2\/pages\/42","targetHints":{"allow":["GET"]}}],"collection":[{"href":"https:\/\/klubvss.cz\/index.php?rest_route=\/wp\/v2\/pages"}],"about":[{"href":"https:\/\/klubvss.cz\/index.php?rest_route=\/wp\/v2\/types\/page"}],"author":[{"embeddable":true,"href":"https:\/\/klubvss.cz\/index.php?rest_route=\/wp\/v2\/users\/1"}],"replies":[{"embeddable":true,"href":"https:\/\/klubvss.cz\/index.php?rest_route=%2Fwp%2Fv2%2Fcomments&post=42"}],"version-history":[{"count":3,"href":"https:\/\/klubvss.cz\/index.php?rest_route=\/wp\/v2\/pages\/42\/revisions"}],"predecessor-version":[{"id":166,"href":"https:\/\/klubvss.cz\/index.php?rest_route=\/wp\/v2\/pages\/42\/revisions\/166"}],"up":[{"embeddable":true,"href":"https:\/\/klubvss.cz\/index.php?rest_route=\/wp\/v2\/pages\/13"}],"wp:attachment":[{"href":"https:\/\/klubvss.cz\/index.php?rest_route=%2Fwp%2Fv2%2Fmedia&parent=42"}],"curies":[{"name":"wp","href":"https:\/\/api.w.org\/{rel}","templated":true}]}}