{"id":44,"date":"2025-05-20T21:37:30","date_gmt":"2025-05-20T19:37:30","guid":{"rendered":"https:\/\/klubvss.cz\/?page_id=44"},"modified":"2025-09-28T20:26:14","modified_gmt":"2025-09-28T18:26:14","slug":"clenstvi-v-klubu","status":"publish","type":"page","link":"https:\/\/klubvss.cz\/?page_id=44","title":{"rendered":"\u010clenstv\u00ed v klubu"},"content":{"rendered":"\n<p><strong>Podm\u00ednky \u010dlenstv\u00ed v klubu<\/strong><\/p>\n\n\n\n<p><br>\u010clenstv\u00ed v Klubu je dobrovoln\u00e9, podm\u00ednky \u010dlenstv\u00ed jsou d\u00e1ny Stanovami \u010cSCH a Organiza\u010dn\u00edm \u0159\u00e1dem sekce chovatel\u016f kr\u00e1l\u00edk\u016f \u010cSCH.<br>Pro informovanost nov\u00fdch \u010dlen\u016f Klubu chovatel\u016f kr\u00e1l\u00edk\u016f Velk\u00fdch sv\u011btl\u00fdch st\u0159\u00edb\u0159it\u00fdch uv\u00e1d\u00edme tyto podm\u00ednky:<\/p>\n\n\n\n<ul class=\"wp-block-list\">\n<li>\u010clenem Klubu chovatel\u016f kr\u00e1l\u00edk\u016f Vss se m\u016f\u017ee st\u00e1t chovatel kr\u00e1l\u00edk\u016f Vss, kter\u00fd je \u010dlenem n\u011bkter\u00e9 ZO \u010cSCH, kr\u00e1l\u00edky Vss chov\u00e1 nejm\u00e9n\u011b 3 roky a dosahuje dobr\u00fdch v\u00fdsledk\u016f v chovu a na v\u00fdstav\u00e1ch<\/li>\n\n\n\n<li>Minim\u00e1ln\u00ed stav chovn\u00fdch kr\u00e1l\u00edk\u016f 1,3 (doporu\u010dujeme 2,4)<\/li>\n\n\n\n<li>P\u0159ihl\u00e1\u0161ka do Klubu mus\u00ed b\u00fdt doporu\u010dena ZO \u010cSCH, ve kter\u00e9 je \u010dlen Klubu povinen nad\u00e1le pracovat<\/li>\n\n\n\n<li>\u010clenem Klubu maj\u00ed b\u00fdt chovatel\u00e9, kte\u0159\u00ed si chov Vss obl\u00edbili a jsou ochotni spolupracovat na zu\u0161lech\u0165ov\u00e1n\u00ed a roz\u0161i\u0159ov\u00e1n\u00ed tohoto plemene<\/li>\n\n\n\n<li>\u010clensk\u00fd p\u0159\u00edsp\u011bvek je stanoven v\u00fdborem Klubu a jeho v\u010dasn\u00e9 zaplacen\u00ed je podm\u00ednkou \u010dlenstv\u00ed v Klubu<\/li>\n\n\n\n<li>\u010clenem Klubu se st\u00e1v\u00e1 chovatel dod\u00e1n\u00edm p\u0159ihl\u00e1\u0161ky s\u00a0doporu\u010den\u00edm ZO \u010cSCH, zaplacen\u00edm \u010dlensk\u00e9ho p\u0159\u00edsp\u011bvku a schv\u00e1len\u00edm v\u00fdborem Klubu. O \u010dlenstv\u00ed v Klubu se nevyd\u00e1vaj\u00ed \u017e\u00e1dn\u00e9 legitimace, je veden v datab\u00e1zi \u010dlen\u016f Klubu<\/li>\n<\/ul>\n\n\n\n<p><\/p>\n\n\n\n<ul class=\"wp-block-list\">\n<li><strong>\u010clenov\u00e9 Klubu maj\u00ed pr\u00e1vo:<\/strong><br>-volit a b\u00fdt volen do org\u00e1n\u016f Klubu<br>-pou\u017e\u00edvat v\u0161ech v\u00fdhod poskytovan\u00fdch Klubem, pokud pln\u00ed ur\u010den\u00e9 podm\u00ednky pro ud\u011blen\u00ed t\u011bchto v\u00fdhod<br>-pod\u00e1vat n\u00e1vrhy, p\u0159ipom\u00ednky dotazy a st\u00ed\u017enosti org\u00e1n\u016fm Klubu<br>-\u00fa\u010dastnit se \u010dlensk\u00fdch sch\u016fz\u00ed a po\u017eadovat zpr\u00e1vy o \u010dinnosti org\u00e1n\u016f Klubu<br>-z\u00fa\u010dastnit se v\u0161ech akc\u00ed po\u0159\u00e1dan\u00fdch Klubem a dost\u00e1vat informa\u010dn\u00ed materi\u00e1ly vydan\u00e9 zdarma<br>-registrovat ml\u00e1\u010fata kr\u00e1l\u00edk\u016f Vss u klubov\u00e9ho registr\u00e1tora<br>-\u017e\u00e1dat o uzn\u00e1n\u00ed P chovu, pokud spl\u0148uje p\u0159edpoklady k uzn\u00e1n\u00ed kontrolovan\u00e9ho chovu ur\u010den\u00e9<br>vyu\u017e\u00edvat liniov\u00e9 plemenitby, a to i po zaveden\u00ed nov\u00e9ho registra\u010dn\u00edho \u0159\u00e1du (v\u00a0rodokmenech bude linie nad\u00e1le vedena)<\/li>\n<\/ul>\n\n\n\n<p><\/p>\n\n\n\n<ul class=\"wp-block-list\">\n<li><strong>\u010clenov\u00e9 Klubu maj\u00ed povinnost:<\/strong><br>-zaplatit ve stanoven\u00e9 lh\u016ft\u011b ro\u010dn\u00ed \u010dlensk\u00fd p\u0159\u00edsp\u011bvek, a to v\u017edy na rok n\u00e1sleduj\u00edc\u00ed<br>-pod\u00edlet se na \u010dinnosti Klubu, dodr\u017eovat \u010dlenskou k\u00e1ze\u0148 a plnit usnesen\u00ed org\u00e1n\u016f Klubu<br>-nad\u00e1le aktivn\u011b pracovat ve sv\u00e9 ZO \u010cSCH<br>-registrovat ml\u00e1\u010fata Vss v Klubu a v\u00e9st evidenci chovn\u00fdch zv\u00ed\u0159at<br>-aktivn\u011b se z\u00fa\u010dast\u0148ovat klubov\u00fdch sch\u016fz\u00ed, v\u00fdstav a jin\u00fdch akc\u00ed po\u0159\u00e1dan\u00fdch<br>klubem<br>-prohlubovat sv\u00e9 odborn\u00e9 v\u011bdomosti, odeb\u00edrat odbornou literaturu a \u010dasopisy<br>-ve sv\u00fdch chovech b\u00fdt p\u0159\u00edkladem ostatn\u00edm chovatel\u016fm, dodr\u017eovat z\u00e1sady hygieny chovu, \u017eivotn\u00edho prost\u0159ed\u00ed, v\u00fd\u017eivy a o\u0161et\u0159ov\u00e1n\u00ed zv\u00ed\u0159at<br>-hl\u00e1sit okam\u017eit\u011b V\u00fdboru klubu v\u0161echny zm\u011bny, kter\u00e9 souvis\u00ed se \u010dlenstv\u00edm v Klubu (zm\u011bny adresy, vystoupen\u00ed, ne\u00fa\u010dast na sch\u016fz\u00edch, v\u00fdstav\u00e1ch a registraci, p\u0159\u00edpadn\u011b v\u00e1\u017en\u00e9 chovatelsk\u00e9 probl\u00e9my)<\/li>\n<\/ul>\n\n\n\n<p><\/p>\n\n\n\n<ul class=\"wp-block-list\">\n<li><strong>Org\u00e1ny Klubu jsou:<\/strong><br>-\u010dlensk\u00e1 sch\u016fze Klubu<br>-v\u00fdbor Klubu<br>-kontroln\u00ed a revizn\u00ed komise Klubu<\/li>\n<\/ul>\n","protected":false},"excerpt":{"rendered":"<p>Podm\u00ednky \u010dlenstv\u00ed v klubu \u010clenstv\u00ed v Klubu je dobrovoln\u00e9, podm\u00ednky \u010dlenstv\u00ed jsou d\u00e1ny Stanovami \u010cSCH a Organiza\u010dn\u00edm \u0159\u00e1dem sekce chovatel\u016f kr\u00e1l\u00edk\u016f \u010cSCH.Pro informovanost nov\u00fdch \u010dlen\u016f Klubu chovatel\u016f kr\u00e1l\u00edk\u016f Velk\u00fdch sv\u011btl\u00fdch st\u0159\u00edb\u0159it\u00fdch uv\u00e1d\u00edme tyto podm\u00ednky:<\/p>\n","protected":false},"author":1,"featured_media":0,"parent":13,"menu_order":-8,"comment_status":"closed","ping_status":"closed","template":"","meta":{"ngg_post_thumbnail":0,"footnotes":""},"class_list":["post-44","page","type-page","status-publish","hentry","nodate","item-wrap"],"_links":{"self":[{"href":"https:\/\/klubvss.cz\/index.php?rest_route=\/wp\/v2\/pages\/44","targetHints":{"allow":["GET"]}}],"collection":[{"href":"https:\/\/klubvss.cz\/index.php?rest_route=\/wp\/v2\/pages"}],"about":[{"href":"https:\/\/klubvss.cz\/index.php?rest_route=\/wp\/v2\/types\/page"}],"author":[{"embeddable":true,"href":"https:\/\/klubvss.cz\/index.php?rest_route=\/wp\/v2\/users\/1"}],"replies":[{"embeddable":true,"href":"https:\/\/klubvss.cz\/index.php?rest_route=%2Fwp%2Fv2%2Fcomments&post=44"}],"version-history":[{"count":3,"href":"https:\/\/klubvss.cz\/index.php?rest_route=\/wp\/v2\/pages\/44\/revisions"}],"predecessor-version":[{"id":602,"href":"https:\/\/klubvss.cz\/index.php?rest_route=\/wp\/v2\/pages\/44\/revisions\/602"}],"up":[{"embeddable":true,"href":"https:\/\/klubvss.cz\/index.php?rest_route=\/wp\/v2\/pages\/13"}],"wp:attachment":[{"href":"https:\/\/klubvss.cz\/index.php?rest_route=%2Fwp%2Fv2%2Fmedia&parent=44"}],"curies":[{"name":"wp","href":"https:\/\/api.w.org\/{rel}","templated":true}]}}