{"id":48,"date":"2025-05-20T21:39:30","date_gmt":"2025-05-20T19:39:30","guid":{"rendered":"https:\/\/klubvss.cz\/?page_id=48"},"modified":"2025-09-28T19:55:15","modified_gmt":"2025-09-28T17:55:15","slug":"prihlaska-do-klubu","status":"publish","type":"page","link":"https:\/\/klubvss.cz\/?page_id=48","title":{"rendered":"P\u0159ihl\u00e1\u0161ka do klubu"},"content":{"rendered":"\n<div data-wp-interactive=\"core\/file\" class=\"wp-block-file\"><object data-wp-bind--hidden=\"!state.hasPdfPreview\" hidden class=\"wp-block-file__embed\" data=\"https:\/\/klubvss.cz\/wp-content\/uploads\/2025\/09\/PrihlaskaKlubVSS-1.pdf\" type=\"application\/pdf\" style=\"width:100%;height:600px\" aria-label=\"Vlo\u017eit z PrihlaskaKlubVSS (1).\"><\/object><a id=\"wp-block-file--media-f439dc77-2491-4de1-b622-eafec5f06495\" href=\"https:\/\/klubvss.cz\/wp-content\/uploads\/2025\/09\/PrihlaskaKlubVSS-1.pdf\">PrihlaskaKlubVSS (1)<\/a><a href=\"https:\/\/klubvss.cz\/wp-content\/uploads\/2025\/09\/PrihlaskaKlubVSS-1.pdf\" class=\"wp-block-file__button wp-element-button\" download aria-describedby=\"wp-block-file--media-f439dc77-2491-4de1-b622-eafec5f06495\">St\u00e1hnout<\/a><\/div>\n","protected":false},"excerpt":{"rendered":"","protected":false},"author":1,"featured_media":0,"parent":44,"menu_order":0,"comment_status":"closed","ping_status":"closed","template":"","meta":{"ngg_post_thumbnail":0,"footnotes":""},"class_list":["post-48","page","type-page","status-publish","hentry","nodate","item-wrap"],"_links":{"self":[{"href":"https:\/\/klubvss.cz\/index.php?rest_route=\/wp\/v2\/pages\/48","targetHints":{"allow":["GET"]}}],"collection":[{"href":"https:\/\/klubvss.cz\/index.php?rest_route=\/wp\/v2\/pages"}],"about":[{"href":"https:\/\/klubvss.cz\/index.php?rest_route=\/wp\/v2\/types\/page"}],"author":[{"embeddable":true,"href":"https:\/\/klubvss.cz\/index.php?rest_route=\/wp\/v2\/users\/1"}],"replies":[{"embeddable":true,"href":"https:\/\/klubvss.cz\/index.php?rest_route=%2Fwp%2Fv2%2Fcomments&post=48"}],"version-history":[{"count":2,"href":"https:\/\/klubvss.cz\/index.php?rest_route=\/wp\/v2\/pages\/48\/revisions"}],"predecessor-version":[{"id":599,"href":"https:\/\/klubvss.cz\/index.php?rest_route=\/wp\/v2\/pages\/48\/revisions\/599"}],"up":[{"embeddable":true,"href":"https:\/\/klubvss.cz\/index.php?rest_route=\/wp\/v2\/pages\/44"}],"wp:attachment":[{"href":"https:\/\/klubvss.cz\/index.php?rest_route=%2Fwp%2Fv2%2Fmedia&parent=48"}],"curies":[{"name":"wp","href":"https:\/\/api.w.org\/{rel}","templated":true}]}}