{"id":603,"date":"2025-09-28T20:21:08","date_gmt":"2025-09-28T18:21:08","guid":{"rendered":"https:\/\/klubvss.cz\/?page_id=603"},"modified":"2025-11-17T19:48:48","modified_gmt":"2025-11-17T18:48:48","slug":"pravidla-pro-vyhodnoceni-soutezi","status":"publish","type":"page","link":"https:\/\/klubvss.cz\/?page_id=603","title":{"rendered":"Pravidla pro vyhodnocen\u00ed sout\u011b\u017e\u00ed"},"content":{"rendered":"\n<p><strong>Vyhodnocuj\u00ed se n\u00e1sleduj\u00edc\u00ed sout\u011b\u017ee:<\/strong><\/p>\n\n\n\n<ul class=\"wp-block-list\">\n<li><strong>Mistrovstv\u00ed Klubu chovatel\u016f Vss<\/strong>: dv\u011b t\u0159\u00ed\u010dlenn\u00e9 kolekce po r\u016fzn\u00fdch samc\u00edch<\/li>\n\n\n\n<li><strong>\u0160ampi\u00f3n plemen\u00edk\u016f<\/strong>: dv\u011b t\u0159\u00ed\u010dlenn\u00e9 kolekce po jednom samci<\/li>\n\n\n\n<li><strong>Nejlep\u0161\u00ed kolekce<\/strong>: vyhodnocuj\u00ed se 3 nejlep\u0161\u00ed kolekce<\/li>\n\n\n\n<li><strong>Nejlep\u0161\u00ed samci<\/strong>: vyhodnocuj\u00ed se 3 nejlep\u0161\u00ed samci<\/li>\n\n\n\n<li><strong>Nejlep\u0161\u00ed samice<\/strong>: vyhodnocuj\u00ed se 3 nejlep\u0161\u00ed samice<\/li>\n\n\n\n<li><strong>Nejlep\u0161\u00ed kolekce mlad\u00fdch kr\u00e1l\u00edk\u016f<\/strong>: vyhodnocuje se v\u00edt\u011bzn\u00e1 kolekce<\/li>\n\n\n\n<li><strong>Nejlep\u0161\u00ed mlad\u00fd samec<\/strong>: vyhodnocuje se v\u00edt\u011bz<\/li>\n\n\n\n<li><strong>Nejlep\u0161\u00ed mlad\u00e1 samice<\/strong>: vyhodnocuje se v\u00edt\u011bzka<\/li>\n\n\n\n<li>Za dal\u0161\u00ed kvalitn\u00ed jednotlivce se ud\u011bluj\u00ed \u010destn\u00e9 ceny.<\/li>\n<\/ul>\n\n\n\n<p>Sout\u011b\u017en\u00ed kolekce jsou t\u0159\u00ed\u010dlenn\u00e9.<\/p>\n\n\n\n<p>Po\u0159ad\u00ed nejlep\u0161\u00edch samc\u016f a samic stanovuj\u00ed posuzovatel\u00e9.<br>Sout\u011b\u017ee Mistrovstv\u00ed klubu a \u0160ampion\u00e1t plemen\u00edk\u016f vyhodnocuj\u00ed ur\u010den\u00ed \u010dlenov\u00e9 Klubu Vss.<br>Nejlep\u0161\u00ed kolekce vyhodnocuj\u00ed rovn\u011b\u017e ur\u010den\u00ed pracovn\u00edci Klubu, v&nbsp;p\u0159\u00edpad\u011b rovnosti krit\u00e9rii pro ur\u010den\u00ed po\u0159ad\u00ed kolekc\u00ed rozhodnou o po\u0159ad\u00ed posuzovatel\u00e9.<br>\u010cestn\u00e9 ceny ud\u011bluj\u00ed posuzovatel\u00e9, p\u0159\u00edpadn\u011b posuzovatel\u00e9 po dohod\u011b s&nbsp;po\u0159adateli Klubu (viz. n\u00ed\u017ee)<\/p>\n\n\n\n<p><strong>Krit\u00e9ria sout\u011b\u017e\u00ed mistrovstv\u00ed Klubu chovatel\u016f Vss a \u0161ampion\u00e1t plemen\u00edk\u016f:<\/strong><br>-sou\u010det bod\u016f dvou nejlep\u0161\u00edch kolekc\u00ed<br>P\u0159i rovnosti bod\u016f rozhoduj\u00ed o po\u0159ad\u00ed krit\u00e9ria v&nbsp;n\u00e1sleduj\u00edc\u00edm po\u0159ad\u00ed:<br>-l\u00e9pe ocen\u011bn\u00e1 t\u0159et\u00ed, p\u0159\u00edp. \u010dtvrt\u00e1 a dal\u0161\u00ed kolekce<br>-l\u00e9pe ocen\u011bn\u00e1 kolekce ze dvou vyhodnocen\u00fdch<br>-kolekce um\u00edst\u011bn\u00e1 na 1.-3. m\u00edst\u011b v&nbsp;sout\u011b\u017e\u00ed kolekc\u00ed<br>-v kolekci je zv\u00ed\u0159e(zv\u00ed\u0159ata) na prvn\u00edm a\u017e t\u0159et\u00edm m\u00edst\u011b v&nbsp;po\u0159ad\u00ed jednotlivc\u016f<\/p>\n\n\n\n<p>-vy\u0161\u0161\u00ed bodov\u00e9 hodnocen\u00ed jednotlivc\u016f v&nbsp;obou sout\u011b\u017en\u00edch kolekc\u00edch<\/p>\n\n\n\n<p><strong>Krit\u00e9ria pro vyhodnocen\u00ed po\u0159ad\u00ed t\u0159\u00ed nejlep\u0161\u00edch kolekc\u00ed:<\/strong><br>-po\u010det bod\u016f kolekce<br>P\u0159i rovnosti bod\u016f rozhoduj\u00ed o po\u0159ad\u00ed krit\u00e9ria v&nbsp;n\u00e1sleduj\u00edc\u00edm po\u0159ad\u00ed:<br>-nejl\u00e9pe hodnocen\u00fd jednotlivec v&nbsp;kolekci<\/p>\n\n\n\n<p>-v&nbsp;kolekci je zv\u00ed\u0159e na 1.-3. m\u00edst\u011b v&nbsp;po\u0159ad\u00ed jednotlivc\u016f<br>-druh\u00fd nejl\u00e9pe hodnocen\u00fd kr\u00e1l\u00edk v&nbsp;kolekci<br>V&nbsp;p\u0159\u00edpad\u011b rovnosti bod\u016f a ostatn\u00edch krit\u00e9rii rozhodnou o po\u0159ad\u00ed posuzovatel\u00e9 v\u00fdstavy p\u0159\u00edp. Klubu<\/p>\n\n\n\n<p><strong>Krit\u00e9ria pro vyhodnocov\u00e1n\u00ed kategorie mlad\u00fdch kr\u00e1l\u00edk\u016f jsou obdobn\u00e1 jen jsou omezena za\u0159azen\u00edm zv\u00ed\u0159ete do kategorie ml\u00e1\u010fat.<\/strong><\/p>\n\n\n\n<p><strong>Ud\u011blen\u00ed \u010destn\u00fdch cen a v\u00fdb\u011br nejlep\u0161\u00edch samc\u016f a samic:<\/strong><br>1, Ka\u017ed\u00fd posuzovatel ud\u011bl\u00ed podle sv\u00e9ho vlastn\u00edho uv\u00e1\u017een\u00ed nejv\u00fd\u0161e 4 \u010destn\u00e9 ceny (po\u010det \u010cC na posuzovatele ur\u010d\u00ed p\u0159ed posuzov\u00e1n\u00edm po\u0159adatel v\u00fdstavy), co\u017e ozna\u010d\u00ed na posuzovac\u00ed l\u00edstky<\/p>\n\n\n\n<p>2, Z&nbsp;nejlep\u0161\u00edch zv\u00ed\u0159at posuzovatel\u00e9 spole\u010dn\u011b vyberou a ur\u010d\u00ed po\u0159ad\u00ed t\u0159ech nejlep\u0161\u00edch samc\u016f a samic. Po\u010det zv\u00ed\u0159at, je\u017e se budou \u00fa\u010dastnit \u201erozst\u0159elu\u201c ur\u010d\u00ed po\u0159adatel v&nbsp;z\u00e1vislosti na po\u010dtu vystaven\u00fdch zv\u00ed\u0159at na speci\u00e1lce.<br>V\u00fdb\u011br bude proveden na stole \u2013 odd\u011blen\u011b samci a samice. Ka\u017ed\u00e9mu zv\u00ed\u0159eti dan\u00e9ho pohlav\u00ed bude p\u0159id\u011bleno po\u0159adov\u00e9 \u010d\u00edslo po\u010d\u00ednaje jedni\u010dkou. Po\u0159adatel\u00e9 provedou vyhodnocen\u00ed po\u010dtu nominac\u00ed a vy\u0159ad\u00ed kr\u00e1l\u00edky s&nbsp;nejmen\u0161\u00edm po\u010dtem hlas\u016f. V&nbsp;p\u0159\u00edpad\u011b pot\u0159eby m\u016f\u017ee obdobn\u011b n\u00e1sledovat druh\u00e9 kolo hodnocen\u00ed tak, aby z\u016fstaly nejlep\u0161\u00ed 3 zv\u00ed\u0159ata. U t\u011bchto t\u0159ech zv\u00ed\u0159at pak ka\u017ed\u00fd posuzovatel stanov\u00ed po\u0159ad\u00ed jedna a\u017e t\u0159i. Kone\u010dn\u00e9 po\u0159ad\u00ed se stanov\u00ed na z\u00e1klad\u011b sou\u010dtu p\u0159\u00edslu\u0161n\u00fdch d\u00edl\u010d\u00edch po\u0159ad\u00ed jednotliv\u00fdch posuzovatel\u016f (nejlep\u0161\u00ed zv\u00ed\u0159e m\u00e1 nejni\u017e\u0161\u00ed sou\u010det po\u0159ad\u00ed). V p\u0159\u00edpad\u011b shody bod\u016f ur\u010d\u00ed po\u0159ad\u00ed posuzovatel\u00e9 dohodou.<br>V\u00fdbor Klubu doporu\u010duje, aby po\u0159ad\u00ed nejlep\u0161\u00edch samc\u016f a samic odpov\u00eddalo bodov\u00e9 hodnocen\u00ed p\u0159\u00edslu\u0161n\u00e9ho po\u0159ad\u00ed (tj. sestupn\u00e9 a shodn\u00e9 bodov\u00e9 hodnocen\u00ed). Posouzen\u00ed je ukon\u010deno odevzd\u00e1n\u00edm kone\u010dn\u00fdch v\u00fdsledk\u016f v\u010detn\u011b po\u0159ad\u00ed nejlep\u0161\u00edch samc\u016f a samic<\/p>\n\n\n\n<p>3, Jednu \u010destnou cenu mohou ud\u011blit posuzovatel\u00e9 na doporu\u010den\u00ed a po dohod\u011b s&nbsp;po\u0159adateli Klubu.<\/p>\n\n\n\n<p><strong>Rozpis cen<\/strong>:<\/p>\n\n\n\n<p>Mistr klubu 1.- 5. m\u00edsto<br>\u0160ampion\u00e1t plemen\u00edk\u016f 1.-3. m\u00edsto<br>Nejlep\u0161\u00ed samci 1.-3.m\u00edsto<br>Nejlep\u0161\u00ed samice 1.-3. m\u00edsto<br>Nejlep\u0161\u00ed kolekce 1.-3.m\u00edsto<br>Nejlep\u0161\u00ed kolekce ml\u00e1\u010fat 1.m\u00edsto<br>Nejlep\u0161\u00ed samec mlad\u00fdch kr\u00e1l\u00edk\u016f 1.m\u00edsto<br>Nejlep\u0161\u00ed samice mlad\u00fdch kr\u00e1l\u00edk\u016f 1.m\u00edsto<\/p>\n\n\n\n<p>V\u00fdbor klubu, p\u0159\u00edp. jeho z\u00e1stupce, stanov\u00ed v\u00fdb\u011br poh\u00e1r\u016f a p\u0159\u00edp. jejich z\u00e1m\u011bnu s&nbsp;jin\u00fdmi cenami podle nab\u00eddky a cen na trhu.<\/p>\n\n\n\n<p>Jednotliv\u00fd chovatel m\u016f\u017ee za ud\u011blen\u00e9 \u010destn\u00e9 ceny z\u00edskat maxim\u00e1ln\u011b dv\u011b plakety, pokud v\u0161ak z\u00edskat poh\u00e1r \u010di jinou cenu nebo v\u00edce poh\u00e1r\u016f a cen v&nbsp;ostatn\u00edch sout\u011b\u017e\u00edch speci\u00e1ln\u00ed v\u00fdstavy, obdr\u017e\u00ed za \u010destn\u00e9 ceny pouze jednu plaketu.<\/p>\n\n\n\n<figure class=\"wp-block-image size-full\"><img loading=\"lazy\" decoding=\"async\" width=\"2048\" height=\"1536\" src=\"https:\/\/klubvss.cz\/wp-content\/uploads\/2025\/09\/GABI0268-1.jpg\" alt=\"\" class=\"wp-image-573\"\/><\/figure>\n","protected":false},"excerpt":{"rendered":"<p>Vyhodnocuj\u00ed se n\u00e1sleduj\u00edc\u00ed sout\u011b\u017ee: Sout\u011b\u017en\u00ed kolekce jsou t\u0159\u00ed\u010dlenn\u00e9. Po\u0159ad\u00ed nejlep\u0161\u00edch samc\u016f a samic stanovuj\u00ed posuzovatel\u00e9.Sout\u011b\u017ee Mistrovstv\u00ed klubu a \u0160ampion\u00e1t plemen\u00edk\u016f vyhodnocuj\u00ed ur\u010den\u00ed \u010dlenov\u00e9 Klubu Vss.Nejlep\u0161\u00ed kolekce vyhodnocuj\u00ed rovn\u011b\u017e ur\u010den\u00ed pracovn\u00edci Klubu, v&nbsp;p\u0159\u00edpad\u011b rovnosti krit\u00e9rii pro ur\u010den\u00ed po\u0159ad\u00ed kolekc\u00ed rozhodnou o po\u0159ad\u00ed posuzovatel\u00e9.\u010cestn\u00e9 ceny ud\u011bluj\u00ed posuzovatel\u00e9, p\u0159\u00edpadn\u011b posuzovatel\u00e9 po dohod\u011b s&nbsp;po\u0159adateli Klubu (viz. n\u00ed\u017ee) Krit\u00e9ria sout\u011b\u017e\u00ed &hellip; <\/p>\n<p><a class=\"more-link btn\" href=\"https:\/\/klubvss.cz\/?page_id=603\">Pokra\u010dovat ve \u010dten\u00ed<\/a><\/p>\n","protected":false},"author":1,"featured_media":0,"parent":54,"menu_order":-6,"comment_status":"closed","ping_status":"closed","template":"","meta":{"ngg_post_thumbnail":0,"footnotes":""},"class_list":["post-603","page","type-page","status-publish","hentry","nodate","item-wrap"],"_links":{"self":[{"href":"https:\/\/klubvss.cz\/index.php?rest_route=\/wp\/v2\/pages\/603","targetHints":{"allow":["GET"]}}],"collection":[{"href":"https:\/\/klubvss.cz\/index.php?rest_route=\/wp\/v2\/pages"}],"about":[{"href":"https:\/\/klubvss.cz\/index.php?rest_route=\/wp\/v2\/types\/page"}],"author":[{"embeddable":true,"href":"https:\/\/klubvss.cz\/index.php?rest_route=\/wp\/v2\/users\/1"}],"replies":[{"embeddable":true,"href":"https:\/\/klubvss.cz\/index.php?rest_route=%2Fwp%2Fv2%2Fcomments&post=603"}],"version-history":[{"count":3,"href":"https:\/\/klubvss.cz\/index.php?rest_route=\/wp\/v2\/pages\/603\/revisions"}],"predecessor-version":[{"id":1123,"href":"https:\/\/klubvss.cz\/index.php?rest_route=\/wp\/v2\/pages\/603\/revisions\/1123"}],"up":[{"embeddable":true,"href":"https:\/\/klubvss.cz\/index.php?rest_route=\/wp\/v2\/pages\/54"}],"wp:attachment":[{"href":"https:\/\/klubvss.cz\/index.php?rest_route=%2Fwp%2Fv2%2Fmedia&parent=603"}],"curies":[{"name":"wp","href":"https:\/\/api.w.org\/{rel}","templated":true}]}}