{"id":605,"date":"2025-09-28T20:21:41","date_gmt":"2025-09-28T18:21:41","guid":{"rendered":"https:\/\/klubvss.cz\/?page_id=605"},"modified":"2025-09-28T21:24:19","modified_gmt":"2025-09-28T19:24:19","slug":"pravidla-pro-zalozeni-nove-linie","status":"publish","type":"page","link":"https:\/\/klubvss.cz\/?page_id=605","title":{"rendered":"Pravidla pro zalo\u017een\u00ed nov\u00e9 linie"},"content":{"rendered":"\n<p><\/p>\n\n\n\n<ul class=\"wp-block-list\">\n<li>Hlavn\u00edm krit\u00e9riem pro zalo\u017een\u00ed nov\u00e9 linie je um\u00edst\u011bn\u00ed do p\u00e1t\u00e9ho m\u00edsta v&nbsp;sout\u011b\u017ei \u0160ampi\u00f3n plemen\u00edk\u016f a nesm\u00ed b\u00fdt p\u0159\u00edbuzn\u00fd v\u016f\u010di ji\u017e zaveden\u00e9 linii.<\/li>\n\n\n\n<li>O zalo\u017een\u00ed linie po\u017e\u00e1d\u00e1 chovatel, p\u0159edlo\u017e\u00ed rodokmen kr\u00e1l\u00edka(p\u016fvod), ocen\u011bn\u00ed, typizaci, fotografii pro zve\u0159ejn\u011bn\u00ed, kr\u00e1tk\u00fd popis samce. P\u0159i dovozu ze&nbsp;SRN sta\u010d\u00ed v p\u016fvodu rodi\u010de samce.<\/li>\n\n\n\n<li>V\u00fdbor m\u016f\u017ee na z\u00e1klad\u011b \u017e\u00e1dosti rozhodnout o zalo\u017een\u00ed nov\u00e9 linie i bez \u00fa\u010dasti uveden\u00e9ho plemen\u00edka na speci\u00e1ln\u00ed v\u00fdstav\u011b. V\u017edy je nutn\u00e9, aby chovatel p\u0159edlo\u017eil v\u00fdsledky potomk\u016f na jin\u00fdch v\u00fdstav\u00e1ch (CV, CVMK, apod.). Typizace se m\u016f\u017ee prov\u00e9st na speci\u00e1ln\u00ed v\u00fdstav\u011b p\u0159\u00edpadn\u011b na sch\u016fzi v\u00fdboru.<\/li>\n\n\n\n<li>Po spln\u011bn\u00ed v\u0161ech t\u011bchto podm\u00ednek je mo\u017en\u00e9 zalo\u017eit linii.<\/li>\n\n\n\n<li>Chovatel se o linii star\u00e1 a pod\u00edl\u00ed se na \u00fasp\u011b\u0161n\u00fdch odchovech a p\u0159ednostn\u00edm \u0161\u00ed\u0159en\u00edm kvalitn\u00edho potomstva mezi \u010dleny klubu.<\/li>\n<\/ul>\n\n\n\n<figure class=\"wp-block-image size-full\"><img loading=\"lazy\" decoding=\"async\" width=\"4628\" height=\"3085\" src=\"https:\/\/klubvss.cz\/wp-content\/uploads\/2025\/09\/IMG_3611.jpg\" alt=\"\" class=\"wp-image-528\"\/><\/figure>\n","protected":false},"excerpt":{"rendered":"","protected":false},"author":1,"featured_media":0,"parent":13,"menu_order":-5,"comment_status":"closed","ping_status":"closed","template":"","meta":{"ngg_post_thumbnail":0,"footnotes":""},"class_list":["post-605","page","type-page","status-publish","hentry","nodate","item-wrap"],"_links":{"self":[{"href":"https:\/\/klubvss.cz\/index.php?rest_route=\/wp\/v2\/pages\/605","targetHints":{"allow":["GET"]}}],"collection":[{"href":"https:\/\/klubvss.cz\/index.php?rest_route=\/wp\/v2\/pages"}],"about":[{"href":"https:\/\/klubvss.cz\/index.php?rest_route=\/wp\/v2\/types\/page"}],"author":[{"embeddable":true,"href":"https:\/\/klubvss.cz\/index.php?rest_route=\/wp\/v2\/users\/1"}],"replies":[{"embeddable":true,"href":"https:\/\/klubvss.cz\/index.php?rest_route=%2Fwp%2Fv2%2Fcomments&post=605"}],"version-history":[{"count":5,"href":"https:\/\/klubvss.cz\/index.php?rest_route=\/wp\/v2\/pages\/605\/revisions"}],"predecessor-version":[{"id":614,"href":"https:\/\/klubvss.cz\/index.php?rest_route=\/wp\/v2\/pages\/605\/revisions\/614"}],"up":[{"embeddable":true,"href":"https:\/\/klubvss.cz\/index.php?rest_route=\/wp\/v2\/pages\/13"}],"wp:attachment":[{"href":"https:\/\/klubvss.cz\/index.php?rest_route=%2Fwp%2Fv2%2Fmedia&parent=605"}],"curies":[{"name":"wp","href":"https:\/\/api.w.org\/{rel}","templated":true}]}}