{"id":676,"date":"2025-09-28T22:21:15","date_gmt":"2025-09-28T20:21:15","guid":{"rendered":"https:\/\/klubvss.cz\/?page_id=676"},"modified":"2025-11-17T18:42:23","modified_gmt":"2025-11-17T17:42:23","slug":"33-specialni-vystava2010-2","status":"publish","type":"page","link":"https:\/\/klubvss.cz\/?page_id=676","title":{"rendered":"33. speci\u00e1ln\u00ed v\u00fdstava-2010"},"content":{"rendered":"\n<figure class=\"wp-block-gallery has-nested-images columns-default is-cropped wp-block-gallery-1 is-layout-flex wp-block-gallery-is-layout-flex\">\n<figure class=\"wp-block-image size-large\"><img loading=\"lazy\" decoding=\"async\" width=\"300\" height=\"225\" data-id=\"677\" src=\"https:\/\/klubvss.cz\/wp-content\/uploads\/2025\/09\/Vyber8-300x225-1.jpg\" alt=\"\" class=\"wp-image-677\"\/><\/figure>\n\n\n\n<figure class=\"wp-block-image size-large\"><img loading=\"lazy\" decoding=\"async\" width=\"300\" height=\"225\" data-id=\"678\" src=\"https:\/\/klubvss.cz\/wp-content\/uploads\/2025\/09\/Vyber7-300x225-1.jpg\" alt=\"\" class=\"wp-image-678\"\/><\/figure>\n\n\n\n<figure class=\"wp-block-image size-large\"><img loading=\"lazy\" decoding=\"async\" width=\"300\" height=\"225\" data-id=\"679\" src=\"https:\/\/klubvss.cz\/wp-content\/uploads\/2025\/09\/Vyber6-300x225-1.jpg\" alt=\"\" class=\"wp-image-679\"\/><\/figure>\n\n\n\n<figure class=\"wp-block-image size-large\"><img loading=\"lazy\" decoding=\"async\" width=\"300\" height=\"225\" data-id=\"680\" src=\"https:\/\/klubvss.cz\/wp-content\/uploads\/2025\/09\/Vyber5-300x225-1.jpg\" alt=\"\" class=\"wp-image-680\"\/><\/figure>\n\n\n\n<figure class=\"wp-block-image size-large\"><img loading=\"lazy\" decoding=\"async\" width=\"300\" height=\"225\" data-id=\"681\" src=\"https:\/\/klubvss.cz\/wp-content\/uploads\/2025\/09\/Vyber4-300x225-1.jpg\" alt=\"\" class=\"wp-image-681\"\/><\/figure>\n\n\n\n<figure class=\"wp-block-image size-large\"><img loading=\"lazy\" decoding=\"async\" width=\"300\" height=\"225\" data-id=\"682\" src=\"https:\/\/klubvss.cz\/wp-content\/uploads\/2025\/09\/Vyber3-300x225-1.jpg\" alt=\"\" class=\"wp-image-682\"\/><\/figure>\n\n\n\n<figure class=\"wp-block-image size-large\"><img loading=\"lazy\" decoding=\"async\" width=\"300\" height=\"225\" data-id=\"683\" src=\"https:\/\/klubvss.cz\/wp-content\/uploads\/2025\/09\/Vyber2-300x225-1.jpg\" alt=\"\" class=\"wp-image-683\"\/><\/figure>\n\n\n\n<figure class=\"wp-block-image size-large\"><img loading=\"lazy\" decoding=\"async\" width=\"300\" height=\"225\" data-id=\"684\" src=\"https:\/\/klubvss.cz\/wp-content\/uploads\/2025\/09\/Vyber1-300x225-1.jpg\" alt=\"\" class=\"wp-image-684\"\/><\/figure>\n\n\n\n<figure class=\"wp-block-image size-large\"><img loading=\"lazy\" decoding=\"async\" width=\"300\" height=\"225\" data-id=\"685\" src=\"https:\/\/klubvss.cz\/wp-content\/uploads\/2025\/09\/Priprava7-300x225-1.jpg\" alt=\"\" class=\"wp-image-685\"\/><\/figure>\n\n\n\n<figure class=\"wp-block-image size-large\"><img loading=\"lazy\" decoding=\"async\" width=\"300\" height=\"225\" data-id=\"686\" src=\"https:\/\/klubvss.cz\/wp-content\/uploads\/2025\/09\/Priprava6-300x225-1.jpg\" alt=\"\" class=\"wp-image-686\"\/><\/figure>\n\n\n\n<figure class=\"wp-block-image size-large\"><img loading=\"lazy\" decoding=\"async\" width=\"300\" height=\"225\" data-id=\"687\" src=\"https:\/\/klubvss.cz\/wp-content\/uploads\/2025\/09\/Priprava5-300x225-1.jpg\" alt=\"\" class=\"wp-image-687\"\/><\/figure>\n\n\n\n<figure class=\"wp-block-image size-large\"><img loading=\"lazy\" decoding=\"async\" width=\"300\" height=\"225\" data-id=\"688\" src=\"https:\/\/klubvss.cz\/wp-content\/uploads\/2025\/09\/Priprava4-300x225-1.jpg\" alt=\"\" class=\"wp-image-688\"\/><\/figure>\n\n\n\n<figure class=\"wp-block-image size-large\"><img loading=\"lazy\" decoding=\"async\" width=\"300\" height=\"225\" data-id=\"689\" src=\"https:\/\/klubvss.cz\/wp-content\/uploads\/2025\/09\/Priprava3-300x225-1.jpg\" alt=\"\" class=\"wp-image-689\"\/><\/figure>\n\n\n\n<figure class=\"wp-block-image size-large\"><img loading=\"lazy\" decoding=\"async\" width=\"300\" height=\"225\" data-id=\"690\" src=\"https:\/\/klubvss.cz\/wp-content\/uploads\/2025\/09\/Priprava2-300x225-1.jpg\" alt=\"\" class=\"wp-image-690\"\/><\/figure>\n\n\n\n<figure class=\"wp-block-image size-large\"><img loading=\"lazy\" decoding=\"async\" width=\"300\" height=\"225\" data-id=\"691\" src=\"https:\/\/klubvss.cz\/wp-content\/uploads\/2025\/09\/Priprava1-300x225-1.jpg\" alt=\"\" class=\"wp-image-691\"\/><\/figure>\n<\/figure>\n","protected":false},"excerpt":{"rendered":"","protected":false},"author":1,"featured_media":0,"parent":69,"menu_order":10,"comment_status":"closed","ping_status":"closed","template":"","meta":{"ngg_post_thumbnail":0,"footnotes":""},"class_list":["post-676","page","type-page","status-publish","hentry","nodate","item-wrap"],"_links":{"self":[{"href":"https:\/\/klubvss.cz\/index.php?rest_route=\/wp\/v2\/pages\/676","targetHints":{"allow":["GET"]}}],"collection":[{"href":"https:\/\/klubvss.cz\/index.php?rest_route=\/wp\/v2\/pages"}],"about":[{"href":"https:\/\/klubvss.cz\/index.php?rest_route=\/wp\/v2\/types\/page"}],"author":[{"embeddable":true,"href":"https:\/\/klubvss.cz\/index.php?rest_route=\/wp\/v2\/users\/1"}],"replies":[{"embeddable":true,"href":"https:\/\/klubvss.cz\/index.php?rest_route=%2Fwp%2Fv2%2Fcomments&post=676"}],"version-history":[{"count":2,"href":"https:\/\/klubvss.cz\/index.php?rest_route=\/wp\/v2\/pages\/676\/revisions"}],"predecessor-version":[{"id":693,"href":"https:\/\/klubvss.cz\/index.php?rest_route=\/wp\/v2\/pages\/676\/revisions\/693"}],"up":[{"embeddable":true,"href":"https:\/\/klubvss.cz\/index.php?rest_route=\/wp\/v2\/pages\/69"}],"wp:attachment":[{"href":"https:\/\/klubvss.cz\/index.php?rest_route=%2Fwp%2Fv2%2Fmedia&parent=676"}],"curies":[{"name":"wp","href":"https:\/\/api.w.org\/{rel}","templated":true}]}}