{"id":71,"date":"2025-05-20T21:52:30","date_gmt":"2025-05-20T19:52:30","guid":{"rendered":"https:\/\/klubvss.cz\/?page_id=71"},"modified":"2025-09-28T21:55:49","modified_gmt":"2025-09-28T19:55:49","slug":"importy","status":"publish","type":"page","link":"https:\/\/klubvss.cz\/?page_id=71","title":{"rendered":"Importy"},"content":{"rendered":"\n<p><\/p>\n\n\n\n<ul class=\"wp-block-list\">\n<li>samci:<\/li>\n<\/ul>\n\n\n\n<p><\/p>\n\n\n\n<figure class=\"wp-block-gallery has-nested-images columns-default is-cropped wp-block-gallery-1 is-layout-flex wp-block-gallery-is-layout-flex\">\n<figure class=\"wp-block-image size-large\"><img loading=\"lazy\" decoding=\"async\" width=\"300\" height=\"225\" data-id=\"616\" src=\"https:\/\/klubvss.cz\/wp-content\/uploads\/2025\/09\/T.Pinther-1.3.8S658-300x225-1.jpg\" alt=\"\" class=\"wp-image-616\"\/><\/figure>\n\n\n\n<figure class=\"wp-block-image size-large\"><img loading=\"lazy\" decoding=\"async\" width=\"300\" height=\"225\" data-id=\"617\" src=\"https:\/\/klubvss.cz\/wp-content\/uploads\/2025\/09\/W2_Ingo_Wensing_5.3.98-300x225-1.jpg\" alt=\"\" class=\"wp-image-617\"\/><\/figure>\n\n\n\n<figure class=\"wp-block-image size-large\"><img loading=\"lazy\" decoding=\"async\" width=\"800\" height=\"600\" data-id=\"618\" src=\"https:\/\/klubvss.cz\/wp-content\/uploads\/2025\/09\/F428_Bernd_Mossing_3.2.53.jpg\" alt=\"\" class=\"wp-image-618\"\/><\/figure>\n\n\n\n<figure class=\"wp-block-image size-large\"><img loading=\"lazy\" decoding=\"async\" width=\"300\" height=\"225\" data-id=\"619\" src=\"https:\/\/klubvss.cz\/wp-content\/uploads\/2025\/09\/Laumer-3.2.89-300x225-1.jpg\" alt=\"\" class=\"wp-image-619\"\/><\/figure>\n\n\n\n<figure class=\"wp-block-image size-large\"><img loading=\"lazy\" decoding=\"async\" width=\"300\" height=\"225\" data-id=\"620\" src=\"https:\/\/klubvss.cz\/wp-content\/uploads\/2025\/09\/H-Jendrna-300x225-1.jpg\" alt=\"\" class=\"wp-image-620\"\/><\/figure>\n\n\n\n<figure class=\"wp-block-image size-large\"><img loading=\"lazy\" decoding=\"async\" width=\"300\" height=\"225\" data-id=\"621\" src=\"https:\/\/klubvss.cz\/wp-content\/uploads\/2025\/09\/1.0.5-B753-Luber-Karl-300x225-1.jpg\" alt=\"\" class=\"wp-image-621\"\/><\/figure>\n\n\n\n<figure class=\"wp-block-image size-large\"><img loading=\"lazy\" decoding=\"async\" width=\"300\" height=\"225\" data-id=\"622\" src=\"https:\/\/klubvss.cz\/wp-content\/uploads\/2025\/09\/3.2.42-F66-Isermann-Albert-300x225-1.jpg\" alt=\"\" class=\"wp-image-622\"\/><\/figure>\n\n\n\n<figure class=\"wp-block-image size-large\"><img loading=\"lazy\" decoding=\"async\" width=\"300\" height=\"225\" data-id=\"623\" src=\"https:\/\/klubvss.cz\/wp-content\/uploads\/2025\/09\/Mossing-muj-300x225-1.jpg\" alt=\"\" class=\"wp-image-623\"\/><\/figure>\n\n\n\n<figure class=\"wp-block-image size-large\"><img loading=\"lazy\" decoding=\"async\" width=\"300\" height=\"225\" data-id=\"624\" src=\"https:\/\/klubvss.cz\/wp-content\/uploads\/2025\/09\/1.2.22-F-428-300x225-1.jpg\" alt=\"\" class=\"wp-image-624\"\/><\/figure>\n\n\n\n<figure class=\"wp-block-image size-large\"><img loading=\"lazy\" decoding=\"async\" width=\"300\" height=\"225\" data-id=\"625\" src=\"https:\/\/klubvss.cz\/wp-content\/uploads\/2025\/09\/2.1.31-B949-Porzelt-Sven-300x225-1.jpg\" alt=\"\" class=\"wp-image-625\"\/><\/figure>\n\n\n\n<figure class=\"wp-block-image size-large\"><img loading=\"lazy\" decoding=\"async\" width=\"300\" height=\"225\" data-id=\"626\" src=\"https:\/\/klubvss.cz\/wp-content\/uploads\/2025\/09\/B1169-5.1.17-Schmidt-300x225-1.jpg\" alt=\"\" class=\"wp-image-626\"\/><\/figure>\n\n\n\n<figure class=\"wp-block-image size-large\"><img loading=\"lazy\" decoding=\"async\" width=\"300\" height=\"225\" data-id=\"627\" src=\"https:\/\/klubvss.cz\/wp-content\/uploads\/2025\/09\/2.1.10-F541-M.Meier_-300x225-1.jpg\" alt=\"\" class=\"wp-image-627\"\/><\/figure>\n\n\n\n<figure class=\"wp-block-image size-large\"><img loading=\"lazy\" decoding=\"async\" width=\"300\" height=\"225\" data-id=\"628\" src=\"https:\/\/klubvss.cz\/wp-content\/uploads\/2025\/09\/2.1.7-F277-H.Lange_-300x225-1.jpg\" alt=\"\" class=\"wp-image-628\"\/><\/figure>\n\n\n\n<figure class=\"wp-block-image size-large\"><img loading=\"lazy\" decoding=\"async\" width=\"300\" height=\"225\" data-id=\"629\" src=\"https:\/\/klubvss.cz\/wp-content\/uploads\/2025\/09\/2.9.31-T628-W.Krannich-300x225-1.jpg\" alt=\"\" class=\"wp-image-629\"\/><\/figure>\n\n\n\n<figure class=\"wp-block-image size-large\"><img loading=\"lazy\" decoding=\"async\" width=\"300\" height=\"225\" data-id=\"630\" src=\"https:\/\/klubvss.cz\/wp-content\/uploads\/2025\/09\/1.8.29U-8-300x225-1.jpg\" alt=\"\" class=\"wp-image-630\"\/><\/figure>\n\n\n\n<figure class=\"wp-block-image size-large\"><img loading=\"lazy\" decoding=\"async\" width=\"300\" height=\"226\" data-id=\"631\" src=\"https:\/\/klubvss.cz\/wp-content\/uploads\/2025\/09\/3.9.2T228-300x226-1.jpg\" alt=\"\" class=\"wp-image-631\"\/><\/figure>\n\n\n\n<figure class=\"wp-block-image size-large\"><img loading=\"lazy\" decoding=\"async\" width=\"300\" height=\"250\" data-id=\"632\" src=\"https:\/\/klubvss.cz\/wp-content\/uploads\/2025\/09\/2.6.3B907-300x250-1.jpg\" alt=\"\" class=\"wp-image-632\"\/><\/figure>\n\n\n\n<figure class=\"wp-block-image size-large\"><img loading=\"lazy\" decoding=\"async\" width=\"300\" height=\"261\" data-id=\"633\" src=\"https:\/\/klubvss.cz\/wp-content\/uploads\/2025\/09\/2.7.25T494-300x261-1.jpg\" alt=\"\" class=\"wp-image-633\"\/><\/figure>\n\n\n\n<figure class=\"wp-block-image size-large\"><img loading=\"lazy\" decoding=\"async\" width=\"300\" height=\"266\" data-id=\"634\" src=\"https:\/\/klubvss.cz\/wp-content\/uploads\/2025\/09\/3.6.25B666-300x266-1.jpg\" alt=\"\" class=\"wp-image-634\"\/><\/figure>\n\n\n\n<figure class=\"wp-block-image size-large\"><img loading=\"lazy\" decoding=\"async\" width=\"300\" height=\"236\" data-id=\"635\" src=\"https:\/\/klubvss.cz\/wp-content\/uploads\/2025\/09\/3.6.57B666-300x236-1.jpg\" alt=\"\" class=\"wp-image-635\"\/><\/figure>\n\n\n\n<figure class=\"wp-block-image size-large\"><img loading=\"lazy\" decoding=\"async\" width=\"300\" height=\"228\" data-id=\"636\" src=\"https:\/\/klubvss.cz\/wp-content\/uploads\/2025\/09\/4.5.8B666-300x228-1.jpg\" alt=\"\" class=\"wp-image-636\"\/><\/figure>\n\n\n\n<figure class=\"wp-block-image size-large\"><img loading=\"lazy\" decoding=\"async\" width=\"300\" height=\"265\" data-id=\"637\" src=\"https:\/\/klubvss.cz\/wp-content\/uploads\/2025\/09\/3.8.71W92-300x265-1.jpg\" alt=\"\" class=\"wp-image-637\"\/><\/figure>\n\n\n\n<figure class=\"wp-block-image size-large\"><img loading=\"lazy\" decoding=\"async\" width=\"300\" height=\"225\" data-id=\"638\" src=\"https:\/\/klubvss.cz\/wp-content\/uploads\/2025\/09\/4.6.89T628-300x225-1.jpg\" alt=\"\" class=\"wp-image-638\"\/><\/figure>\n\n\n\n<figure class=\"wp-block-image size-large\"><img loading=\"lazy\" decoding=\"async\" width=\"2272\" height=\"1704\" data-id=\"639\" src=\"https:\/\/klubvss.cz\/wp-content\/uploads\/2025\/09\/10_4569_F121_Edwin_Marske.jpg\" alt=\"\" class=\"wp-image-639\"\/><\/figure>\n\n\n\n<figure class=\"wp-block-image size-large\"><img loading=\"lazy\" decoding=\"async\" width=\"2272\" height=\"1704\" data-id=\"640\" src=\"https:\/\/klubvss.cz\/wp-content\/uploads\/2025\/09\/10_155_F428_Mossing.jpg\" alt=\"\" class=\"wp-image-640\"\/><\/figure>\n\n\n\n<figure class=\"wp-block-image size-large\"><img loading=\"lazy\" decoding=\"async\" width=\"2272\" height=\"1704\" data-id=\"641\" src=\"https:\/\/klubvss.cz\/wp-content\/uploads\/2025\/09\/10_3417_F66_A_Isermann.jpg\" alt=\"\" class=\"wp-image-641\"\/><\/figure>\n\n\n\n<figure class=\"wp-block-image size-large\"><img loading=\"lazy\" decoding=\"async\" width=\"800\" height=\"600\" data-id=\"642\" src=\"https:\/\/klubvss.cz\/wp-content\/uploads\/2025\/09\/103464G40_Oswald_Daum.jpg\" alt=\"\" class=\"wp-image-642\"\/><\/figure>\n<\/figure>\n\n\n\n<p><\/p>\n\n\n\n<ul class=\"wp-block-list\">\n<li>samice:<\/li>\n<\/ul>\n\n\n\n<figure class=\"wp-block-gallery has-nested-images columns-default is-cropped wp-block-gallery-2 is-layout-flex wp-block-gallery-is-layout-flex\">\n<figure class=\"wp-block-image size-large\"><img loading=\"lazy\" decoding=\"async\" width=\"300\" height=\"225\" data-id=\"645\" src=\"https:\/\/klubvss.cz\/wp-content\/uploads\/2025\/09\/01447G236_Torsten_Thiel-300x225-1.jpg\" alt=\"\" class=\"wp-image-645\"\/><figcaption class=\"wp-element-caption\">0.1 4.4.7 G236 Torsten Thiel &#8211; Majitel Ji\u0159\u00ed \u0160ubr<\/figcaption><\/figure>\n\n\n\n<figure class=\"wp-block-image size-large\"><img loading=\"lazy\" decoding=\"async\" width=\"300\" height=\"225\" data-id=\"646\" src=\"https:\/\/klubvss.cz\/wp-content\/uploads\/2025\/09\/012435G796_Herbert_Schutze-300x225-1.jpg\" alt=\"\" class=\"wp-image-646\"\/><figcaption class=\"wp-element-caption\">0.1 2.4.35 G796 Herbert Schutze &#8211; Majitel Ji\u0159\u00ed \u0160ubr<\/figcaption><\/figure>\n\n\n\n<figure class=\"wp-block-image size-large\"><img loading=\"lazy\" decoding=\"async\" width=\"300\" height=\"225\" data-id=\"647\" src=\"https:\/\/klubvss.cz\/wp-content\/uploads\/2025\/09\/1.2.24-F428-Mossing-300x225-1.jpg\" alt=\"\" class=\"wp-image-647\"\/><figcaption class=\"wp-element-caption\">1.2.24 F428 &#8211; Chovatel Bernd Mossing &#8211; Majitel Ji\u0159\u00ed \u0160ubr<\/figcaption><\/figure>\n\n\n\n<figure class=\"wp-block-image size-large\"><img loading=\"lazy\" decoding=\"async\" width=\"300\" height=\"225\" data-id=\"648\" src=\"https:\/\/klubvss.cz\/wp-content\/uploads\/2025\/09\/1.2.18-F428-300x225-1.jpg\" alt=\"\" class=\"wp-image-648\"\/><figcaption class=\"wp-element-caption\">1.2.18 F428 &#8211; Chovatel Bernd Mossing &#8211; Majitel Petr Matou\u0161ek<\/figcaption><\/figure>\n\n\n\n<figure class=\"wp-block-image size-large\"><img loading=\"lazy\" decoding=\"async\" width=\"300\" height=\"225\" data-id=\"649\" src=\"https:\/\/klubvss.cz\/wp-content\/uploads\/2025\/09\/01-Heinrich-Jurgen-2.1.10-B1167-300x225-1.jpg\" alt=\"\" class=\"wp-image-649\"\/><figcaption class=\"wp-element-caption\">2.1.10 B1167 &#8211; Chovatel Jurgen Heinrich &#8211; Majitel Josef Kvasni\u010dka<\/figcaption><\/figure>\n\n\n\n<figure class=\"wp-block-image size-large\"><img loading=\"lazy\" decoding=\"async\" width=\"300\" height=\"283\" data-id=\"650\" src=\"https:\/\/klubvss.cz\/wp-content\/uploads\/2025\/09\/2.7.33T62-300x283-1.jpg\" alt=\"\" class=\"wp-image-650\"\/><figcaption class=\"wp-element-caption\">2.7.33 T62 &#8211; Chovatel J\u00fcrgen D\u00f6lle &#8211; Majitel Ji\u0159\u00ed \u0160ubr<\/figcaption><\/figure>\n\n\n\n<figure class=\"wp-block-image size-large\"><img loading=\"lazy\" decoding=\"async\" width=\"800\" height=\"600\" data-id=\"651\" src=\"https:\/\/klubvss.cz\/wp-content\/uploads\/2025\/09\/4571_Marske.jpg\" alt=\"\" class=\"wp-image-651\"\/><figcaption class=\"wp-element-caption\">4.5.71 F121 chovatel Edwin Marske majitel T. Andrle<\/figcaption><\/figure>\n\n\n\n<figure class=\"wp-block-image size-large\"><img loading=\"lazy\" decoding=\"async\" width=\"2272\" height=\"1704\" data-id=\"652\" src=\"https:\/\/klubvss.cz\/wp-content\/uploads\/2025\/09\/1527_Mossing.jpg\" alt=\"\" class=\"wp-image-652\"\/><figcaption class=\"wp-element-caption\">1.5.27 F428 chovatel Bernd Mossing majitel Tom\u00e1\u0161 Andrle<\/figcaption><\/figure>\n\n\n\n<figure class=\"wp-block-image size-large\"><img loading=\"lazy\" decoding=\"async\" width=\"2272\" height=\"1704\" data-id=\"653\" src=\"https:\/\/klubvss.cz\/wp-content\/uploads\/2025\/09\/01_255_G262_W_Hannemann.jpg\" alt=\"\" class=\"wp-image-653\"\/><figcaption class=\"wp-element-caption\">2.5.5 G262 chovatel Wilfried Hannemann<\/figcaption><\/figure>\n\n\n\n<figure class=\"wp-block-image size-large\"><img loading=\"lazy\" decoding=\"async\" width=\"2272\" height=\"1704\" data-id=\"654\" src=\"https:\/\/klubvss.cz\/wp-content\/uploads\/2025\/09\/01_15_15_F121_E_Marske.jpg\" alt=\"\" class=\"wp-image-654\"\/><figcaption class=\"wp-element-caption\">1.5.15 F121 chovatel Edwin Marske majitel \u0160ubr J.<\/figcaption><\/figure>\n<\/figure>\n","protected":false},"excerpt":{"rendered":"","protected":false},"author":1,"featured_media":0,"parent":19,"menu_order":-3,"comment_status":"closed","ping_status":"closed","template":"","meta":{"ngg_post_thumbnail":0,"footnotes":""},"class_list":["post-71","page","type-page","status-publish","hentry","nodate","item-wrap"],"_links":{"self":[{"href":"https:\/\/klubvss.cz\/index.php?rest_route=\/wp\/v2\/pages\/71","targetHints":{"allow":["GET"]}}],"collection":[{"href":"https:\/\/klubvss.cz\/index.php?rest_route=\/wp\/v2\/pages"}],"about":[{"href":"https:\/\/klubvss.cz\/index.php?rest_route=\/wp\/v2\/types\/page"}],"author":[{"embeddable":true,"href":"https:\/\/klubvss.cz\/index.php?rest_route=\/wp\/v2\/users\/1"}],"replies":[{"embeddable":true,"href":"https:\/\/klubvss.cz\/index.php?rest_route=%2Fwp%2Fv2%2Fcomments&post=71"}],"version-history":[{"count":3,"href":"https:\/\/klubvss.cz\/index.php?rest_route=\/wp\/v2\/pages\/71\/revisions"}],"predecessor-version":[{"id":655,"href":"https:\/\/klubvss.cz\/index.php?rest_route=\/wp\/v2\/pages\/71\/revisions\/655"}],"up":[{"embeddable":true,"href":"https:\/\/klubvss.cz\/index.php?rest_route=\/wp\/v2\/pages\/19"}],"wp:attachment":[{"href":"https:\/\/klubvss.cz\/index.php?rest_route=%2Fwp%2Fv2%2Fmedia&parent=71"}],"curies":[{"name":"wp","href":"https:\/\/api.w.org\/{rel}","templated":true}]}}