{"id":727,"date":"2025-10-02T21:27:50","date_gmt":"2025-10-02T19:27:50","guid":{"rendered":"https:\/\/klubvss.cz\/?page_id=727"},"modified":"2025-11-17T18:40:04","modified_gmt":"2025-11-17T17:40:04","slug":"38-specialni-vystava","status":"publish","type":"page","link":"https:\/\/klubvss.cz\/?page_id=727","title":{"rendered":"38. speci\u00e1ln\u00ed v\u00fdstava(2015)"},"content":{"rendered":"\n<div data-wp-interactive=\"core\/file\" class=\"wp-block-file\"><object data-wp-bind--hidden=\"!state.hasPdfPreview\" hidden class=\"wp-block-file__embed\" data=\"https:\/\/klubvss.cz\/wp-content\/uploads\/2025\/10\/Vss_2015_katalog.pdf\" type=\"application\/pdf\" style=\"width:100%;height:600px\" aria-label=\"Vlo\u017eit z Vss_2015_katalog.\"><\/object><a id=\"wp-block-file--media-c21618db-9e29-4286-9a06-204f21a0c5c1\" href=\"https:\/\/klubvss.cz\/wp-content\/uploads\/2025\/10\/Vss_2015_katalog.pdf\">Vss_2015_katalog<\/a><a href=\"https:\/\/klubvss.cz\/wp-content\/uploads\/2025\/10\/Vss_2015_katalog.pdf\" class=\"wp-block-file__button wp-element-button\" download aria-describedby=\"wp-block-file--media-c21618db-9e29-4286-9a06-204f21a0c5c1\">St\u00e1hnout<\/a><\/div>\n","protected":false},"excerpt":{"rendered":"","protected":false},"author":1,"featured_media":0,"parent":60,"menu_order":7,"comment_status":"closed","ping_status":"closed","template":"","meta":{"ngg_post_thumbnail":0,"footnotes":""},"class_list":["post-727","page","type-page","status-publish","hentry","nodate","item-wrap"],"_links":{"self":[{"href":"https:\/\/klubvss.cz\/index.php?rest_route=\/wp\/v2\/pages\/727","targetHints":{"allow":["GET"]}}],"collection":[{"href":"https:\/\/klubvss.cz\/index.php?rest_route=\/wp\/v2\/pages"}],"about":[{"href":"https:\/\/klubvss.cz\/index.php?rest_route=\/wp\/v2\/types\/page"}],"author":[{"embeddable":true,"href":"https:\/\/klubvss.cz\/index.php?rest_route=\/wp\/v2\/users\/1"}],"replies":[{"embeddable":true,"href":"https:\/\/klubvss.cz\/index.php?rest_route=%2Fwp%2Fv2%2Fcomments&post=727"}],"version-history":[{"count":3,"href":"https:\/\/klubvss.cz\/index.php?rest_route=\/wp\/v2\/pages\/727\/revisions"}],"predecessor-version":[{"id":785,"href":"https:\/\/klubvss.cz\/index.php?rest_route=\/wp\/v2\/pages\/727\/revisions\/785"}],"up":[{"embeddable":true,"href":"https:\/\/klubvss.cz\/index.php?rest_route=\/wp\/v2\/pages\/60"}],"wp:attachment":[{"href":"https:\/\/klubvss.cz\/index.php?rest_route=%2Fwp%2Fv2%2Fmedia&parent=727"}],"curies":[{"name":"wp","href":"https:\/\/api.w.org\/{rel}","templated":true}]}}