{"id":739,"date":"2025-10-02T21:31:12","date_gmt":"2025-10-02T19:31:12","guid":{"rendered":"https:\/\/klubvss.cz\/?page_id=739"},"modified":"2025-11-17T18:40:32","modified_gmt":"2025-11-17T17:40:32","slug":"46-specialni-vystava2023","status":"publish","type":"page","link":"https:\/\/klubvss.cz\/?page_id=739","title":{"rendered":"46. speci\u00e1ln\u00ed v\u00fdstava(2023)"},"content":{"rendered":"\n<div data-wp-interactive=\"core\/file\" class=\"wp-block-file\"><object data-wp-bind--hidden=\"!state.hasPdfPreview\" hidden class=\"wp-block-file__embed\" data=\"https:\/\/klubvss.cz\/wp-content\/uploads\/2025\/10\/Litomysl_2023_Vss_Katalog_nahled.pdf\" type=\"application\/pdf\" style=\"width:100%;height:600px\" aria-label=\"Vlo\u017eit z Litomysl_2023_Vss_Katalog_nahled.\"><\/object><a id=\"wp-block-file--media-f5484f89-74c8-4370-96d7-08020cff5543\" href=\"https:\/\/klubvss.cz\/wp-content\/uploads\/2025\/10\/Litomysl_2023_Vss_Katalog_nahled.pdf\">Litomysl_2023_Vss_Katalog_nahled<\/a><a href=\"https:\/\/klubvss.cz\/wp-content\/uploads\/2025\/10\/Litomysl_2023_Vss_Katalog_nahled.pdf\" class=\"wp-block-file__button wp-element-button\" download aria-describedby=\"wp-block-file--media-f5484f89-74c8-4370-96d7-08020cff5543\">St\u00e1hnout<\/a><\/div>\n","protected":false},"excerpt":{"rendered":"","protected":false},"author":1,"featured_media":0,"parent":60,"menu_order":2,"comment_status":"closed","ping_status":"closed","template":"","meta":{"ngg_post_thumbnail":0,"footnotes":""},"class_list":["post-739","page","type-page","status-publish","hentry","nodate","item-wrap"],"_links":{"self":[{"href":"https:\/\/klubvss.cz\/index.php?rest_route=\/wp\/v2\/pages\/739","targetHints":{"allow":["GET"]}}],"collection":[{"href":"https:\/\/klubvss.cz\/index.php?rest_route=\/wp\/v2\/pages"}],"about":[{"href":"https:\/\/klubvss.cz\/index.php?rest_route=\/wp\/v2\/types\/page"}],"author":[{"embeddable":true,"href":"https:\/\/klubvss.cz\/index.php?rest_route=\/wp\/v2\/users\/1"}],"replies":[{"embeddable":true,"href":"https:\/\/klubvss.cz\/index.php?rest_route=%2Fwp%2Fv2%2Fcomments&post=739"}],"version-history":[{"count":6,"href":"https:\/\/klubvss.cz\/index.php?rest_route=\/wp\/v2\/pages\/739\/revisions"}],"predecessor-version":[{"id":1034,"href":"https:\/\/klubvss.cz\/index.php?rest_route=\/wp\/v2\/pages\/739\/revisions\/1034"}],"up":[{"embeddable":true,"href":"https:\/\/klubvss.cz\/index.php?rest_route=\/wp\/v2\/pages\/60"}],"wp:attachment":[{"href":"https:\/\/klubvss.cz\/index.php?rest_route=%2Fwp%2Fv2%2Fmedia&parent=739"}],"curies":[{"name":"wp","href":"https:\/\/api.w.org\/{rel}","templated":true}]}}