{"id":741,"date":"2025-10-02T21:31:35","date_gmt":"2025-10-02T19:31:35","guid":{"rendered":"https:\/\/klubvss.cz\/?page_id=741"},"modified":"2025-11-17T18:40:37","modified_gmt":"2025-11-17T17:40:37","slug":"47-specialni-vystava2024","status":"publish","type":"page","link":"https:\/\/klubvss.cz\/?page_id=741","title":{"rendered":"47. speci\u00e1ln\u00ed v\u00fdstava(2024)"},"content":{"rendered":"\n<div class=\"wp-block-file\"><a id=\"wp-block-file--media-eded1dd4-f7fb-4efc-b400-f4bded0be866\" href=\"https:\/\/klubvss.cz\/wp-content\/uploads\/2025\/10\/Katalog-Vss-Litomysl-2024-1.xls\">Katalog-Vss-Litomy\u0161l-2024<\/a><a href=\"https:\/\/klubvss.cz\/wp-content\/uploads\/2025\/10\/Katalog-Vss-Litomysl-2024-1.xls\" class=\"wp-block-file__button wp-element-button\" download aria-describedby=\"wp-block-file--media-eded1dd4-f7fb-4efc-b400-f4bded0be866\">St\u00e1hnout<\/a><\/div>\n\n\n\n<figure class=\"wp-block-image size-full is-resized\"><img loading=\"lazy\" decoding=\"async\" width=\"724\" height=\"1024\" src=\"https:\/\/klubvss.cz\/wp-content\/uploads\/2025\/10\/01.jpg\" alt=\"\" class=\"wp-image-769\" style=\"width:750px;height:auto\"\/><\/figure>\n\n\n\n<figure class=\"wp-block-image size-full\"><img loading=\"lazy\" decoding=\"async\" width=\"724\" height=\"1024\" src=\"https:\/\/klubvss.cz\/wp-content\/uploads\/2025\/10\/02.jpg\" alt=\"\" class=\"wp-image-770\"\/><\/figure>\n","protected":false},"excerpt":{"rendered":"","protected":false},"author":1,"featured_media":0,"parent":60,"menu_order":1,"comment_status":"closed","ping_status":"closed","template":"","meta":{"ngg_post_thumbnail":0,"footnotes":""},"class_list":["post-741","page","type-page","status-publish","hentry","nodate","item-wrap"],"_links":{"self":[{"href":"https:\/\/klubvss.cz\/index.php?rest_route=\/wp\/v2\/pages\/741","targetHints":{"allow":["GET"]}}],"collection":[{"href":"https:\/\/klubvss.cz\/index.php?rest_route=\/wp\/v2\/pages"}],"about":[{"href":"https:\/\/klubvss.cz\/index.php?rest_route=\/wp\/v2\/types\/page"}],"author":[{"embeddable":true,"href":"https:\/\/klubvss.cz\/index.php?rest_route=\/wp\/v2\/users\/1"}],"replies":[{"embeddable":true,"href":"https:\/\/klubvss.cz\/index.php?rest_route=%2Fwp%2Fv2%2Fcomments&post=741"}],"version-history":[{"count":3,"href":"https:\/\/klubvss.cz\/index.php?rest_route=\/wp\/v2\/pages\/741\/revisions"}],"predecessor-version":[{"id":772,"href":"https:\/\/klubvss.cz\/index.php?rest_route=\/wp\/v2\/pages\/741\/revisions\/772"}],"up":[{"embeddable":true,"href":"https:\/\/klubvss.cz\/index.php?rest_route=\/wp\/v2\/pages\/60"}],"wp:attachment":[{"href":"https:\/\/klubvss.cz\/index.php?rest_route=%2Fwp%2Fv2%2Fmedia&parent=741"}],"curies":[{"name":"wp","href":"https:\/\/api.w.org\/{rel}","templated":true}]}}